{"id":5426,"date":"2021-08-09T15:55:53","date_gmt":"2021-08-09T13:55:53","guid":{"rendered":"https:\/\/openheim.org\/pl\/?page_id=5426"},"modified":"2021-08-09T15:55:53","modified_gmt":"2021-08-09T13:55:53","slug":"op_young-emilia-marcjasz","status":"publish","type":"page","link":"https:\/\/openheim.org\/pl\/op_young-emilia-marcjasz\/","title":{"rendered":"OP_Young | Emilia Marcjasz"},"content":{"rendered":"<p><strong>Emilia Marcjasz<\/strong> (ur. 1992 r., Wroc\u0142aw) &#8211; artystka, podr\u00f3\u017cniczka i instruktorka kajakarstwa. Absolwentka Akademii Sztuk Pi\u0119knych im. E. Gepperta we Wroc\u0142awiu na kierunku Sztuka i Wzornictwo Szk\u0142a oraz Akademii Wychowania Fizycznego. Pracuje ze szk\u0142em, metalem i ceramik\u0105. Jej dzie\u0142a by\u0142y prezentowane na wystawach zbiorowych m. in.: \u201eJunior Glass Ways\u201d (Huta Franciszek, Sazava, Czechy), \u201eMi\u0119dzynarodowym Biennale Szk\u0142a 2019\u201d (Sofia, Bu\u0142garia) oraz podczas wystawy indywidualnej \u201ePocz\u0105tek\u201d (Puckglas, Puck).<\/p>\n<p><strong>STATEMENT<\/strong><\/p>\n<p>W swojej praktyce artystycznej, Emilia Marcjasz inspiruje si\u0119 cykliczno\u015bci\u0105, przemijaniem i powtarzalno\u015bci\u0105 &#8211; co\u015b umiera, aby co\u015b innego mog\u0142o si\u0119 narodzi\u0107. Prace artystki cz\u0119sto s\u0105 pe\u0142ne melancholii, prowokuj\u0105 do filozoficznej dyskusji na temat sensu \u017cycia, czasu i relacji mi\u0119dzyludzkich. Rze\u017aby i instalacje cz\u0119sto maj\u0105 charakter konstrukcyjny i futurystyczny, kt\u00f3re przeplataj\u0105 si\u0119\u00a0 z elementami tradycyjnymi i ludowymi jak np. haft. Dwa z pozoru niepasuj\u0105ce do siebie style i tworz\u0105 pomost pomi\u0119dzy tym co by\u0142o i b\u0119dzie.<\/p>\n","protected":false},"excerpt":{"rendered":"<p>Emilia Marcjasz (ur. 1992 r., Wroc\u0142aw) &#8211; artystka, podr\u00f3\u017cniczka i instruktorka kajakarstwa. Absolwentka Akademii Sztuk Pi\u0119knych im. E. Gepperta we Wroc\u0142awiu na kierunku Sztuka i Wzornictwo Szk\u0142a oraz Akademii Wychowania Fizycznego. Pracuje ze szk\u0142em, metalem i ceramik\u0105. Jej dzie\u0142a by\u0142y prezentowane na wystawach zbiorowych m. in.: \u201eJunior Glass Ways\u201d (Huta Franciszek, Sazava, Czechy), \u201eMi\u0119dzynarodowym Biennale Szk\u0142a 2019\u201d (Sofia, Bu\u0142garia) oraz podczas wystawy indywidualnej \u201ePocz\u0105tek\u201d (Puckglas, Puck). STATEMENT W swojej praktyce&#8230;<\/p>\n","protected":false},"author":2,"featured_media":5371,"parent":0,"menu_order":60,"comment_status":"closed","ping_status":"closed","template":"","meta":{"_acf_changed":false,"footnotes":""},"class_list":["post-5426","page","type-page","status-publish","has-post-thumbnail","hentry"],"acf":[],"_links":{"self":[{"href":"https:\/\/openheim.org\/pl\/wp-json\/wp\/v2\/pages\/5426","targetHints":{"allow":["GET"]}}],"collection":[{"href":"https:\/\/openheim.org\/pl\/wp-json\/wp\/v2\/pages"}],"about":[{"href":"https:\/\/openheim.org\/pl\/wp-json\/wp\/v2\/types\/page"}],"author":[{"embeddable":true,"href":"https:\/\/openheim.org\/pl\/wp-json\/wp\/v2\/users\/2"}],"replies":[{"embeddable":true,"href":"https:\/\/openheim.org\/pl\/wp-json\/wp\/v2\/comments?post=5426"}],"version-history":[{"count":2,"href":"https:\/\/openheim.org\/pl\/wp-json\/wp\/v2\/pages\/5426\/revisions"}],"predecessor-version":[{"id":5448,"href":"https:\/\/openheim.org\/pl\/wp-json\/wp\/v2\/pages\/5426\/revisions\/5448"}],"wp:featuredmedia":[{"embeddable":true,"href":"https:\/\/openheim.org\/pl\/wp-json\/wp\/v2\/media\/5371"}],"wp:attachment":[{"href":"https:\/\/openheim.org\/pl\/wp-json\/wp\/v2\/media?parent=5426"}],"curies":[{"name":"wp","href":"https:\/\/api.w.org\/{rel}","templated":true}]}}