{"id":5480,"date":"2021-08-17T16:53:33","date_gmt":"2021-08-17T14:53:33","guid":{"rendered":"https:\/\/openheim.org\/en\/?page_id=5480"},"modified":"2021-09-06T15:40:54","modified_gmt":"2021-09-06T13:40:54","slug":"digital-residency-barbaragryka","status":"publish","type":"page","link":"https:\/\/openheim.org\/pl\/digital-residency-barbaragryka\/","title":{"rendered":"Digital Residency | Barbara Gryka"},"content":{"rendered":"<p>#digitalresidency<\/p>\n<p><span style=\"font-weight: 400;\"><strong>Barbara Gryka<\/strong> (ur. 1992 r., Pu\u0142awy, Polska) \u2013 absolwentka Akademii Sztuk Pi\u0119knych w Warszawie na Wydziale Nowych Medi\u00f3w. W swojej praktyce artystycznej zajmuje si\u0119 dzia\u0142aniami performatywnymi, wideo i fotografi\u0105. Interesuje si\u0119 rzeczywisto\u015bci\u0105 spo\u0142eczn\u0105. Od 2020 roku, wsp\u00f3lnie z Filipem Kijowskim, pracuje jako duet Tajskie Kwiatuszki. Mieszka w Lublinie, Ko\u0144skowoli, Warszawie.<\/span><\/p>\n<p><strong>Statement<\/strong><\/p>\n<p><span style=\"font-weight: 400;\">W swoich pracach artystycznych staram si\u0119 zach\u0119ci\u0107 ludzi do wsp\u00f3lnego dzia\u0142ania, jednoczenia si\u0119, bycia razem. Pracuj\u0119 z kontekstem lokalnym, odnajduj\u0119 elementy charakterystyczne dla danego miejsca. Interesuj\u0105 mnie kwestie to\u017csamo\u015bci i pami\u0119ci.\u00a0<\/span><span style=\"font-weight: 400;\">Nie szukam ich jednak w tym, co polityczne, publiczne \u2013 historii, pomnikach i wielkich narracjach \u2013 a w rzeczach mniejszych, bli\u017cszych cia\u0142u. To\u017csamo\u015b\u0107 sk\u0142ada si\u0119 dla mnie <\/span><span style=\"font-weight: 400;\">z rzeczy ma\u0142ych: tego co widz\u0119 przez okno, co jem i kto jest moim s\u0105siadem.<\/span><\/p>\n<p><strong>Projekt<\/strong><\/p>\n<p><span style=\"font-weight: 400;\">\u201eProjekt ten nawi\u0105zuje do tw\u00f3rczo\u015bci i \u017cycia grafika J\u00f3zefa Gielniaka \u017cyj\u0105cego w latach 1932\u20131972. By\u0142 on artyst\u0105 tworz\u0105cym w przymusowym odosobnieniu z powodu gru\u017alicy, na kt\u00f3r\u0105 przewlekle chorowa\u0142. Swoje \u017cycie sp\u0119dzi\u0142 w sanatorium w Bukowcu. W jednym ze swoich obszernych cykli pt. <em>Sanatorium<\/em>, artysta stworzy\u0142 prace przedstawiaj\u0105ce budynek, w kt\u00f3rym \u017cy\u0142. Wraz z up\u0142ywem czasu, przedstawienia tego miejsca stawa\u0142y si\u0119 coraz bardziej odrealnione. Przyroda otaczaj\u0105ca budynek sanatorium zdaje si\u0119 przejmowa\u0107 w\u0142adz\u0119 nad budynkiem, nienaturalnie obrasta\u0107 go, pokazuj\u0105c swoj\u0105 si\u0142\u0119. Artyst\u0119 rzadko odwiedzali inni ludzie w strachu przed gru\u017alic\u0105, by\u0142 on jednak wci\u0105\u017c czynny artystycznie, tworz\u0105c nieustannie nowe prace.<\/span><\/p>\n<p><span style=\"font-weight: 400;\">Dzisiaj mi r\u00f3wnie\u017c towarzyszy l\u0119k, jednak sytuacja, kt\u00f3ra nas zasta\u0142a, tyczy si\u0119 wszystkich ludzi, a nie jednostki. Boj\u0119 si\u0119 spotyka\u0107 z lud\u017ami tak samo, jak oni mog\u0105 ba\u0107 si\u0119 spotka\u0107 ze mn\u0105. Strach nie pozwala mi opu\u015bci\u0107 domu, gdy ju\u017c do tego dojdzie i widz\u0119 drug\u0105 osob\u0119, staram si\u0119 sta\u0107 jak najdalej, unikam kontaktu fizycznego, a nawet rozm\u00f3w. Projekt jest dzia\u0142aniem performatywnym, b\u0119dzie rejestrowany za pomoc\u0105 wideo i fotografii.<\/span><\/p>\n<p><span style=\"font-weight: 400;\">Podczas performansu, gesty, kt\u00f3re b\u0119d\u0119 wykonywa\u0107 &#8211; b\u0119d\u0105 opracowanym przez mnie wizualnym j\u0119zykiem, gdy\u017c nakrycia g\u0142owy, twarzy i cia\u0142a uniemo\u017cliwiaj\u0105 komunikacj\u0119 werbaln\u0105. Chcia\u0142am stworzy\u0107 wizj\u0119 wsp\u00f3\u0142czesnej spo\u0142eczno\u015bci, kt\u00f3ra z dost\u0119pnych w naturze materia\u0142 w chroni si\u0119 przed \u015bwiatem i skutkami cywilizacyjnych dzia\u0142a\u0144.\u201d<\/span><\/p>\n<p><strong>Portfolio<\/strong>:\u00a0<a href=\"https:\/\/drive.google.com\/file\/d\/1lNqSPD6YgdNKC5UF0HZMqoBYjKpIg2f5\/view?usp=sharing\">link<\/a>.<\/p>\n","protected":false},"excerpt":{"rendered":"<p>#digitalresidency Barbara Gryka (ur. 1992 r., Pu\u0142awy, Polska) \u2013 absolwentka Akademii Sztuk Pi\u0119knych w Warszawie na Wydziale Nowych Medi\u00f3w. W swojej praktyce artystycznej zajmuje si\u0119 dzia\u0142aniami performatywnymi, wideo i fotografi\u0105. Interesuje si\u0119 rzeczywisto\u015bci\u0105 spo\u0142eczn\u0105. Od 2020 roku, wsp\u00f3lnie z Filipem Kijowskim, pracuje jako duet Tajskie Kwiatuszki. Mieszka w Lublinie, Ko\u0144skowoli, Warszawie. Statement W swoich pracach artystycznych staram si\u0119 zach\u0119ci\u0107 ludzi do wsp\u00f3lnego dzia\u0142ania, jednoczenia si\u0119, bycia razem. Pracuj\u0119 z kontekstem&#8230;<\/p>\n","protected":false},"author":2,"featured_media":5498,"parent":0,"menu_order":58,"comment_status":"closed","ping_status":"closed","template":"","meta":{"_acf_changed":false,"footnotes":""},"class_list":["post-5480","page","type-page","status-publish","has-post-thumbnail","hentry"],"acf":[],"_links":{"self":[{"href":"https:\/\/openheim.org\/pl\/wp-json\/wp\/v2\/pages\/5480","targetHints":{"allow":["GET"]}}],"collection":[{"href":"https:\/\/openheim.org\/pl\/wp-json\/wp\/v2\/pages"}],"about":[{"href":"https:\/\/openheim.org\/pl\/wp-json\/wp\/v2\/types\/page"}],"author":[{"embeddable":true,"href":"https:\/\/openheim.org\/pl\/wp-json\/wp\/v2\/users\/2"}],"replies":[{"embeddable":true,"href":"https:\/\/openheim.org\/pl\/wp-json\/wp\/v2\/comments?post=5480"}],"version-history":[{"count":12,"href":"https:\/\/openheim.org\/pl\/wp-json\/wp\/v2\/pages\/5480\/revisions"}],"predecessor-version":[{"id":5613,"href":"https:\/\/openheim.org\/pl\/wp-json\/wp\/v2\/pages\/5480\/revisions\/5613"}],"wp:featuredmedia":[{"embeddable":true,"href":"https:\/\/openheim.org\/pl\/wp-json\/wp\/v2\/media\/5498"}],"wp:attachment":[{"href":"https:\/\/openheim.org\/pl\/wp-json\/wp\/v2\/media?parent=5480"}],"curies":[{"name":"wp","href":"https:\/\/api.w.org\/{rel}","templated":true}]}}