{"id":5522,"date":"2021-08-30T12:14:32","date_gmt":"2021-08-30T10:14:32","guid":{"rendered":"https:\/\/openheim.org\/en\/?page_id=5522"},"modified":"2021-09-06T15:38:33","modified_gmt":"2021-09-06T13:38:33","slug":"digital-residency-anna-bujak","status":"publish","type":"page","link":"https:\/\/openheim.org\/pl\/digital-residency-anna-bujak\/","title":{"rendered":"Digital Residency | Anna Bujak"},"content":{"rendered":"<p>#digitalresidency<\/p>\n<p><span style=\"font-weight: 400;\"><strong>Anna Bujak<\/strong> (ur. 1979 r<\/span><span style=\"font-weight: 400;\">.<\/span><span style=\"font-weight: 400;\"> Opat\u00f3w, Polska) &#8211; absolwentka wroc\u0142awskiej Akademii Sztuk Pi\u0119knych im. E. Gepperta na Wydziale Malarstwa i Rze\u017aby (2011). W 2017 r. obroni\u0142a doktorat w dyscyplinie sztuki pi\u0119kne <\/span><i><span style=\"font-weight: 400;\">Metafory cienia<\/span><\/i><span style=\"font-weight: 400;\">. W praktyce artystycznej cz\u0119sto odwo\u0142uje si\u0119 do strefy cz\u0142owiek \u2013 kultura. Inspiracje czerpie z literatury, rzeczywisto\u015bci oraz sposob\u00f3w przezwyci\u0119\u017cania traumatycznych sytuacji. <\/span><\/p>\n<p><strong>Statement<\/strong><\/p>\n<p><span style=\"font-weight: 400;\">\u201eRze\u017aba jest dla mnie medium, za kt\u00f3rego po\u015brednictwem komunikuj\u0119 idee. Interesuje mnie kondycja cz\u0142owieka w \u015bwiecie nowych technologii, w kt\u00f3rym wszystko staje si\u0119 substytutem, a tak\u017ce zwi\u0105zek cz\u0142owieka z antropocentryczn\u0105 natur\u0105, jego t\u0119sknota za utraconym \u015bwiatem, traumatyczne rozwidlenia pami\u0119ci. W swojej praktyce artystycznej d\u0105\u017c\u0119 do podstawowych form, odrzucaj\u0105c to, co zb\u0119dne. Wa\u017cn\u0105 funkcj\u0119 pe\u0142ni\u0105 tytu\u0142y prac. Staram si\u0119 wyabstrahowa\u0107 co\u015b w rodzaju doskona\u0142ej formy, kt\u00f3ra b\u0119dzie dosadna w swoim przekazie.<\/span><span style=\"font-weight: 400;\">\u201d<\/span><\/p>\n<p><strong>Projekt<\/strong><\/p>\n<p><span style=\"font-weight: 400;\">NEutopia<\/span><\/p>\n<p><span style=\"font-weight: 400;\">Projekt <\/span><i><span style=\"font-weight: 400;\">NEutopia<\/span><\/i><span style=\"font-weight: 400;\"> koncentruje si\u0119 na politycznych aspektach kryzysu klimatycznego. W ramach rezydencji, artystka\u00a0 stworzy instalacj\u0119 sk\u0142adaj\u0105c\u0105 si\u0119 z trzech obiekt\u00f3w pozostaj\u0105cych w relacji.\u00a0<\/span><\/p>\n<p><span style=\"font-weight: 400;\">Pierwszym z nich jest projekt neonu\/\u015bwietlnego napisu\/s\u0142owa <\/span><i><span style=\"font-weight: 400;\">Utopia<\/span><\/i><span style=\"font-weight: 400;\">, kt\u00f3ry posiada\u0142 b\u0119dzie zniekszta\u0142cone odbicie uk\u0142adaj\u0105ce si\u0119 w napis <\/span><i><span style=\"font-weight: 400;\">Ut\u00f8ya<\/span><\/i><span style=\"font-weight: 400;\">. Efekt ten artystka zamierza osi\u0105gn\u0105\u0107 poprzez odpowiedni\u0105 modyfikacj\u0119 odbicia lub przetworzenie pe\u0142nowymiarowego obiektu-napisu b\u0119d\u0105cego jego odbiciem. Warto zaznaczy\u0107, \u017ce w\u0105tek, kt\u00f3ry b\u0119dzie analizowany w tej pracy nie dotyczy wy\u0142\u0105cznie radykalnych postaw \u201eprawicowych\u201d.\u00a0<\/span><\/p>\n<p><span style=\"font-weight: 400;\">Artystka\u00a0 przygl\u0105da\u0107 si\u0119 b\u0119dzie, z jednej strony kryzysowi otwarto\u015bci i wyrozumia\u0142o\u015bci, z drugiej za\u015b nadmiernej tolerancji dla niebezpiecznych zjawisk. W tym kontek\u015bcie postawi istotne pytania, takie jak m.in. czy nadmierna tolerancja i wiara w demokracj\u0119 nie pozbawia nas czujno\u015bci sprawiaj\u0105c, \u017ce wierzymy, i\u017c dobro musi rozwija\u0107 si\u0119 liniowo?\u00a0<\/span><\/p>\n<p><span style=\"font-weight: 400;\">Idea pozosta\u0142ych dw\u00f3ch obiekt\u00f3w (zwi\u0105zanych z problemem kryzysu klimatycznego oraz nadprodukcji\/nadmiaru i braku) b\u0119dzie rozwijana podczas rezydencji. Artystka b\u0119dzie r\u00f3wnie\u017c stara\u0142a si\u0119 szuka\u0107 w\u0105tk\u00f3w, kt\u00f3re s\u0105 optymistyczn\u0105 wizj\u0105, w jak\u0105 zmierza stary kontynent.<\/span><\/p>\n<p><strong>Portfolio<\/strong>:\u00a0<a href=\"https:\/\/www.annabujak.net\/\">link<\/a>.<\/p>\n","protected":false},"excerpt":{"rendered":"<p>#digitalresidency Anna Bujak (ur. 1979 r. Opat\u00f3w, Polska) &#8211; absolwentka wroc\u0142awskiej Akademii Sztuk Pi\u0119knych im. E. Gepperta na Wydziale Malarstwa i Rze\u017aby (2011). W 2017 r. obroni\u0142a doktorat w dyscyplinie sztuki pi\u0119kne Metafory cienia. W praktyce artystycznej cz\u0119sto odwo\u0142uje si\u0119 do strefy cz\u0142owiek \u2013 kultura. Inspiracje czerpie z literatury, rzeczywisto\u015bci oraz sposob\u00f3w przezwyci\u0119\u017cania traumatycznych sytuacji. Statement \u201eRze\u017aba jest dla mnie medium, za kt\u00f3rego po\u015brednictwem komunikuj\u0119 idee. Interesuje mnie kondycja cz\u0142owieka&#8230;<\/p>\n","protected":false},"author":2,"featured_media":5527,"parent":0,"menu_order":56,"comment_status":"closed","ping_status":"closed","template":"","meta":{"_acf_changed":false,"footnotes":""},"class_list":["post-5522","page","type-page","status-publish","has-post-thumbnail","hentry"],"acf":[],"_links":{"self":[{"href":"https:\/\/openheim.org\/pl\/wp-json\/wp\/v2\/pages\/5522","targetHints":{"allow":["GET"]}}],"collection":[{"href":"https:\/\/openheim.org\/pl\/wp-json\/wp\/v2\/pages"}],"about":[{"href":"https:\/\/openheim.org\/pl\/wp-json\/wp\/v2\/types\/page"}],"author":[{"embeddable":true,"href":"https:\/\/openheim.org\/pl\/wp-json\/wp\/v2\/users\/2"}],"replies":[{"embeddable":true,"href":"https:\/\/openheim.org\/pl\/wp-json\/wp\/v2\/comments?post=5522"}],"version-history":[{"count":14,"href":"https:\/\/openheim.org\/pl\/wp-json\/wp\/v2\/pages\/5522\/revisions"}],"predecessor-version":[{"id":5610,"href":"https:\/\/openheim.org\/pl\/wp-json\/wp\/v2\/pages\/5522\/revisions\/5610"}],"wp:featuredmedia":[{"embeddable":true,"href":"https:\/\/openheim.org\/pl\/wp-json\/wp\/v2\/media\/5527"}],"wp:attachment":[{"href":"https:\/\/openheim.org\/pl\/wp-json\/wp\/v2\/media?parent=5522"}],"curies":[{"name":"wp","href":"https:\/\/api.w.org\/{rel}","templated":true}]}}