{"id":5534,"date":"2021-08-30T12:49:15","date_gmt":"2021-08-30T10:49:15","guid":{"rendered":"https:\/\/openheim.org\/pl\/?page_id=5534"},"modified":"2021-09-06T15:40:05","modified_gmt":"2021-09-06T13:40:05","slug":"digital-residency-oscar-lebeck","status":"publish","type":"page","link":"https:\/\/openheim.org\/pl\/digital-residency-oscar-lebeck\/","title":{"rendered":"Digital Residency | Oscar Lebeck"},"content":{"rendered":"<p>#digitalresidency<\/p>\n<p><span style=\"font-weight: 400;\"><strong>Oscar Lebeck<\/strong> (ur. 1993 roku, Hamburg, Niemcy) \u2013 studiowa\u0142 na Akademii Sztuk Pi\u0119knych w Lipsku i Glasgow School of Art. Jego tw\u00f3rczo\u015b\u0107 obraca si\u0119 wok\u00f3\u0142 historii, pami\u0119ci i spo\u0142ecze\u0144stwa \u2013 cz\u0119sto z wykorzystaniem fotografii, wideo i zbior\u00f3w archiwalnych, poszerzaj\u0105c mo\u017cliwo\u015bci mi\u0119dzy reprezentacj\u0105 przestrzeni a modelami. Mieszka w Berlinie i Lipsku.<\/span><\/p>\n<p><strong>Statement<\/strong><\/p>\n<p><span style=\"font-weight: 400;\">\u201eZwracam si\u0119 przede wszystkim ku architekturze i fotografii, poprzez kt\u00f3re nierozerwalne odniesienie do przedmiotowo\u015bci ma sta\u0107 si\u0119 widoczne. W mojej praktyce artystycznej, kt\u00f3ra jest przedmiotem estetycznego trybu dzia\u0142ania, badania architektoniczne maj\u0105 warunkowa\u0107 jako\u015bciowe i komunikacyjne zaanga\u017cowanie, aby zadeklarowa\u0107 sw\u00f3j spo\u0142eczny, polityczny i partycypacyjny charakter.\u201d<\/span><\/p>\n<p><strong>Projekt<\/strong><\/p>\n<p><span style=\"font-weight: 400;\">Projekt bada relacje pomi\u0119dzy widocznymi i reprezentowanymi \u015bladami miejsc pami\u0119ci na polsko-niemieckim pograniczu. D\u0105\u017cy do uwypuklenia pozosta\u0142ych struktur miejsc pami\u0119ci poprzez uczynienie ich postrzegalnymi w inny spos\u00f3b. W oparciu o energi\u0119 narracyjn\u0105 emanuj\u0105c\u0105 z tych relikt\u00f3w ma powsta\u0107 nowa rzeczywisto\u015b\u0107 dzi\u0119ki zastosowaniu modeli kubaturowych. Przestrzenne kubatury r\u00f3\u017cnych obszar\u00f3w obozu koncentracyjnego Gro\u00df-Rosen zostan\u0105 zrekonstruowane w mniejszej skali i umieszczone w perspektywie na fotografii mur\u00f3w fundamentowych obozu, tak aby widz m\u00f3g\u0142 na nowo ustanowi\u0107 po\u0142\u0105czenie mi\u0119dzy wn\u0119trzem, zewn\u0119trzem i tym, co tam kiedy\u015b by\u0142o. Powsta\u0142e w ten spos\u00f3b przestrzenie spe\u0142niaj\u0105 klasyczn\u0105 koncepcj\u0119 miejsca zachowania i pami\u0119ci, rekonstruuj\u0105c jednocze\u015bnie przestrze\u0144 spo\u0142eczn\u0105.<\/span><\/p>\n<p><strong>Portfolio<\/strong>:\u00a0<a href=\"http:\/\/www.oscarbeck.de\">link<\/a>.<\/p>\n","protected":false},"excerpt":{"rendered":"<p>#digitalresidency Oscar Lebeck (ur. 1993 roku, Hamburg, Niemcy) \u2013 studiowa\u0142 na Akademii Sztuk Pi\u0119knych w Lipsku i Glasgow School of Art. Jego tw\u00f3rczo\u015b\u0107 obraca si\u0119 wok\u00f3\u0142 historii, pami\u0119ci i spo\u0142ecze\u0144stwa \u2013 cz\u0119sto z wykorzystaniem fotografii, wideo i zbior\u00f3w archiwalnych, poszerzaj\u0105c mo\u017cliwo\u015bci mi\u0119dzy reprezentacj\u0105 przestrzeni a modelami. Mieszka w Berlinie i Lipsku. Statement \u201eZwracam si\u0119 przede wszystkim ku architekturze i fotografii, poprzez kt\u00f3re nierozerwalne odniesienie do przedmiotowo\u015bci ma sta\u0107 si\u0119 widoczne&#8230;.<\/p>\n","protected":false},"author":2,"featured_media":5537,"parent":0,"menu_order":57,"comment_status":"closed","ping_status":"closed","template":"","meta":{"_acf_changed":false,"footnotes":""},"class_list":["post-5534","page","type-page","status-publish","has-post-thumbnail","hentry"],"acf":[],"_links":{"self":[{"href":"https:\/\/openheim.org\/pl\/wp-json\/wp\/v2\/pages\/5534","targetHints":{"allow":["GET"]}}],"collection":[{"href":"https:\/\/openheim.org\/pl\/wp-json\/wp\/v2\/pages"}],"about":[{"href":"https:\/\/openheim.org\/pl\/wp-json\/wp\/v2\/types\/page"}],"author":[{"embeddable":true,"href":"https:\/\/openheim.org\/pl\/wp-json\/wp\/v2\/users\/2"}],"replies":[{"embeddable":true,"href":"https:\/\/openheim.org\/pl\/wp-json\/wp\/v2\/comments?post=5534"}],"version-history":[{"count":14,"href":"https:\/\/openheim.org\/pl\/wp-json\/wp\/v2\/pages\/5534\/revisions"}],"predecessor-version":[{"id":5612,"href":"https:\/\/openheim.org\/pl\/wp-json\/wp\/v2\/pages\/5534\/revisions\/5612"}],"wp:featuredmedia":[{"embeddable":true,"href":"https:\/\/openheim.org\/pl\/wp-json\/wp\/v2\/media\/5537"}],"wp:attachment":[{"href":"https:\/\/openheim.org\/pl\/wp-json\/wp\/v2\/media?parent=5534"}],"curies":[{"name":"wp","href":"https:\/\/api.w.org\/{rel}","templated":true}]}}