{"id":5577,"date":"2021-09-06T15:11:29","date_gmt":"2021-09-06T13:11:29","guid":{"rendered":"https:\/\/openheim.org\/pl\/?page_id=5577"},"modified":"2021-09-06T15:38:20","modified_gmt":"2021-09-06T13:38:20","slug":"digital-residency-neo-christopher-chung","status":"publish","type":"page","link":"https:\/\/openheim.org\/pl\/digital-residency-neo-christopher-chung\/","title":{"rendered":"Digital Residency | Neo Christopher Chung"},"content":{"rendered":"<p>#digitalresidency<\/p>\n<p><strong>Neo Christopher Chung<\/strong> (ur. 1985, <span style=\"font-weight: 400;\">Changwon, <\/span>Korea Po\u0142udniowa) \u2013 artysta wykorzystuj\u0105cy nowe media i specjalista w dziedzinie biologii obliczeniowej, zainteresowany zagadnieniem estetyki system\u00f3w. Urodzony w Korei Po\u0142udniowej, w 2000 roku wyemigrowa\u0142 do USA. Uzyska\u0142 tytu\u0142 licencjata w dziedzinie in\u017cynierii i studi\u00f3w wizualnych na Duke University oraz doktorat z biologii obliczeniowej na Uniwersytecie Princeton. W Karolinie P\u00f3\u0142nocnej i New Jersey odby\u0142y si\u0119 wystawy pokazuj\u0105ce jego filmy i eksperymenty kinematograficzne, eksploruj\u0105ce zagadnienie interaktywno\u015bci i generatywno\u015bci. Absolwent studi\u00f3w magisterskich w zakresie sztuk interdyscyplinarnych na Akademii Sztuk Pi\u0119knych we Wroc\u0142awiu. Jego prace, skupiaj\u0105ce si\u0119 na procesach naukowych, ekonomicznych i globalizacyjnych, by\u0142y prezentowane m.in. podczas Ars Electronica, Art Future \/ Future Signs, Przegl\u0105dzie Sztuki Survival<\/p>\n<p><strong>Statement<\/strong><\/p>\n<p>Interdyscyplinarne projekty Neo Christophera Chunga \u0142\u0105cz\u0105 w sobie zainteresowanie danymi, kultur\u0105 maszyn i wyzwaniami spo\u0142ecznymi. Jako artysta i naukowiec mieszkaj\u0105cy i pracuj\u0105cy mi\u0119dzy Wroc\u0142awiem a Warszaw\u0105, Chung bada sposoby, w jakie media i algorytmy wchodz\u0105 w interakcj\u0119 z naszym \u015bwiatem. Od 2019 roku tworzy prace konceptualne i praktyczne, kt\u00f3re odzwierciedlaj\u0105 relacje cz\u0142owieka ze sztuczn\u0105 inteligencj\u0105. Tego rodzaju po\u0142\u0105czenie nauki i sztuki jest niezb\u0119dne w krytycznym podej\u015bciu do najnowszej cybernetyki, wykraczaj\u0105cym poza wizj\u0119 dystopii rz\u0105dzonej przez sztuczn\u0105 inteligencj\u0119.<\/p>\n<p><strong>Projekt<\/strong><\/p>\n<p>\u201eNowe media od dawna przesuwaj\u0105 granice tego sztuki, ale dopiero wymuszone przez pandemi\u0119 powszechne do\u015bwiadczenie pracy zdalnej i \u017cycia w wirtualnym \u015bwiecie narzuci\u0142o nowe formy wsp\u00f3\u0142pracy i wsp\u00f3lnoty. W szczeg\u00f3lno\u015bci interesuje mnie zbadanie, w jaki spos\u00f3b mo\u017cemy lepiej zrozumie\u0107 kreatywno\u015b\u0107 maszyn w celu umo\u017cliwienia organicznej wsp\u00f3\u0142pracy mi\u0119dzy artystami a sztuczn\u0105 inteligencj\u0105 w czasie rzeczywistym. Podczas rezydencji stworz\u0119 system interakcji mi\u0119dzy cz\u0142owiekiem a sztuczn\u0105 inteligencj\u0105, na podstawie kt\u00f3rego b\u0119dziemy mogli generowa\u0107 audiowizualne improwizacje. Wraz z grup\u0105 rezydent\u00f3w i artyst\u00f3w z Polski i Niemiec jeste\u015bmy zainteresowani tworzeniem prototyp\u00f3w i wymy\u015blaniem nowych form performansu.\u201d<\/p>\n<p><strong>Portfolio<\/strong>:\u00a0<a href=\"http:\/\/ncchung.com\">link<\/a>.<\/p>\n","protected":false},"excerpt":{"rendered":"<p>#digitalresidency Neo Christopher Chung (ur. 1985, Changwon, Korea Po\u0142udniowa) \u2013 artysta wykorzystuj\u0105cy nowe media i specjalista w dziedzinie biologii obliczeniowej, zainteresowany zagadnieniem estetyki system\u00f3w. Urodzony w Korei Po\u0142udniowej, w 2000 roku wyemigrowa\u0142 do USA. Uzyska\u0142 tytu\u0142 licencjata w dziedzinie in\u017cynierii i studi\u00f3w wizualnych na Duke University oraz doktorat z biologii obliczeniowej na Uniwersytecie Princeton. W Karolinie P\u00f3\u0142nocnej i New Jersey odby\u0142y si\u0119 wystawy pokazuj\u0105ce jego filmy i eksperymenty kinematograficzne, eksploruj\u0105ce&#8230;<\/p>\n","protected":false},"author":2,"featured_media":5596,"parent":0,"menu_order":55,"comment_status":"closed","ping_status":"closed","template":"","meta":{"_acf_changed":false,"footnotes":""},"class_list":["post-5577","page","type-page","status-publish","has-post-thumbnail","hentry"],"acf":[],"_links":{"self":[{"href":"https:\/\/openheim.org\/pl\/wp-json\/wp\/v2\/pages\/5577","targetHints":{"allow":["GET"]}}],"collection":[{"href":"https:\/\/openheim.org\/pl\/wp-json\/wp\/v2\/pages"}],"about":[{"href":"https:\/\/openheim.org\/pl\/wp-json\/wp\/v2\/types\/page"}],"author":[{"embeddable":true,"href":"https:\/\/openheim.org\/pl\/wp-json\/wp\/v2\/users\/2"}],"replies":[{"embeddable":true,"href":"https:\/\/openheim.org\/pl\/wp-json\/wp\/v2\/comments?post=5577"}],"version-history":[{"count":11,"href":"https:\/\/openheim.org\/pl\/wp-json\/wp\/v2\/pages\/5577\/revisions"}],"predecessor-version":[{"id":5609,"href":"https:\/\/openheim.org\/pl\/wp-json\/wp\/v2\/pages\/5577\/revisions\/5609"}],"wp:featuredmedia":[{"embeddable":true,"href":"https:\/\/openheim.org\/pl\/wp-json\/wp\/v2\/media\/5596"}],"wp:attachment":[{"href":"https:\/\/openheim.org\/pl\/wp-json\/wp\/v2\/media?parent=5577"}],"curies":[{"name":"wp","href":"https:\/\/api.w.org\/{rel}","templated":true}]}}