{"id":5579,"date":"2021-09-06T15:11:58","date_gmt":"2021-09-06T13:11:58","guid":{"rendered":"https:\/\/openheim.org\/pl\/?page_id=5579"},"modified":"2021-09-08T15:32:39","modified_gmt":"2021-09-08T13:32:39","slug":"digital-residency-bit-explorers-research-team","status":"publish","type":"page","link":"https:\/\/openheim.org\/pl\/digital-residency-bit-explorers-research-team\/","title":{"rendered":"Digital Residency | Bit Explorers Research Team"},"content":{"rendered":"<p>#digitalresidency<\/p>\n<p><b>Bit Explorers Research Team<\/b><\/p>\n<p><span style=\"font-weight: 400;\"><strong>dr Wojciech Kukuczka<\/strong> \u2013 absolwent Technikum Fotograficznego, studi\u00f3w magisterskich Fotografia i Multimedia na ASP Wroc\u0142aw oraz student AKI Academy of Fine Art w Holandii. Doktor sztuk Pi\u0119knych na Wydziale Artystycznym U\u015a. Uczestnik ponad 70-ciu wystaw w tym ponad 30-tu indywidualnych. Za\u0142o\u017cyciel Galerii Negatyw, prezes fundacji Wielki Cz\u0142owiek, kurator 30-tu wystaw artystycznych. Stypendia artystyczne: woj. \u015al\u0105skiego, miasta Wroc\u0142aw, ASP, U\u015a, czterokrotny beneficjent nagrody dla M\u0142odych Tw\u00f3rc\u00f3w Kultury miasta Katowice. G\u0142\u00f3wne obszary dzia\u0142ania to fotografia, multimedia oraz film.\u00a0<\/span><\/p>\n<p><span style=\"font-weight: 400;\"><strong>Marek Straszak<\/strong> (ur. 1985) \u2013 artysta wizualny, absolwent ASP we Wroc\u0142awiu (Multimedia) i UdK w Berlinie (Art and Media). Wyk\u0142adowca Animacji na Collegium Da Vinci w Poznaniu. Za\u0142o\u017cyciel studia wizualnego Animateria, RenderBoys. W ramach dzia\u0142alno\u015bci komercyjnej, zrealizowa\u0142 r\u00f3\u017cnego rodzaju przedsi\u0119wzi\u0119cia audiowizualne, m.in. dla Alter Art, Nike, Pernod Ricard. Tworzy r\u00f3wnie\u017c analogowo-cyfrowe instalacje artystyczne, kt\u00f3re prezentowa\u0142 na takich wystawach, jak ART+BITS, Biennale Sztuki Medi\u00f3w WRO czy Ars Electronica.<\/span><\/p>\n<p><span style=\"font-weight: 400;\"><strong>Jacek Czarkowski<\/strong> \u2013 artysta multimedialny, autor czo\u0142\u00f3wek i scenografii do film\u00f3w (m.in. \u201eNaznaczony\u201d, \u201eW\u0142atcy M\u00f3ch\u201d), tw\u00f3rca animacji i filmowych efekt\u00f3w wizualnych. Tworzy animacje dla najwi\u0119kszych firm z bran\u017cy IT, m.in. IBM, Cisco, Netgear, Avast. \u0141\u0105czy r\u00f3\u017cnorodne techniki przetwarzania obrazu i d\u017awi\u0119ku &#8211; od fotografii analogowej, poprzez kompozycj\u0119 efekt\u00f3w 3D, elementy wirtualnej scenografii po skrypty interaktywne (Processing\/Unity). Wsp\u00f3\u0142tworzy polsk\u0105 demoscen\u0119 jako cz\u0142onek grupy \u201eAltair\u201d. Autor gry \u201eRat Racer\u201d&#8221; (2020) na enginie nVidia physX.<\/span><\/p>\n<p><strong>Statement<\/strong><\/p>\n<p><span style=\"font-weight: 400;\">\u201eJeste\u015bmy zespo\u0142em artyst\u00f3w, przyjaci\u00f3\u0142, wywodz\u0105cych si\u0119 z ASP we Wroc\u0142awiu. Obecnie mieszkamy w r\u00f3\u017cnych miejscach Polski ale nadal wsp\u00f3\u0142pracujemy na polu sztuki, edukacji artystycznej oraz dzia\u0142a\u0144 w zakresie popularyzacji kultury. Powo\u0142ali\u015bmy zesp\u00f3\u0142 Bit Explorers Research Team z ch\u0119ci realizacji projekt\u00f3w na styku sztuki i nauki. Pragniemy realizowa\u0107 zaawansowane technologicznie instalacje, w oparciu o do\u015bwiadczenia dziedzin takich jak: generative art, mixed media, digital art, experimental interface. Poprzez opart\u0105 o nowe media wypowied\u017a artystyczn\u0105 pragniemy uwra\u017cliwi\u0107 odbiorc\u00f3w na problemy wsp\u00f3\u0142czesnego \u015bwiata. Zale\u017cy nam na prospo\u0142ecznym przes\u0142aniu, wyra\u017conym poprzez poruszaj\u0105c\u0105 wyobra\u017ani\u0119 form\u0119. \u0141\u0105cz\u0105 nas wsp\u00f3lne idee w sztuce oraz ch\u0119\u0107 poszukiwania nowego tworzywa artystycznej wypowiedzi, zaczerpni\u0119tego z rozgrywaj\u0105cych si\u0119 wok\u00f3\u0142 nas proces\u00f3w spo\u0142eczno-ekonomicznych.\u201d<\/span><\/p>\n<p><strong>Projekt<\/strong><\/p>\n<p><i><span style=\"font-weight: 400;\">Transformer<br \/>\n<\/span><\/i><span style=\"font-weight: 400;\">Bit Explorers Research Team<\/span><\/p>\n<p><span style=\"font-weight: 400;\">Celem projektu jest realizacja instalacji artystycznej z zakresu sztuki generatywnej. Instalacja przybierze posta\u0107 maszyny, kt\u00f3rej zadaniem b\u0119dzie zmiana profilu \u015bwiatowej gospodarki poprzez zast\u0105pienie paliw kopalnych, zielon\u0105 energi\u0105. Zadaniem maszyny b\u0119dzie pozyskiwanie \u015brodk\u00f3w od odbiorc\u00f3w, a nast\u0119pnie ich reinwestowanie w instrumenty finansowe z sektora energetyki. Maszyna b\u0119dzie funkcjonowa\u0142a wed\u0142ug algorytmu, kt\u00f3rego celem jest transfer kapita\u0142u z obszaru paliw kopalnych na rzecz ekologicznych \u017ar\u00f3de\u0142 energii. W tym procesie, za po\u015brednictwem zaprogramowanego algorytmu sparowanego z aplikacj\u0105 maklersk\u0105, maszyna operowa\u0107 b\u0119dzie na instrumentach finansowych, takich jak akcje sp\u00f3\u0142ek oraz kontrakty na towary. Zaprogramowany algorytm b\u0119dzie m\u00f3g\u0142 gromadzi\u0107 fundusze, inwestowa\u0107, odnosi\u0107 sukcesy lub zbankrutowa\u0107. Istotn\u0105 cz\u0119\u015bci\u0105 instalacji b\u0119dzie przekucie skomplikowanych proces\u00f3w ekonomicznych na j\u0119zyk czytelny dla odbiorc\u00f3w, nieposiadaj\u0105cych kompetencji ekonomicznych. <\/span><span style=\"font-weight: 400;\"><br \/>\n<\/span><span style=\"font-weight: 400;\"><br \/>\n<\/span><span style=\"font-weight: 400;\">Maszyna b\u0119dzie prezentowa\u0142a efekty swojej dzia\u0142alno\u015bci poprzez mapowanie danych gie\u0142dowych (wykresy, aktualny bilans, suma przetransferowanego kapita\u0142u), ale tak\u017ce poprzez wizualizacj\u0119 proces\u00f3w spo\u0142eczno-ekologicznych, kt\u00f3re s\u0105 wspierane dzi\u0119ki z\u0142o\u017conym operacjom gie\u0142dowym (sadzenie drzew, oczyszczanie wody, poprawa jako\u015bci powietrza). Poprzez liczne mechanizmy mapowania danych oraz wizualizacji skutk\u00f3w transakcji finansowych, odbiorca b\u0119dzie m\u00f3g\u0142 obserwowa\u0107, w jaki spos\u00f3b nast\u0119puje przep\u0142yw kapita\u0142u oraz jakie ma skutki dla \u015brodowiska.\u00a0<\/span><\/p>\n<p><strong>Portfolio<\/strong>:<\/p>\n<p>Bit Explorers Research Team: <a href=\"https:\/\/youtu.be\/qFZbc0Bt8YE\">link<\/a>.<\/p>\n<p>Marek Straszak: <a href=\"https:\/\/vimeo.com\/animateriastudio?fbclid=IwAR31sBjrjdLIH9d50BeEaZff8GwftgxtHx3roAg_P2GxwDXFwgeKljBEn98\">Animateria<\/a>,\u00a0<a href=\"https:\/\/vimeo.com\/renderboys?fbclid=IwAR3bJ-ugeoifdJqm_xxb1gzKA9x8s1PRuooso-HtXOsW_GrLK-XvqM98z0U\">RenderBoys<\/a>.<br \/>\nJacek Czarkowski: <a href=\"https:\/\/twitter.com\/uszymyszy\">uszymyszy<\/a>, <a href=\"https:\/\/www.reddit.com\/user\/faderfox\">faderfox<\/a>.<br \/>\ndr Wojciech Kukuczka: <a style=\"background-color: #fefefe; color: #558c69;\" href=\"https:\/\/www.youtube.com\/watch?v=CjwACzZFDF8\">Bramy<\/a>,\u00a0<a style=\"color: #558c69;\" href=\"https:\/\/www.youtube.com\/watch?v=2rZ_4XCx6vU\">Fotografia ci\u0105g\u0142a<\/a>,\u00a0<a style=\"font-size: inherit; background-color: #fefefe;\" href=\"https:\/\/www.youtube.com\/watch?v=TaOkF7-j37E\">Balladyna<\/a><span style=\"font-size: inherit;\">, <\/span><a style=\"font-size: inherit; background-color: #fefefe;\" href=\"https:\/\/www.youtube.com\/watch?v=KRO_U8-EL94\">Sav<\/a><a style=\"background-color: #fefefe; font-size: inherit; color: #558c69;\" href=\"https:\/\/www.youtube.com\/watch?v=KRO_U8-EL94\">asana<\/a><span style=\"font-size: inherit;\">,\u00a0<a href=\"https:\/\/www.youtube.com\/watch?v=uCBRFJBU8Q4\">Lustra.<\/a><\/span><\/p>\n","protected":false},"excerpt":{"rendered":"<p>#digitalresidency Bit Explorers Research Team dr Wojciech Kukuczka \u2013 absolwent Technikum Fotograficznego, studi\u00f3w magisterskich Fotografia i Multimedia na ASP Wroc\u0142aw oraz student AKI Academy of Fine Art w Holandii. Doktor sztuk Pi\u0119knych na Wydziale Artystycznym U\u015a. Uczestnik ponad 70-ciu wystaw w tym ponad 30-tu indywidualnych. Za\u0142o\u017cyciel Galerii Negatyw, prezes fundacji Wielki Cz\u0142owiek, kurator 30-tu wystaw artystycznych. Stypendia artystyczne: woj. \u015al\u0105skiego, miasta Wroc\u0142aw, ASP, U\u015a, czterokrotny beneficjent nagrody dla M\u0142odych Tw\u00f3rc\u00f3w&#8230;<\/p>\n","protected":false},"author":2,"featured_media":5635,"parent":0,"menu_order":54,"comment_status":"closed","ping_status":"closed","template":"","meta":{"_acf_changed":false,"footnotes":""},"class_list":["post-5579","page","type-page","status-publish","has-post-thumbnail","hentry"],"acf":[],"_links":{"self":[{"href":"https:\/\/openheim.org\/pl\/wp-json\/wp\/v2\/pages\/5579","targetHints":{"allow":["GET"]}}],"collection":[{"href":"https:\/\/openheim.org\/pl\/wp-json\/wp\/v2\/pages"}],"about":[{"href":"https:\/\/openheim.org\/pl\/wp-json\/wp\/v2\/types\/page"}],"author":[{"embeddable":true,"href":"https:\/\/openheim.org\/pl\/wp-json\/wp\/v2\/users\/2"}],"replies":[{"embeddable":true,"href":"https:\/\/openheim.org\/pl\/wp-json\/wp\/v2\/comments?post=5579"}],"version-history":[{"count":12,"href":"https:\/\/openheim.org\/pl\/wp-json\/wp\/v2\/pages\/5579\/revisions"}],"predecessor-version":[{"id":5639,"href":"https:\/\/openheim.org\/pl\/wp-json\/wp\/v2\/pages\/5579\/revisions\/5639"}],"wp:featuredmedia":[{"embeddable":true,"href":"https:\/\/openheim.org\/pl\/wp-json\/wp\/v2\/media\/5635"}],"wp:attachment":[{"href":"https:\/\/openheim.org\/pl\/wp-json\/wp\/v2\/media?parent=5579"}],"curies":[{"name":"wp","href":"https:\/\/api.w.org\/{rel}","templated":true}]}}