{"id":5758,"date":"2021-09-29T18:09:03","date_gmt":"2021-09-29T16:09:03","guid":{"rendered":"https:\/\/openheim.org\/pl\/?page_id=5758"},"modified":"2021-11-04T14:22:13","modified_gmt":"2021-11-04T13:22:13","slug":"wydarzenia-towarzyszace","status":"publish","type":"page","link":"https:\/\/openheim.org\/pl\/wystawy\/archiwum\/slavs-and-tatars-long-lvive-lviv\/wydarzenia-towarzyszace\/","title":{"rendered":"WYDARZENIA TOWARZYSZ\u0104CE"},"content":{"rendered":"<p><strong>LISTOPAD<\/strong><\/p>\n<p><strong>05.11.2021, godz. 18:30<\/strong><br \/>\nArtysta \u2013 Artist \u2013 Kunstler \u2013 \u0445\u0443\u0434\u043e\u0436\u043d\u0438\u043a<br \/>\nHomogeniczny czy wielokulturowy?. Rozmowa o polskim \u015bwiecie sztuki z perspektywy zagranicznych artystek i artyst\u00f3w<br \/>\nGo\u015bcie: ZA*Grupa (Yuriy Biley, Yulia Krivich, Vera Zalutskaya)<br \/>\nProwadzenie: Ewa Tatar<br \/>\nWi\u0119cej informacji:\u00a0<strong><a href=\"https:\/\/www.facebook.com\/events\/1301021750360518\/?event_time_id=1301021750360518\">LINK<\/a><\/strong><br \/>\n<strong><br \/>\n10.11.2021, godz. 18:30<\/strong><strong><br \/>\n<\/strong>Spotkanie | Z sercem do historii. O Stolpersteine powstaj\u0105cych w OP ENHEIM<br \/>\nWi\u0119cej informacji:\u00a0<a href=\"https:\/\/www.facebook.com\/events\/592481855322971\"><strong>LINK<\/strong><\/a><\/p>\n<p><strong>12.11.2021, godz. 18:30<\/strong><strong><br \/>\n<\/strong>Prezentacja rezydent\u00f3w i rezydentek programu Digital Residency [online]<br \/>\nWi\u0119cej informacji: #wkr\u00f3tce<\/p>\n<p><strong>17.11.2021, godz. 18:30<br \/>\n<\/strong>Oprowadzanie po wystawie Slavs and Tatars. LONG LVIVE LVIV. \u0421\u041b\u0410\u0412\u0410 \u0417\u0410 \u0411\u0420\u0415\u0421\u041b\u0410\u0412A<br \/>\nZapisy: visit@openheim.org<br \/>\n<strong><br \/>\n18.11.2021, godz. 18:30<br \/>\n<\/strong>Alternatywny Instytut Orientalistyczny<br \/>\nSeminarium | Karaimska Mapa Muzyczna, czyli o historii, j\u0119zyku, religii i muzyce Karaim\u00f3w<br \/>\nProwadzenie: Mariola Abkowicz (Polska)<br \/>\nWi\u0119cej informacji:\u00a0<strong><a href=\"https:\/\/www.facebook.com\/events\/2705283546284452\/?acontext=%7B%22event_action_history%22%3A[%7B%22extra_data%22%3A%22%22%2C%22mechanism%22%3A%22surface%22%2C%22surface%22%3A%22permalink%22%7D%2C%7B%22extra_data%22%3A%22%22%2C%22mechanism%22%3A%22surface%22%2C%22surface%22%3A%22permalink%22%7D]%2C%22ref_notif_type%22%3Anull%7D\">LINK<\/a><\/strong><\/p>\n<p><strong>21.11.2021, godz. 19:00\u00a0<\/strong><br \/>\nOdejd\u017a, \u015bmier\u0107 | Recital Nilsa Wanderera i Dorian\u0105 Tchakarov\u0105<br \/>\nWst\u0119p wolny.\u00a0W zale\u017cno\u015bci od indywidualnych mo\u017cliwo\u015bci, darowizny dla artyst\u00f3w s\u0105 mile widziane.<br \/>\nWi\u0119cej informacji:\u00a0<a href=\"https:\/\/openheim.org\/pl\/aktualnosci\/come-away-death-nils-wanderer-i-doriana-tcharakova-w-salonie-herz\/\"><strong>LINK<\/strong><\/a><\/p>\n<p><strong>24.11.2021, godz. 18:30<br \/>\n<\/strong>Alternatywny Instytut Orientalistyczny<br \/>\nSeminarium | Seminarium | Lew i P\u00f3\u0142ksi\u0119\u017cyc: Zwi\u0105zki Lwowa ze \u015bwiatem islamu<br \/>\nProwadzenie: Adam Balcer (Polska)<br \/>\nWi\u0119cej informacji:<strong>\u00a0<a href=\"https:\/\/www.facebook.com\/events\/2705283539617786\/?acontext=%7B%22event_action_history%22%3A[%7B%22extra_data%22%3A%22%22%2C%22mechanism%22%3A%22surface%22%2C%22surface%22%3A%22permalink%22%7D%2C%7B%22extra_data%22%3A%22%22%2C%22mechanism%22%3A%22surface%22%2C%22surface%22%3A%22permalink%22%7D%2C%7B%22extra_data%22%3A%22%22%2C%22mechanism%22%3A%22surface%22%2C%22surface%22%3A%22permalink%22%7D]%2C%22ref_notif_type%22%3Anull%7D\">LINK<\/a><\/strong><\/p>\n<p><strong>26.11.2021, godz. 18:30<br \/>\n<\/strong>Artysta \u2013 Artist \u2013 Kunstler \u2013 \u0445\u0443\u0434\u043e\u0436\u043d\u0438\u043a<br \/>\n<em>Imigrantizm \u2013 szycie s\u0142\u00f3w<\/em>\u00a0z Teodorem Ajderem<br \/>\nProwadzenie: Yulia Krivich<br \/>\nWi\u0119cej informacji:\u00a0<strong><a href=\"https:\/\/www.facebook.com\/events\/1301021753693851\/?acontext=%7B%22event_action_history%22%3A[%7B%22mechanism%22%3A%22surface%22%2C%22surface%22%3A%22permalink%22%7D]%2C%22ref_notif_type%22%3Anull%7D\">LINK<\/a><\/strong><\/p>\n<p><strong>GRUDZIE\u0143<br \/>\n<\/strong><br \/>\n<strong>3.12.2021, godz. 18:30<\/strong><br \/>\nArtysta \u2013 Artist \u2013 Kunstler \u2013 \u0445\u0443\u0434\u043e\u0436\u043d\u0438\u043a<br \/>\nTo\u017csamo\u015b\u0107 jako konstrukt spo\u0142eczny. Rozmowa z Kate Ngan Wa Ao<br \/>\nProwadzenie: Vera Zalutskaya<br \/>\nWi\u0119cej informacji:\u00a0<strong><a href=\"https:\/\/www.facebook.com\/events\/1301021743693852\/?acontext=%7B%22event_action_history%22%3A[%7B%22extra_data%22%3A%22%22%2C%22mechanism%22%3A%22surface%22%2C%22surface%22%3A%22permalink%22%7D%2C%7B%22extra_data%22%3A%22%22%2C%22mechanism%22%3A%22surface%22%2C%22surface%22%3A%22permalink%22%7D]%2C%22ref_notif_type%22%3Anull%7D\">LINK<\/a><\/strong><\/p>\n","protected":false},"excerpt":{"rendered":"<p>LISTOPAD 05.11.2021, godz. 18:30 Artysta \u2013 Artist \u2013 Kunstler \u2013 \u0445\u0443\u0434\u043e\u0436\u043d\u0438\u043a Homogeniczny czy wielokulturowy?. Rozmowa o polskim \u015bwiecie sztuki z perspektywy zagranicznych artystek i artyst\u00f3w Go\u015bcie: ZA*Grupa (Yuriy Biley, Yulia Krivich, Vera Zalutskaya) Prowadzenie: Ewa Tatar Wi\u0119cej informacji:\u00a0LINK 10.11.2021, godz. 18:30 Spotkanie | Z sercem do historii. O Stolpersteine powstaj\u0105cych w OP ENHEIM Wi\u0119cej informacji:\u00a0LINK 12.11.2021, godz. 18:30 Prezentacja rezydent\u00f3w i rezydentek programu Digital Residency [online] Wi\u0119cej informacji: #wkr\u00f3tce 17.11.2021,&#8230;<\/p>\n","protected":false},"author":2,"featured_media":0,"parent":4966,"menu_order":52,"comment_status":"closed","ping_status":"closed","template":"","meta":{"_acf_changed":false,"footnotes":""},"class_list":["post-5758","page","type-page","status-publish","hentry"],"acf":[],"_links":{"self":[{"href":"https:\/\/openheim.org\/pl\/wp-json\/wp\/v2\/pages\/5758","targetHints":{"allow":["GET"]}}],"collection":[{"href":"https:\/\/openheim.org\/pl\/wp-json\/wp\/v2\/pages"}],"about":[{"href":"https:\/\/openheim.org\/pl\/wp-json\/wp\/v2\/types\/page"}],"author":[{"embeddable":true,"href":"https:\/\/openheim.org\/pl\/wp-json\/wp\/v2\/users\/2"}],"replies":[{"embeddable":true,"href":"https:\/\/openheim.org\/pl\/wp-json\/wp\/v2\/comments?post=5758"}],"version-history":[{"count":11,"href":"https:\/\/openheim.org\/pl\/wp-json\/wp\/v2\/pages\/5758\/revisions"}],"predecessor-version":[{"id":5911,"href":"https:\/\/openheim.org\/pl\/wp-json\/wp\/v2\/pages\/5758\/revisions\/5911"}],"up":[{"embeddable":true,"href":"https:\/\/openheim.org\/pl\/wp-json\/wp\/v2\/pages\/4966"}],"wp:attachment":[{"href":"https:\/\/openheim.org\/pl\/wp-json\/wp\/v2\/media?parent=5758"}],"curies":[{"name":"wp","href":"https:\/\/api.w.org\/{rel}","templated":true}]}}