{"id":579,"date":"2020-04-29T16:28:12","date_gmt":"2020-04-29T14:28:12","guid":{"rendered":"http:\/\/openheim.org\/historia\/"},"modified":"2021-01-14T15:31:52","modified_gmt":"2021-01-14T14:31:52","slug":"historia","status":"publish","type":"page","link":"https:\/\/openheim.org\/pl\/kamienica\/historia\/","title":{"rendered":"Historia"},"content":{"rendered":"<p>Zabytkowa kamienica zlokalizowana przy Placu Solnym 4 we Wroc\u0142awiu, zabudowana jest siedmiokondygnacyjnym budynkiem mieszkalno-us\u0142ugowym wraz z oficyn\u0105 o \u0142\u0105cznej powierzchni ok. 1.050 m2. Jest wyj\u0105tkowym przyk\u0142adem architektury barokowej o nadzwyczajnym detalu architektonicznym. <\/p>\n<p>Kamienica powsta\u0142a prawdopodobnie w XIII wieku jako plan gotycki i pod koniec XVIII wieku zosta\u0142a gruntownie przebudowana. Od 1810 nale\u017ca\u0142a do \u017cydowskiej rodziny Oppenheim\u00f3w. Dzi\u0119ki \u017conie Ferdinanda Oppenheim w latach 1890-1940 dzia\u0142a\u0142a tu fundacja na rzecz ubogich i potrzebuj\u0105cych. <\/p>\n<p>Badaniem historii kamienicy zajmuje si\u0119 pani Lisa H\u00f6henleitner, wybrana spo\u015br\u00f3d wielu kandydatek przez pani\u0105 profesor Schoor z Uniwersytetu Viadrina we Frankfurcie nad Odr\u0105. Prace badawcze nad histori\u0105 i losami kamienicy realizowane w archiwach polskich, niemieckich i \u017cydowskich s\u0105 tematem jej pracy magisterskiej, kt\u00f3ra zosta\u0142a zdoby\u0142a 1. Nagrod\u0119 Naukow\u0105 Ambasadora Rzeczypospolitej Polskiej 2015 jako najlepsza praca magisterska. (<a href=\"http:\/\/www.cbh.pan.pl\/pl\/laureaci-2015\" target=\"_blank\" rel=\"noopener noreferrer\">Laureaci 2015<\/a>)<\/p>\n","protected":false},"excerpt":{"rendered":"<p>Zabytkowa kamienica zlokalizowana przy Placu Solnym 4 we Wroc\u0142awiu, zabudowana jest siedmiokondygnacyjnym budynkiem mieszkalno-us\u0142ugowym wraz z oficyn\u0105 o \u0142\u0105cznej powierzchni ok. 1.050 m2. Jest wyj\u0105tkowym przyk\u0142adem architektury barokowej o nadzwyczajnym detalu architektonicznym. Kamienica powsta\u0142a prawdopodobnie w XIII wieku jako plan gotycki i pod koniec XVIII wieku zosta\u0142a gruntownie przebudowana. Od 1810 nale\u017ca\u0142a do \u017cydowskiej rodziny Oppenheim\u00f3w. Dzi\u0119ki \u017conie Ferdinanda Oppenheim w latach 1890-1940 dzia\u0142a\u0142a tu fundacja na rzecz ubogich i&#8230;<\/p>\n","protected":false},"author":1,"featured_media":2608,"parent":4079,"menu_order":83,"comment_status":"open","ping_status":"open","template":"","meta":{"_acf_changed":false,"footnotes":""},"class_list":["post-579","page","type-page","status-publish","has-post-thumbnail","hentry"],"acf":[],"_links":{"self":[{"href":"https:\/\/openheim.org\/pl\/wp-json\/wp\/v2\/pages\/579","targetHints":{"allow":["GET"]}}],"collection":[{"href":"https:\/\/openheim.org\/pl\/wp-json\/wp\/v2\/pages"}],"about":[{"href":"https:\/\/openheim.org\/pl\/wp-json\/wp\/v2\/types\/page"}],"author":[{"embeddable":true,"href":"https:\/\/openheim.org\/pl\/wp-json\/wp\/v2\/users\/1"}],"replies":[{"embeddable":true,"href":"https:\/\/openheim.org\/pl\/wp-json\/wp\/v2\/comments?post=579"}],"version-history":[{"count":0,"href":"https:\/\/openheim.org\/pl\/wp-json\/wp\/v2\/pages\/579\/revisions"}],"up":[{"embeddable":true,"href":"https:\/\/openheim.org\/pl\/wp-json\/wp\/v2\/pages\/4079"}],"wp:featuredmedia":[{"embeddable":true,"href":"https:\/\/openheim.org\/pl\/wp-json\/wp\/v2\/media\/2608"}],"wp:attachment":[{"href":"https:\/\/openheim.org\/pl\/wp-json\/wp\/v2\/media?parent=579"}],"curies":[{"name":"wp","href":"https:\/\/api.w.org\/{rel}","templated":true}]}}