{"id":580,"date":"2020-04-29T16:28:12","date_gmt":"2020-04-29T14:28:12","guid":{"rendered":"http:\/\/openheim.org\/architektura\/"},"modified":"2021-01-14T15:32:56","modified_gmt":"2021-01-14T14:32:56","slug":"architektura","status":"publish","type":"page","link":"https:\/\/openheim.org\/pl\/kamienica\/architektura\/","title":{"rendered":"Architektura"},"content":{"rendered":"<p>Do projektu przebudowy i rozbudowy budynku zaproszono, wy\u0142onione w drodze konkursu, wroc\u0142awskie biuro architektoniczne Major Architekci, a jego partnerem w tym niezwyk\u0142ym wyzwaniu zosta\u0142o \u015bwiatowej s\u0142awy studio J. Mayer H. z Berlina (zdobywca presti\u017cowej Red Dot Design Awards 2012).<\/p>\n<p>Prace renowacyjne przy zabytkowej kamienicy przeprowadzone zosta\u0142y w \u015bcis\u0142ej wsp\u00f3\u0142pracy z renomowanymi i do\u015bwiadczonymi konserwatorami z Fundacji Deutsch-Polnische Stiftung Kulturpflege und Denkmalschutz. Z uwagi na wielk\u0105 warto\u015b\u0107 zabytkowej tkanki architektonicznej i historycznej kamienicy, opracowany zosta\u0142 specjalny program edukacyjny dotycz\u0105cy renowacji obiektu dla polskich rzemie\u015blnik\u00f3w, kt\u00f3ry prowadzony by\u0142 pod kierunkiem dyplomowanych mistrz\u00f3w stolarstwa artystycznego z G\u00f6rlitz i Wroc\u0142awia.<\/p>\n<p>W procesie renowacji zachowano mi\u0119dzy innymi charakterystyczny zielony kolor fasady kamienicy z drugiej po\u0142owy lat 90-tych (przez wzgl\u0105d na ziele\u0144 w odcieniu lipy budynek nazywano \u201czielonym domem na placu Solnym\u201d) oraz fragmenty fresk\u00f3w z r\u00f3\u017cnych epok. S\u0105 to malowid\u0142a utrzymane w niebiesko-szarej oraz br\u0105zowej tonacji przedstawiaj\u0105ce motywy ro\u015blinne i owoce. Historycy sztuki uznali je za unikatowe znalezisko. Polichromie zosta\u0142y odrestaurowane i mo\u017cna je obecnie podziwia\u0107 we wn\u0119trzach kamienicy &#8211; na parterze, pierwszym i drugim pi\u0119trze.<\/p>\n<p>Przeprowadzona w latach 2013-2018 renowacja uznana zosta\u0142a za jeden z lepszych przyk\u0142ad\u00f3w tego typu dzia\u0142a\u0144 i funkcjonuje jako wz\u00f3r dobrych praktyk konserwatorskich.<\/p>\n","protected":false},"excerpt":{"rendered":"<p>Do projektu przebudowy i rozbudowy budynku zaproszono, wy\u0142onione w drodze konkursu, wroc\u0142awskie biuro architektoniczne Major Architekci, a jego partnerem w tym niezwyk\u0142ym wyzwaniu zosta\u0142o \u015bwiatowej s\u0142awy studio J. Mayer H. z Berlina (zdobywca presti\u017cowej Red Dot Design Awards 2012). Prace renowacyjne przy zabytkowej kamienicy przeprowadzone zosta\u0142y w \u015bcis\u0142ej wsp\u00f3\u0142pracy z renomowanymi i do\u015bwiadczonymi konserwatorami z Fundacji Deutsch-Polnische Stiftung Kulturpflege und Denkmalschutz. Z uwagi na wielk\u0105 warto\u015b\u0107 zabytkowej tkanki architektonicznej i&#8230;<\/p>\n","protected":false},"author":1,"featured_media":2602,"parent":4079,"menu_order":88,"comment_status":"open","ping_status":"open","template":"","meta":{"_acf_changed":false,"footnotes":""},"class_list":["post-580","page","type-page","status-publish","has-post-thumbnail","hentry"],"acf":[],"_links":{"self":[{"href":"https:\/\/openheim.org\/pl\/wp-json\/wp\/v2\/pages\/580","targetHints":{"allow":["GET"]}}],"collection":[{"href":"https:\/\/openheim.org\/pl\/wp-json\/wp\/v2\/pages"}],"about":[{"href":"https:\/\/openheim.org\/pl\/wp-json\/wp\/v2\/types\/page"}],"author":[{"embeddable":true,"href":"https:\/\/openheim.org\/pl\/wp-json\/wp\/v2\/users\/1"}],"replies":[{"embeddable":true,"href":"https:\/\/openheim.org\/pl\/wp-json\/wp\/v2\/comments?post=580"}],"version-history":[{"count":0,"href":"https:\/\/openheim.org\/pl\/wp-json\/wp\/v2\/pages\/580\/revisions"}],"up":[{"embeddable":true,"href":"https:\/\/openheim.org\/pl\/wp-json\/wp\/v2\/pages\/4079"}],"wp:featuredmedia":[{"embeddable":true,"href":"https:\/\/openheim.org\/pl\/wp-json\/wp\/v2\/media\/2602"}],"wp:attachment":[{"href":"https:\/\/openheim.org\/pl\/wp-json\/wp\/v2\/media?parent=580"}],"curies":[{"name":"wp","href":"https:\/\/api.w.org\/{rel}","templated":true}]}}