{"id":581,"date":"2020-04-29T16:28:12","date_gmt":"2020-04-29T14:28:12","guid":{"rendered":"http:\/\/openheim.org\/op-enheim\/"},"modified":"2025-11-13T13:34:04","modified_gmt":"2025-11-13T12:34:04","slug":"op-enheim","status":"publish","type":"page","link":"https:\/\/openheim.org\/pl\/kamienica\/op-enheim\/","title":{"rendered":"OP ENHEIM"},"content":{"rendered":"<p><strong>W niepowtarzalnej\u00a0barokowej kamienicy przy placu Solnym we Wroc\u0142awiu zosta\u0142a powo\u0142ana do \u017cycia Fundacja OP ENHEIM. Po gruntownej, trwaj\u0105cej blisko pi\u0119\u0107 lat renowacji, w czerwcu 2018 roku Dom Oppenheim\u00f3w oficjalnie otworzy\u0142 swoje drzwi dla odwiedzaj\u0105cych i partner\u00f3w, a w dniach 19-20 pa\u017adziernika 2018 r. zosta\u0142a zainaugurowana dzia\u0142alno\u015b\u0107 programowa Fundacji.<\/strong><\/p>\n<p><strong>Open heim, czyli dom otwarty&#8230; dla kultury<\/strong><\/p>\n<p>OP ENHEIM to przestrze\u0144 dla kultury we Wroc\u0142awiu, kt\u00f3ra obejmuje galeri\u0119 sztuki na pierwszym pi\u0119trze historycznej kamienicy oraz przepi\u0119kne poddasze z tarasem i widokiem na dachy budynk\u00f3w Starego Miasta. To tu, w kameralnym Salonie Herz, odbywaj\u0105 si\u0119 spotkania kulturalne, warsztaty oraz koncerty, m.in. muzyki eksperymentalnej. Fundacja stawia sobie za cel wspieranie sztuki wsp\u00f3\u0142czesnej poprzez rozw\u00f3j sieci wsp\u00f3\u0142pracy z instytucjami we Wroc\u0142awiu, Berlinie i w innych krajach europejskich. Program artystyczny OP ENHEIM zainaugurowany zosta\u0142 w pa\u017adzierniku wystaw\u0105 b\u0119d\u0105c\u0105 wynikiem wsp\u00f3\u0142pracy jednej z najbardziej utytu\u0142owanych polskich kuratorek sztuki, Andy Rottenberg, oraz znakomitego rze\u017abiarza i tw\u00f3rcy instalacji, Miros\u0142awa Ba\u0142ki.<\/p>\n<p><strong>Historia kamienicy<\/strong><\/p>\n<p>Wyj\u0105tkowy budynek przy placu Solnym 4 nale\u017cy do nielicznych w obr\u0119bie wroc\u0142awskiego Starego Miasta, kt\u00f3re bez uszkodze\u0144 przetrwa\u0142y obl\u0119\u017cenie i bombardowania Wroc\u0142awia podczas Festung Breslau. Jego historia si\u0119ga XIII wieku. Domem Oppenheim\u00f3w sta\u0142 si\u0119 w 1810 roku, kiedy to naby\u0142 go bankier, Heymann Oppenheim. W kolejnych dekadach kamienica by\u0142a rodzinn\u0105 rezydencj\u0105 i siedzib\u0105 nale\u017c\u0105cego do Oppenheim\u00f3w banku. Pe\u0142ni\u0142a r\u00f3wnie\u017c funkcj\u0119 wa\u017cnego centrum \u017cycia wroc\u0142awskiej spo\u0142eczno\u015bci \u017cydowskiej &#8211; przez ponad 40 lat na parterze kamienicy mie\u015bci\u0142 si\u0119 s\u0142ynny w ca\u0142ym mie\u015bcie i poza jego granicami sklep obuwniczy rodziny Herz z mi\u0119dzynarodow\u0105 sprzeda\u017c\u0105 wysy\u0142kow\u0105 (st\u0105d obecna nazwa wielofunkcyjnej sali na poddaszu budynku).<\/p>\n<p><img decoding=\"async\" class=\"alignnone size-full wp-image-569\" src=\"https:\/\/openheim.org\/wp-content\/uploads\/2020\/04\/2Q\" alt=\"Plakietka ze zdj\u0119ciem sklepu obuwniczego HERZ\" width=\"945\" height=\"629\" \/><\/p>\n<p>Kamienica by\u0142a tak\u017ce siedzib\u0105 fundacji baronowej Julie von Cohn\u2010Oppenheim, ma\u0142\u017conki Ferdynanda Oppenheima (wnuka pierwszego w\u0142a\u015bciciela), kt\u00f3ra wspomaga\u0142a ubogich i potrzebuj\u0105cych cz\u0142onk\u00f3w gminy \u017cydowskiej w \u00f3wczesnym Breslau. Okres wojny to oczywisty kres \u015bwietno\u015bci kamienicy. W 1941 roku budynek przej\u0119li nazi\u015bci, a mieszkaj\u0105cy tam \u017bydzi nale\u017celi do pierwszych, kt\u00f3rzy zostali wywiezieni na wsch\u00f3d. Po roku 1945, kiedy Wroc\u0142aw sta\u0142 si\u0119 miastem polskim, Dom Oppenheim\u00f3w wraz ze swoj\u0105 \u017cydowsk\u0105 histori\u0105 odszed\u0142 w niepami\u0119\u0107. Niszczej\u0105cy budynek zamieszkiwali polscy najemcy, a w\u0142adze komunistyczne skutecznie wymaza\u0142y ze \u015bwiadomo\u015bci publicznej niemieck\u0105 histori\u0119 kamienicy. Szansa na przywr\u00f3cenie dawnego blasku Domu Oppenheim\u00f3w pojawi\u0142a si\u0119, gdy w 2013 roku jego w\u0142a\u015bcicielem zosta\u0142a Fundacja OP ENHEIM.<\/p>\n<p><strong>Wzorowa renowacja<\/strong><\/p>\n<p>Do projektu przebudowy i rozbudowy budynku zaproszono, wy\u0142onione w drodze konkursu, wroc\u0142awskie biuro architektoniczne Major Architekci, a jego partnerem w tym niezwyk\u0142ym wyzwaniu zosta\u0142o \u015bwiatowej s\u0142awy studio J. Mayer H. z Berlina (zdobywca presti\u017cowej Red Dot Design Awards 2012). Prace renowacyjne przy zabytkowej kamienicy przeprowadzone zosta\u0142y w \u015bcis\u0142ej wsp\u00f3\u0142pracy z renomowanymi i do\u015bwiadczonymi konserwatorami z Fundacji Deutsch-Polnische Stiftung Kulturpflege und Denkmalschutz. Z uwagi na wielk\u0105 warto\u015b\u0107 zabytkowej tkanki architektonicznej i historycznej kamienicy, opracowany zosta\u0142 specjalny program edukacyjny dotycz\u0105cy renowacji obiektu dla polskich rzemie\u015blnik\u00f3w, kt\u00f3ry prowadzony by\u0142 pod kierunkiem dyplomowanych mistrz\u00f3w stolarstwa artystycznego z G\u00f6rlitz i Wroc\u0142awia.<\/p>\n<p><img decoding=\"async\" class=\"alignnone size-full wp-image-1660\" src=\"https:\/\/openheim.org\/wp-content\/uploads\/2020\/04\/2b6891f2f75e29ec65df8249285ea31e.jpeg\" alt=\"\" width=\"925\" height=\"615\" srcset=\"https:\/\/openheim.org\/wp-content\/uploads\/2020\/04\/2b6891f2f75e29ec65df8249285ea31e.jpeg 925w, https:\/\/openheim.org\/wp-content\/uploads\/2020\/04\/2b6891f2f75e29ec65df8249285ea31e-768x511.jpeg 768w\" sizes=\"(max-width: 925px) 100vw, 925px\" \/><\/p>\n<p>Zielona fasada kamienicy z lat 90-tych XX wieku, charakterystyczna i rozpoznawalna w\u015br\u00f3d mieszka\u0144c\u00f3w Wroc\u0142awia, zosta\u0142a przeprojektowana, zachowuj\u0105c swoj\u0105 kolorystyk\u0119 dopasowan\u0105, poprzez por\u00f3wnanie z obiektami referencyjnymi, do barokowego stylu budynku. \u015awietnie zachowa\u0142y si\u0119 r\u00f3wnie\u017c, pochodz\u0105ce z r\u00f3\u017cnych epok, odrestaurowane fragmenty fresk\u00f3w na parterze, pierwszym i drugim pi\u0119trze. Polichromie mo\u017cna podziwia\u0107 na co dzie\u0144 wewn\u0105trz kamienicy, w restauracji na parterze. Przeprowadzona w latach 2013-2018 renowacja uznana zosta\u0142a za jeden z lepszych przyk\u0142ad\u00f3w tego typu dzia\u0142a\u0144 i funkcjonuje jako wz\u00f3r dobrych praktyk konserwatorskich.<\/p>\n<p><strong>Drugie \u017cycie Domu Oppenheim\u00f3w<\/strong><\/p>\n<p>Od roku 2018 odrestaurowana z najwi\u0119ksz\u0105 staranno\u015bci\u0105 kamienica jest siedzib\u0105 OP ENHEIM. Wewn\u0105trz historycznego Domu Oppenheim\u00f3w, pr\u00f3cz przestrzeni zagospodarowanych przez Fundacj\u0119, znajduj\u0105 si\u0119 r\u00f3wnie\u017c biura partnerskie, mieszkanie dla artyst\u00f3w-rezydent\u00f3w (kt\u00f3rych dzia\u0142ania, wraz z prezentacjami prac z kolekcji Fundacji, wzbogaca\u0107 b\u0119d\u0105 program artystyczny OP ENHEIM) oraz lokalne gastronomiczne.\u00a0 Wraz z nowymi najemcami oraz dzia\u0142aniami wok\u00f3\u0142 kultury i sztuki Dom Oppenheim\u00f3w zaczyna t\u0119tni\u0107 \u017cyciem jak za czas\u00f3w swojej najwi\u0119kszej \u015bwietno\u015bci.<\/p>\n<p>ZAPRASZAMY DO OP ENHEIM! WE ARE <a href=\"https:\/\/www.instagram.com\/op_enheim\/\"><b>#openheim<\/b><\/a><\/p>\n","protected":false},"excerpt":{"rendered":"<p>W niepowtarzalnej\u00a0barokowej kamienicy przy placu Solnym we Wroc\u0142awiu zosta\u0142a powo\u0142ana do \u017cycia Fundacja OP ENHEIM. Po gruntownej, trwaj\u0105cej blisko pi\u0119\u0107 lat renowacji, w czerwcu 2018 roku Dom Oppenheim\u00f3w oficjalnie otworzy\u0142 swoje drzwi dla odwiedzaj\u0105cych i partner\u00f3w, a w dniach 19-20 pa\u017adziernika 2018 r. zosta\u0142a zainaugurowana dzia\u0142alno\u015b\u0107 programowa Fundacji. Open heim, czyli dom otwarty&#8230; dla kultury OP ENHEIM to przestrze\u0144 dla kultury we Wroc\u0142awiu, kt\u00f3ra obejmuje galeri\u0119 sztuki na pierwszym pi\u0119trze&#8230;<\/p>\n","protected":false},"author":1,"featured_media":2617,"parent":4079,"menu_order":87,"comment_status":"open","ping_status":"open","template":"","meta":{"_acf_changed":false,"footnotes":""},"class_list":["post-581","page","type-page","status-publish","has-post-thumbnail","hentry"],"acf":[],"_links":{"self":[{"href":"https:\/\/openheim.org\/pl\/wp-json\/wp\/v2\/pages\/581","targetHints":{"allow":["GET"]}}],"collection":[{"href":"https:\/\/openheim.org\/pl\/wp-json\/wp\/v2\/pages"}],"about":[{"href":"https:\/\/openheim.org\/pl\/wp-json\/wp\/v2\/types\/page"}],"author":[{"embeddable":true,"href":"https:\/\/openheim.org\/pl\/wp-json\/wp\/v2\/users\/1"}],"replies":[{"embeddable":true,"href":"https:\/\/openheim.org\/pl\/wp-json\/wp\/v2\/comments?post=581"}],"version-history":[{"count":14,"href":"https:\/\/openheim.org\/pl\/wp-json\/wp\/v2\/pages\/581\/revisions"}],"predecessor-version":[{"id":11335,"href":"https:\/\/openheim.org\/pl\/wp-json\/wp\/v2\/pages\/581\/revisions\/11335"}],"up":[{"embeddable":true,"href":"https:\/\/openheim.org\/pl\/wp-json\/wp\/v2\/pages\/4079"}],"wp:featuredmedia":[{"embeddable":true,"href":"https:\/\/openheim.org\/pl\/wp-json\/wp\/v2\/media\/2617"}],"wp:attachment":[{"href":"https:\/\/openheim.org\/pl\/wp-json\/wp\/v2\/media?parent=581"}],"curies":[{"name":"wp","href":"https:\/\/api.w.org\/{rel}","templated":true}]}}