{"id":583,"date":"2020-04-29T16:28:12","date_gmt":"2020-04-29T14:28:12","guid":{"rendered":"http:\/\/openheim.org\/kontakt\/"},"modified":"2025-10-22T10:55:42","modified_gmt":"2025-10-22T08:55:42","slug":"fundacja","status":"publish","type":"page","link":"https:\/\/openheim.org\/pl\/odwiedz-nas\/fundacja\/","title":{"rendered":"FUNDACJA OP ENHEIM"},"content":{"rendered":"<p><strong>Fundacja OP ENHEIM<\/strong><\/p>\n<p class=\"p1\"><span class=\"s1\">OP ENHEIM, unikatowa przestrzen\u0301 dla kultury we Wroc\u0142awiu, kt\u00f3ra obejmuje galerie\u0328 sztuki na pierwszym pie\u0328trze historycznej kamienicy Oppenheim\u00f3w oraz Salon Herz \u2013 poddasze z tarasem i widokiem na dachy budynk\u00f3w Starego Miasta \u2013 miejsce spotkan\u0301 i kameralnych koncert\u00f3w. Od 2018 roku mies\u0301ci sie\u0328 w niej siedziba fundacji OP ENHEIM, kt\u00f3ra stawia sobie za cel wspieranie i upowszechnianie sztuki wsp\u00f3\u0142czesnej poprzez rozw\u00f3j sieci wsp\u00f3\u0142pracy z instytucjami kultury we Wroc\u0142awiu, Berlinie i w innych miastach europejskich, edukacje\u0328 kulturalna\u0328, profesjonalizacje\u0328 i aktywizacje\u0328 sektora artystycznego, g\u0142\u00f3wnie sztuk wizualnych. <\/span><\/p>\n<p class=\"p1\"><span class=\"s1\">OP ENHEIM jest miejscem z\u0307ywo przypatruja\u0328cym sie\u0328 dynamice poste\u0328puja\u0328cych zmian toz\u0307samos\u0301ciowych, kulturowych i historycznych, o czym s\u0301wiadcza\u0328 podejmowane w ramach dzia\u0142alnos\u0301ci programowej wydarzenia. Programowo realizowany jest kompleksowy, interdyscyplinarny program wydarzen\u0301 kulturalnych, kt\u00f3re merytorycznie wzajemnie sie\u0328 uzupe\u0142niaja\u0328c (wystawy, dyskusje, konferencje, wyk\u0142ady, prezentacje, koncerty, warsztaty, odczyty), daj\u0105 mieszkan\u0301com Wroc\u0142awia oraz osobom przyjezdnym moz\u0307liwos\u0301c\u0301 uczestnictwa w wielopoziomowej ofercie kulturalnej.<\/span><\/p>\n<p>_____<\/p>\n<p><strong>Fundatorka Fundacji<br \/>\n<\/strong>Violetta Wojnowski<\/p>\n<ul>\n<li><strong>Zarz\u0105d Fundacji<\/strong><br \/>\n<span dir=\"ltr\" role=\"presentation\">Volkmar Umlauft &#8211; Prezes Fundacji<br role=\"presentation\" \/>Agnieszka Wr\u00f3blewska &#8211; Wiceprezes Fundacji<\/span><\/li>\n<li>Karolina Jara &#8211; Wiceprezes Fundacji<\/li>\n<\/ul>\n<p><strong>Rada Fundacji<\/strong><br \/>\nSebastian Moskal<br \/>\nViktor Wojnowski<\/p>\n<p><strong>Przewodnicz\u0105cy Kuratorium<br \/>\n<\/strong><span dir=\"ltr\" role=\"presentation\">Oscar Szerkus (GENTZ, Berlin)<\/span><\/p>\n<p><strong>Kuratorium Fundacji<br \/>\n<\/strong><span dir=\"ltr\" role=\"presentation\">Iwona Bigos (Pawilon Czterech Kopu\u0142, Wroc\u0142aw)<br \/>\nPiotr Dzik (VACO Retail Sp. z o.o.) <br role=\"presentation\" \/>Micha\u0142 Pawlik (Nethone, Berlin\/Warszawa)<br role=\"presentation\" \/>Katarzyna Pu\u017aniak (WOMAK S.A., Wroc\u0142aw)<br role=\"presentation\" \/>Konrad Schampera (SDZLEGAL Schindhelm International, Wroc\u0142aw)<br \/>\n<\/span><span style=\"font-size: inherit;\">Christopher Schmidt-M\u00fcnzberg (Verein zur Pflege schlesischer Kunst und Kultur e.V. (VSK))<br \/>\n<\/span><\/p>\n<p><strong>Fundacja OP ENHEIM<\/strong><br \/>\nPlac Solny 4<br \/>\n50-060 Wroc\u0142aw<br \/>\nKRS: 0000749071, NIP: 8971859574, REGON: 381342521<\/p>\n<p><strong>Raporty roczne<br \/>\n<\/strong><a href=\"https:\/\/womakholdingsa57b05-my.sharepoint.com\/:b:\/g\/personal\/vop_dysk_womakholdingsa57b05_onmicrosoft_com\/Ec-7a1YCd7xAnKo3hGjMv3MBxiRKSxqNW6-BoUBn362JBA?e=ZJS5SI\" target=\"_blank\" rel=\"noopener\">>> 2024<\/a><strong><br \/>\n<\/strong><a href=\"https:\/\/womakholdingsa57b05-my.sharepoint.com\/:b:\/g\/personal\/vop_dysk_womakholdingsa57b05_onmicrosoft_com\/ERtnXxqL7yZGncXI85l_fkoBqzB7jgjSNMHRMmOycpaW5g?e=ihM7hG\" target=\"_blank\" rel=\"noopener\">>> 2023<\/a><strong><br \/>\n<\/strong><a href=\"https:\/\/womakholdingsa57b05-my.sharepoint.com\/:b:\/g\/personal\/vop_dysk_womakholdingsa57b05_onmicrosoft_com\/Eb3lCVr3astFs4LCkkwEoCYBkt8zybHDg1i0dIrS1Y5Mjw?e=63BJdL\">>> 2022 <\/a><strong><br \/>\n<\/strong><a href=\"https:\/\/womakholdingsa57b05-my.sharepoint.com\/:b:\/g\/personal\/vop_dysk_womakholdingsa57b05_onmicrosoft_com\/Ect3nenuTstOqqXiJLhLa7QBr_cbF0PLbSjh48eNxcCzfg?e=MfviQO\">>> 2021 <\/a><br \/>\n<a href=\"https:\/\/womakholdingsa57b05-my.sharepoint.com\/:b:\/g\/personal\/vop_dysk_womakholdingsa57b05_onmicrosoft_com\/ETXo4Kjyn0dInEd0zzDSEZMBvpn0QObpD6vekG4llIFwnQ?e=aYZNOd\" target=\"_blank\" rel=\"noopener\">>> 2020 <\/a><br \/>\n<a href=\"https:\/\/womakholdingsa57b05-my.sharepoint.com\/:b:\/g\/personal\/vop_dysk_womakholdingsa57b05_onmicrosoft_com\/EfNSlZWBnSpNgh-PnQeegu8Bg__4X_AbYvNEgca5GWG7bA?e=9fSmp7\" target=\"_blank\" rel=\"noopener\">>> 2019 <\/a><\/p>\n<p>&nbsp;<\/p>\n","protected":false},"excerpt":{"rendered":"<p>Fundacja OP ENHEIM OP ENHEIM, unikatowa przestrzen\u0301 dla kultury we Wroc\u0142awiu, kt\u00f3ra obejmuje galerie\u0328 sztuki na pierwszym pie\u0328trze historycznej kamienicy Oppenheim\u00f3w oraz Salon Herz \u2013 poddasze z tarasem i widokiem na dachy budynk\u00f3w Starego Miasta \u2013 miejsce spotkan\u0301 i kameralnych koncert\u00f3w. Od 2018 roku mies\u0301ci sie\u0328 w niej siedziba fundacji OP ENHEIM, kt\u00f3ra stawia sobie za cel wspieranie i upowszechnianie sztuki wsp\u00f3\u0142czesnej poprzez rozw\u00f3j sieci wsp\u00f3\u0142pracy z instytucjami kultury we&#8230;<\/p>\n","protected":false},"author":1,"featured_media":4681,"parent":4157,"menu_order":42,"comment_status":"open","ping_status":"closed","template":"","meta":{"_acf_changed":false,"footnotes":""},"class_list":["post-583","page","type-page","status-publish","has-post-thumbnail","hentry"],"acf":[],"_links":{"self":[{"href":"https:\/\/openheim.org\/pl\/wp-json\/wp\/v2\/pages\/583","targetHints":{"allow":["GET"]}}],"collection":[{"href":"https:\/\/openheim.org\/pl\/wp-json\/wp\/v2\/pages"}],"about":[{"href":"https:\/\/openheim.org\/pl\/wp-json\/wp\/v2\/types\/page"}],"author":[{"embeddable":true,"href":"https:\/\/openheim.org\/pl\/wp-json\/wp\/v2\/users\/1"}],"replies":[{"embeddable":true,"href":"https:\/\/openheim.org\/pl\/wp-json\/wp\/v2\/comments?post=583"}],"version-history":[{"count":98,"href":"https:\/\/openheim.org\/pl\/wp-json\/wp\/v2\/pages\/583\/revisions"}],"predecessor-version":[{"id":11208,"href":"https:\/\/openheim.org\/pl\/wp-json\/wp\/v2\/pages\/583\/revisions\/11208"}],"up":[{"embeddable":true,"href":"https:\/\/openheim.org\/pl\/wp-json\/wp\/v2\/pages\/4157"}],"wp:featuredmedia":[{"embeddable":true,"href":"https:\/\/openheim.org\/pl\/wp-json\/wp\/v2\/media\/4681"}],"wp:attachment":[{"href":"https:\/\/openheim.org\/pl\/wp-json\/wp\/v2\/media?parent=583"}],"curies":[{"name":"wp","href":"https:\/\/api.w.org\/{rel}","templated":true}]}}