{"id":584,"date":"2020-04-29T16:28:12","date_gmt":"2020-04-29T14:28:12","guid":{"rendered":"http:\/\/openheim.org\/dla-prasy\/"},"modified":"2025-10-13T15:00:54","modified_gmt":"2025-10-13T13:00:54","slug":"dla-prasy","status":"publish","type":"page","link":"https:\/\/openheim.org\/pl\/dla-prasy\/","title":{"rendered":"Dla prasy"},"content":{"rendered":"<p><strong>KONTAKT<\/strong><br \/>\n<a href=\"mailto:press@openheim.org\">press@openheim.org<\/a><br \/>\nnatalia.gaj@openheim.org<br \/>\nTel: 601 656 335<\/p>\n<p><strong>MATERIA\u0141Y PRASOWE<br \/>\n<\/strong>OP ENHEIM Press kit | <a href=\"https:\/\/drive.google.com\/drive\/folders\/1k0YwMbwv_t2VF9lSc_6jOawfclm-2kku?usp=sharing\"><strong>LINK<\/strong><\/a><\/p>\n<p><strong>2025<\/strong><\/p>\n<p>\u2013 Ukryte Parametry | Anna Bera, Huba (Jakub Ciemachowski i\u00a0Piotr Ko\u0142akowski), Agata Marchlewicz, Olga Mici\u0144ska, Olga Milczy\u0144ska\/Wies\u0142aw Bartkowski, P55 Mirrors (Beata Ludwin i\u00a0\u0141ukasz Wo\u0142ek), Rest (Dominika Gacka i\u00a0Julia Piekarska), Jakub \u015awi\u0119cicki, Iza Tarasewicz, Zinaida Tchelidze, Marek Wodzis\u0142awski | <strong><a href=\"https:\/\/womakholdingsa57b05-my.sharepoint.com\/:f:\/g\/personal\/vop_dysk_womakholdingsa57b05_onmicrosoft_com\/Elj6FGGN-JVHjX0gGCz1nqgBn_aypQFTMrDSzubG0rGpww?e=O5Ge5X\" target=\"_blank\" rel=\"noopener\">LINK<\/a><\/strong><br \/>\n\u2013\u00a0Trwaj\u0105c bez powrotu | Jessica Ostrowicz | <strong><a href=\"https:\/\/womakholdingsa57b05-my.sharepoint.com\/:f:\/g\/personal\/vop_dysk_womakholdingsa57b05_onmicrosoft_com\/EuVY1vk2TEJLl8QWsjVR_-IBrM5bnFH6N5bEDSuHBAmEfw?e=e7BjMA\" target=\"_blank\" rel=\"noopener\">LINK<\/a><\/strong><br \/>\n\u2013 R\u00f3b to, czego sobie \u017cyczysz | Banasiak \u2013 B\u0142ach \u2013 Duda \u2013 Stefaniak | <strong><a href=\"https:\/\/womakholdingsa57b05-my.sharepoint.com\/:f:\/g\/personal\/vop_dysk_womakholdingsa57b05_onmicrosoft_com\/EngTgEIIp29DhR65bHAag9IBeCan98PbI3OD72UqzHBVQA?e=w4h57j\" target=\"_blank\" rel=\"noopener\">LINK<\/a><\/strong><\/p>\n<p><strong>2024<\/strong><\/p>\n<p>\u2013 Olaf Brzeski | Excellent! | <strong><a href=\"https:\/\/drive.google.com\/drive\/folders\/10os-d5FDJ-OnuZUXuXKfJe4Xvo3yvUNg?usp=sharing\" target=\"_blank\" rel=\"noopener\">LINK<\/a><\/strong><br \/>\n\u2013 COMMON THREADS | <strong><a href=\"https:\/\/drive.google.com\/drive\/folders\/1PkSVFyPPQnVmeDrIHNRgofVKGoNk6mce?usp=sharing\" target=\"_blank\" rel=\"noopener\">LINK<\/a><\/strong><br \/>\n\u2013 ODK\u0141ADAJ\u0104C RZECZY NA MIEJSCE. \u017bYDOWSCY BRESLAUERZY I ICH PRZEDMIOTY | <strong><a href=\"https:\/\/drive.google.com\/drive\/folders\/1BSHvhCpSgO6HCQOZspVVUQ8nOob8nBvg?usp=sharing\" target=\"_blank\" rel=\"noopener\">LINK<\/a><\/strong><br \/>\n\u2013 NIE CZAS \u017bA\u0141OWA\u0106 R\u00d3\u017b, GDY P\u0141ON\u0104 LASY |<strong> <a href=\"https:\/\/drive.google.com\/drive\/folders\/1Jj2wt3ej2z9pT6yx3WlVCxZeqkxfl0Bg?usp=drive_link\" target=\"_blank\" rel=\"noopener\">LINK<\/a><\/strong><br \/>\n\u2013 Ceremonia wmurowania Stolpersteine | <strong><a href=\"https:\/\/drive.google.com\/drive\/folders\/1iJtdgF25AATQXgg5ofDzXd2uU8DxsGhJ?usp=drive_link\" target=\"_blank\" rel=\"noopener\">LINK<\/a><\/strong><\/p>\n<p><strong>2023<br \/>\n<\/strong>\u2013 RO\u015aNIE WE MNIE TO SAMO, CO WE MNIE MALEJE | <strong><a href=\"https:\/\/drive.google.com\/drive\/folders\/1rfhYa6QfpoPTsWuWcpPzZCMsv9Bpnj48?usp=sharing\" target=\"_blank\" rel=\"noopener\"><span style=\"color: #339966;\">LINK<\/span><\/a><\/strong><br \/>\n\u2013 5 URODZINY OP ENHEIM | <strong><a href=\"https:\/\/drive.google.com\/drive\/folders\/1iS3Jsd_xgWSn7LHlwyWv0IpyLLaWoOke?usp=sharing\" target=\"_blank\" rel=\"noopener\"><span style=\"color: #339966;\">LINK<\/span><\/a><\/strong><br \/>\n\u2013 THIRD SKIN | <strong><a href=\"https:\/\/drive.google.com\/drive\/folders\/1H_szQhTyLF0yQO0V1J78rmS-nJEhlxKj?usp=drive_link\" target=\"_blank\" rel=\"noopener\"><span style=\"color: #339966;\">LINK<\/span><\/a><br \/>\n<\/strong><strong>\u2013 <\/strong>Widzenie Cia\u0142em. Kolekcja Galerii Studio | <strong><a href=\"https:\/\/drive.google.com\/drive\/folders\/1Rxts6ZHTv4QRndCcoiiK_I4EhgJjWK3q?usp=share_link\" target=\"_blank\" rel=\"noopener\">LINK<\/a><br \/>\n\u2013 <\/strong><span class=\"S1PPyQ\">Life Takes on a Different Meaning | <\/span><strong><span class=\"S1PPyQ\" style=\"color: #000000;\"><a style=\"color: #000000;\" href=\"https:\/\/drive.google.com\/drive\/folders\/194EJtS7ZA7Pr3465kd1-nYKADiwQ3GsC?usp=sharing\">LINK<\/a><\/span><br \/>\n\u2013 <\/strong><span class=\"S1PPyQ\">OP_BOOKS | Spotkanie autorskie z Olg\u0105 Tokarczuk i Joann\u0105 Concejo <\/span>|<strong><a href=\"https:\/\/drive.google.com\/drive\/folders\/1VW4bTXikn-hWCpsP8CohmMAqBLE1gwTY?usp=sharing\" target=\"_blank\" rel=\"noopener\"> LINK<\/a><\/strong><\/p>\n<p><strong>2022<br \/>\n<\/strong>\u2013 6 septembre Hommage \u00e0 Christian Boltanski | <strong><a href=\"https:\/\/drive.google.com\/drive\/folders\/1q8eRIq44k75o6whn_C6gnmCYX4fzoMcZ?usp=sharing\" target=\"_blank\" rel=\"noopener\">LINK<\/a><\/strong><br \/>\n\u2013 OP_Talks | Moda w czasach niepokoju | <a href=\"https:\/\/drive.google.com\/drive\/folders\/13CeKLeXqAAl_RaGrRnNdVxzPSqAQ5oY0?usp=sharing\"><strong>LINK<\/strong><\/a><br \/>\n<span style=\"font-size: inherit;\">\u2013 Justyna Adamczyk, Przesz\u0142o\u015b\u0107 nie przemija, bo wiecznie jest tworzona na nowo |<\/span><strong style=\"font-size: inherit;\"><a href=\"https:\/\/drive.google.com\/drive\/folders\/10Q9bJbzwyRAopwrmI06_TI5AeBr6c2kr?usp=sharing\" target=\"_blank\" rel=\"noopener\">\u00a0LINK<\/a><br \/>\n<\/strong>\u2013 Obrz\u0119dy Intymne | Lewandowska &#8211; Marcjasz &#8211; Tofan | <a href=\"https:\/\/drive.google.com\/drive\/folders\/1WWMTX7Eas1f4ykew_SJvhv6_uygQSRir?usp=sharing\"><strong>LINK<\/strong><\/a><\/p>\n<p><strong>2021<br \/>\n<\/strong>\u2013 Slavs and Tatars. <span style=\"font-weight: 400;\">LONG LVIVE LVIV. \u0421\u041b\u0410\u0412\u0410 \u0417\u0410 \u0411\u0420\u0415\u0421\u041b\u0410\u0412\u0410<\/span> | <strong><a href=\"https:\/\/drive.google.com\/drive\/folders\/1GeCADlbxieLv1vTAtCMP3DNc-e0AHsPq?usp=sharing\">LINK<\/a><br \/>\n<\/strong>\u2013 Z sercem do historii. O Stolpersteine powstaj\u0105cych w OP ENHEIM | <strong><a href=\"https:\/\/drive.google.com\/drive\/folders\/1DwCnvIASh9rmATllu9ei-Yz_JEah7HQF?usp=sharing\">LINK<\/a><\/strong><strong><br \/>\n<\/strong>\u2013 Can Art Save the Planet. Konferencja | <strong><a href=\"https:\/\/drive.google.com\/drive\/folders\/1hvbjaot7RaX0GXvRVpWZsoNHcgPaOmvK?usp=sharing\">LINK<\/a><\/strong><br \/>\n\u2013 OPopatrz, popatrz! Cykl dzia\u0142a\u0144 dla dzieci, m\u0142odzie\u017cy i rodzin | <a href=\"https:\/\/drive.google.com\/drive\/folders\/1DwCnvIASh9rmATllu9ei-Yz_JEah7HQF?usp=sharing\"><strong>LINK<\/strong><\/a><br \/>\n\u2013 Angelika Markul. Formu\u0142a czasu |\u00a0 <strong><a href=\"https:\/\/drive.google.com\/drive\/folders\/1Uqg7Aj5Vngp-ajrVo8p6Fayc5RX2MuFN?usp=sharing\">LINK<\/a><\/strong><br \/>\n\u2013 OP_Young &#8211; otwarty nab\u00f3r na realizacje artystyczne |\u00a0 <strong><a href=\"https:\/\/drive.google.com\/drive\/folders\/1xYPTE4K-WhHne5Ro3J_MsxciavOS8xgD?usp=sharing\">LINK<\/a><br \/>\n<\/strong>\u2013 Every Truth has Four Corners. Art from Berlin: Prace z kolekcji Volkera Diehla | <strong>\u00a0<a href=\"https:\/\/drive.google.com\/drive\/folders\/1jFacYZjI0wZz-f9vovRFH05-X5K-BHfs?usp=sharing\">LINK<\/a><br \/>\n<\/strong><\/p>\n<p><strong>2020<\/strong><br \/>\n\u2013 Air Wants to Go. Dominik Lejman | 17.10-16.12.2020 | <strong><a href=\"https:\/\/drive.google.com\/drive\/folders\/1-9-Ultt4EeHTTMyKqKF6h_x9FIgP1ZMw\">LINK<\/a><u><br \/>\n<\/u><\/strong>\u2013 OP_Young &#8211; prezentacje prac Laureat\u00f3w i Laureatek | 20.09-6.10.2020 | <a href=\"https:\/\/drive.google.com\/drive\/folders\/184XXYgAzsD8gWp1PGCzEM9DB7mQSUdkb\"><strong>LINK<\/strong><\/a><br \/>\n\u2013 Asana Fujikawa &#038; David Hockney. Postacie p\u0142yn\u0105cego \u015bwiata | 31.01-30.04.2020 | <strong><a href=\"https:\/\/drive.google.com\/drive\/u\/0\/folders\/1bVu2-mS920Hjw-I1wLoCDKcNj-b27qH0\">LINK<\/a><\/strong><br \/>\n\u2013 DIE SAMMLUNG____ OP ENHEIM \/ ABIS | 11.10.2019-10.01.2020 | <a href=\"https:\/\/drive.google.com\/drive\/folders\/1v9tSuhm5pVHRwMtKHrJScuOZq9kKyZYM?usp=sharing\"><strong>LINK<\/strong><\/a><\/p>\n<p><strong>2019<br \/>\n<\/strong>\u2013 OP_FAME &#8211; cykl edukacyjny, edycja jesienna | 25, 26, 27.10.2019 | <a href=\"https:\/\/drive.google.com\/drive\/folders\/1jfWLHWMpMDXizsiXXyRjXT-nQDuz7L2P\"><strong>LINK<\/strong><\/a><br \/>\n\u2013 Ludzie jak bogowie | 9. TIFF Festival \/\/ \u015awiaty | 4-29.09.2019 | <a href=\"https:\/\/drive.google.com\/drive\/folders\/1-sIVd4NA9vXtrGo8nHtzVs5OTxoTLKcY\"><strong>LINK<\/strong><\/a><br \/>\n\u2013 Albert Serra \/\/ Roi Soleil | 19. MFF Nowe Horyzonty | 26.07-4.08.2019 | <strong><a href=\"https:\/\/drive.google.com\/drive\/folders\/1mjVVDvbqoHIiJyPyrm3zE8R3QsxJbwDF\">LINK<\/a><\/strong><br \/>\n\u2013 Pog\u0142osy Wroc\u0142awia. Rezydencja artystyczna Anki Kasperskiej | 4-30.06.2019 | <strong><a href=\"https:\/\/drive.google.com\/drive\/folders\/1wCjDtgS9SC1PJZBwmKaJgfeRnnkN4FtK\">LINK<\/a><\/strong><br \/>\n\u2013 Lives in Between &#8211; dzie\u0144 otwarty OP ENHEIM | 8.06.2019 | <a href=\"https:\/\/drive.google.com\/drive\/folders\/13U0qgEPuUVqqGqswLJGhzMb5Z3N_pco9\"><strong>LINK<\/strong><\/a><br \/>\n\u2013 The Space in Between &#8211; warsztaty taneczno-ruchowe | 6-7.06.2019 | <strong><a href=\"https:\/\/drive.google.com\/drive\/folders\/1w63y0w_5oi4rUrlBj-2QHf0dZKLTq9gN\">LINK<\/a><\/strong><br \/>\n\u2013 OP_FAME &#8211; cykl edukacyjny, edycja wiosenna | 16, 17, 30.03.2019 | <a href=\"https:\/\/drive.google.com\/open?id=1fvBMCb0wzTtWpSw0FJ29SpwY3wZfpNkq\"><strong>LINK<\/strong><\/a><br \/>\n\u2013 Lesereihe &#8211; cykl spotka\u0144 | 17.01, 19.02, 25.03.2019 |<strong> <a href=\"https:\/\/drive.google.com\/open?id=1oKYw8gBD4uEapYyNkQQ-zfTbiNRLzWhI\">LINK<\/a><\/strong><br \/>\n\u2013 Debata &#8222;Ojczyzna &#8211; \u0142\u0105czy czy dzieli?&#8221; | 23.01.2019 | <a href=\"https:\/\/drive.google.com\/open?id=1YTrv-FIZZqFooSwHxTsWRmdksPo2OYgK\"><strong>LINK<\/strong><\/a><\/p>\n<p><strong>2018<br \/>\n<\/strong>\u2013 Polsko-Niemiecki Tydzie\u0144 Spotka\u0144 | 3-9.12.2018 | <a href=\"https:\/\/drive.google.com\/open?id=1Ml1LfGCFw4kEnm4_fhMvE6ulIYMSMy4A\"><strong>LINK<\/strong><\/a><br \/>\n\u2013 Dorota Nieznalska &#8211; warsztaty | 16, 17, 18.11.2018 |<strong> <a href=\"https:\/\/drive.google.com\/open?id=1-6yaBBByxh9-T6BuRR-bPUhIYqsJTOJO\">LINK<\/a><\/strong><br \/>\n\u2013 Miros\u0142aw Ba\u0142ka. 1\/1\/1\/1\/1 | 20.10.2018-31.01.2019 | <a href=\"https:\/\/drive.google.com\/open?id=1-AP4fZwxlhCY3_iqo1HrsybR8uAEaxeI\"><strong>LINK<\/strong><\/a><\/p>\n","protected":false},"excerpt":{"rendered":"<p>KONTAKT press@openheim.org natalia.gaj@openheim.org Tel: 601 656 335 MATERIA\u0141Y PRASOWE OP ENHEIM Press kit | LINK 2025 \u2013 Ukryte Parametry | Anna Bera, Huba (Jakub Ciemachowski i\u00a0Piotr Ko\u0142akowski), Agata Marchlewicz, Olga Mici\u0144ska, Olga Milczy\u0144ska\/Wies\u0142aw Bartkowski, P55 Mirrors (Beata Ludwin i\u00a0\u0141ukasz Wo\u0142ek), Rest (Dominika Gacka i\u00a0Julia Piekarska), Jakub \u015awi\u0119cicki, Iza Tarasewicz, Zinaida Tchelidze, Marek Wodzis\u0142awski | LINK \u2013\u00a0Trwaj\u0105c bez powrotu | Jessica Ostrowicz | LINK \u2013 R\u00f3b to, czego sobie \u017cyczysz |&#8230;<\/p>\n","protected":false},"author":1,"featured_media":0,"parent":0,"menu_order":45,"comment_status":"open","ping_status":"open","template":"","meta":{"_acf_changed":false,"footnotes":""},"class_list":["post-584","page","type-page","status-publish","hentry"],"acf":[],"_links":{"self":[{"href":"https:\/\/openheim.org\/pl\/wp-json\/wp\/v2\/pages\/584","targetHints":{"allow":["GET"]}}],"collection":[{"href":"https:\/\/openheim.org\/pl\/wp-json\/wp\/v2\/pages"}],"about":[{"href":"https:\/\/openheim.org\/pl\/wp-json\/wp\/v2\/types\/page"}],"author":[{"embeddable":true,"href":"https:\/\/openheim.org\/pl\/wp-json\/wp\/v2\/users\/1"}],"replies":[{"embeddable":true,"href":"https:\/\/openheim.org\/pl\/wp-json\/wp\/v2\/comments?post=584"}],"version-history":[{"count":79,"href":"https:\/\/openheim.org\/pl\/wp-json\/wp\/v2\/pages\/584\/revisions"}],"predecessor-version":[{"id":11146,"href":"https:\/\/openheim.org\/pl\/wp-json\/wp\/v2\/pages\/584\/revisions\/11146"}],"wp:attachment":[{"href":"https:\/\/openheim.org\/pl\/wp-json\/wp\/v2\/media?parent=584"}],"curies":[{"name":"wp","href":"https:\/\/api.w.org\/{rel}","templated":true}]}}