{"id":5922,"date":"2021-11-04T14:56:58","date_gmt":"2021-11-04T13:56:58","guid":{"rendered":"https:\/\/openheim.org\/pl\/?page_id=5922"},"modified":"2021-11-15T17:23:53","modified_gmt":"2021-11-15T16:23:53","slug":"orientalstudies","status":"publish","type":"page","link":"https:\/\/openheim.org\/pl\/wystawy\/archiwum\/slavs-and-tatars-long-lvive-lviv\/orientalstudies\/","title":{"rendered":"Historia Katedry Orientalistyki"},"content":{"rendered":"<p><strong>Slavs and Tatars. LONG LVIVE LVIV. \u0421\u041b\u0410\u0412\u0410 \u0417\u0410 \u0411\u0420\u0415\u0421\u041b\u0410\u0412A<\/strong><\/p>\n<p><strong>Czas trwania:<\/strong>\u00a016.10.2021\u201331.01.2022 r.<br \/>\n<strong>Wernisa\u017c:<\/strong>\u00a015.10.2021r., godz. 18:30<br \/>\nDo\u0142\u0105cz do wydarzenia na Facebooku:\u00a0<a href=\"https:\/\/www.facebook.com\/events\/667432860901490\">LINK<\/a><\/p>\n<p>&nbsp;<\/p>\n<p><strong>KONTEKSTY &#8211; HISTORIA KATEDRY ORIENTALISTYKI<\/strong><\/p>\n<p>Punkt wyj\u015bcia do wystawy stanowi Katedra Orientalistyki, kt\u00f3ra do II wojny \u015bwiatowej istnia\u0142a na Uniwersytecie Jana Kazimierza, dzi\u015b Ivana Franki we Lwowie. Charakterystyczn\u0105 dla tego wydzia\u0142u cech\u0105, by\u0142o prowadzenie bada\u0144 oraz nauczanie j\u0119zyk\u00f3w ukierunkowanych na Wsch\u00f3d. Tradycj\u0119 orientalistyczn\u0105 we Lwowie zapocz\u0105tkowa\u0142 w XVII wieku misjonarz katolicki Micha\u0142 Boim, jednak dopiero od 1784 roku, a wi\u0119c od momentu, w kt\u00f3rym orientalistyka pojawi\u0142a si\u0119 na Wydziale Teologicznym, mo\u017cna m\u00f3wi\u0107 o formowaniu si\u0119 badawczego, powa\u017cniejszego podej\u015bcia do dyscypliny. <em>W roku 1805, na podstawie rozporz\u0105dzenia cesarskiego o po\u0142\u0105czeniu Uniwersytetu Lwowskiego z Krakowskim, w ramach rozbudowy Wydzia\u0142u Teologicznego mia\u0142y powsta\u0107 katedry j\u0119zyk\u00f3w orientalnych: hebrajskiego, chaldejskiego, syryjskiego i arabskiego oraz staro\u017cytno\u015bci hebrajskich i ksi\u0105g Starego Testamentu. Podobny wniosek o kreowaniu katedry j\u0119zyk\u00f3w wschodnich (hebrajski, syryjski, chaldejski) i archeologii biblijnej oraz filologii i egzegezy Starego Testamentu uchwali\u0142a Rada Wydzia\u0142u Teologicznego w 1815 roku<a href=\"#_ftn1\" name=\"_ftnref1\"><sup><strong>[1]<\/strong><\/sup><\/a>. <\/em>Do pocz\u0105tku XX wieku nie by\u0142o jednak we Lwowie regularnych studi\u00f3w tego typu, a\u017c do 1916 roku, kiedy to za spraw\u0105 Moj\u017cesza Schorra, utworzona zosta\u0142a pierwsza <em>Katedra nadzwyczajna j\u0119zyk\u00f3w semickich i historii staro\u017cytnego semickiego Wschodu<\/em><a href=\"#_ftn2\" name=\"_ftnref2\"><sup>[2]<\/sup><\/a>. Od tego te\u017c momentu tzw. orientalistyka lwowska zacz\u0119\u0142a si\u0119 rozwija\u0107, do czego przyczyni\u0142 si\u0119 zatrudniony tam rok p\u00f3\u017aniej Andrzej Gawro\u0144ski &#8211; prowadzi\u0142 on Katedr\u0119 j\u0119zykoznawstwa indoeuropejskiego por\u00f3wnawczego i filologii indyjskiej. Warto zaznaczy\u0107, \u017ce nie tylko Lw\u00f3w, ale te\u017c Krak\u00f3w posiada\u0142 wybitn\u0105 katedr\u0119 studi\u00f3w orientalistycznych, co wi\u0105za\u0142o si\u0119 z tym, \u017ce wybitne postacie polskiej orientalistyki, takie jak Andrzej Gawro\u0144ski, Franciszek Machalski czy Tadeusz Lewicki, zazwyczaj nauczali zar\u00f3wno w krakowskiej, jaki lwowskiej katedrze.\u00a0 Jednak tym, co wyr\u00f3\u017cnia\u0142o lwowsk\u0105 wszechnic\u0119, to orientacja na nauki zwi\u0105zane z Dalekim Wschodem. Dobr\u0105 pass\u0119 i rozw\u00f3j katedry przerwany zosta\u0142 przez II wojn\u0119 \u015bwiatow\u0105 oraz b\u0119d\u0105c\u0105 jej nast\u0119pstwem, przesuni\u0119ciem granic, co doprowadzi\u0142o do opuszczenia Lwowa przez znaczn\u0105 cz\u0119\u015b\u0107 kadry naukowej i zasilenia o\u015brodk\u00f3w w Krakowie i Warszawie. Byli to bardzo utalentowani i uznani wyk\u0142adowcy, kt\u00f3rzy przyczynili si\u0119 do wykszta\u0142cenia kolejnych pokole\u0144 polskich orientalist\u00f3w. Aktualnie studia orientalistyczne mo\u017cna odby\u0107 w wi\u0119kszo\u015bci polskich uniwersytet\u00f3w.<\/p>\n<p><a href=\"#_ftnref1\" name=\"_ftn1\"><sup>[1]<\/sup><\/a> Patrz: <em><<\/em><a href=\"https:\/\/ioo.filg.uj.edu.pl\/our-institute\">https:\/\/ioo.filg.uj.edu.pl\/our-institute<\/a>> [dost\u0119p z dn. 28.08.2021]<\/p>\n<p><a href=\"#_ftnref2\" name=\"_ftn2\"><sup>[2]<\/sup><\/a> K.W.Olszowska, <em>Orientalistyka lwowska i krakowska \u2013 dwa o\u015brodki naukowe oraz ich wzajemne powi\u0105zania<\/em>,[w:] \u201ePrace Historyczne\u201d, nr 145, 2018 [online]<\/p>\n<p>______________<\/p>\n<p>Organizator: OP ENHEIM<br \/>\nWsp\u00f3\u0142organizator: VOP<br \/>\nMecenas honorowy: Womak Holding SA<br \/>\nPartnerzy: Muzeum Tatrza\u0144skie im. Dra Tytusa Cha\u0142ubi\u0144skiego w Zakopanem, Komisja Europejska Parlamentu Europejskiego, agitPolska e.V, Gmina Wroc\u0142aw, Wroc\u0142awskie Centrum Rozwoju Spo\u0142ecznego, ZA* Grupa, Fundacja Wsp\u00f3\u0142pracy Polsko-Niemieckiej, Kolegium Europy Wschodniej im. Jana Nowaka Jeziora\u0144skiego, OPEN Reklama Oksana Solnik-Krzy\u017canowska, Galeria Raster, Keim, Kubota, Warsaw Gallery Weekend<br \/>\nPatroni medialni: Vogue Polska, NN6T<\/p>\n<p>W\u0142a\u015bcicielem u\u017cyczanych muzeali\u00f3w, tj. kobierc\u00f3w wschodnich z kolekcji Rodziny Kulczykich jest Muzeum Tatrza\u0144skie im. Dra Tytusa Cha\u0142ubi\u0144skiego w Zakopanem.<\/p>\n<p>Wydarzenie obj\u0119te jest Honorowym Patronatem Prezydenta Wroc\u0142awia.<br \/>\nProjekt wsp\u00f3\u0142finansowany ze \u015brodk\u00f3w Gminy Wroc\u0142aw (www.wroclaw.pl) oraz Fundacji Wsp\u00f3\u0142pracy Polsko-Niemieckiej.<\/p>\n","protected":false},"excerpt":{"rendered":"<p>Slavs and Tatars. LONG LVIVE LVIV. \u0421\u041b\u0410\u0412\u0410 \u0417\u0410 \u0411\u0420\u0415\u0421\u041b\u0410\u0412A Czas trwania:\u00a016.10.2021\u201331.01.2022 r. Wernisa\u017c:\u00a015.10.2021r., godz. 18:30 Do\u0142\u0105cz do wydarzenia na Facebooku:\u00a0LINK &nbsp; KONTEKSTY &#8211; HISTORIA KATEDRY ORIENTALISTYKI Punkt wyj\u015bcia do wystawy stanowi Katedra Orientalistyki, kt\u00f3ra do II wojny \u015bwiatowej istnia\u0142a na Uniwersytecie Jana Kazimierza, dzi\u015b Ivana Franki we Lwowie. Charakterystyczn\u0105 dla tego wydzia\u0142u cech\u0105, by\u0142o prowadzenie bada\u0144 oraz nauczanie j\u0119zyk\u00f3w ukierunkowanych na Wsch\u00f3d. Tradycj\u0119 orientalistyczn\u0105 we Lwowie zapocz\u0105tkowa\u0142 w XVII wieku&#8230;<\/p>\n","protected":false},"author":2,"featured_media":0,"parent":4966,"menu_order":49,"comment_status":"closed","ping_status":"closed","template":"","meta":{"_acf_changed":false,"footnotes":""},"class_list":["post-5922","page","type-page","status-publish","hentry"],"acf":[],"_links":{"self":[{"href":"https:\/\/openheim.org\/pl\/wp-json\/wp\/v2\/pages\/5922","targetHints":{"allow":["GET"]}}],"collection":[{"href":"https:\/\/openheim.org\/pl\/wp-json\/wp\/v2\/pages"}],"about":[{"href":"https:\/\/openheim.org\/pl\/wp-json\/wp\/v2\/types\/page"}],"author":[{"embeddable":true,"href":"https:\/\/openheim.org\/pl\/wp-json\/wp\/v2\/users\/2"}],"replies":[{"embeddable":true,"href":"https:\/\/openheim.org\/pl\/wp-json\/wp\/v2\/comments?post=5922"}],"version-history":[{"count":5,"href":"https:\/\/openheim.org\/pl\/wp-json\/wp\/v2\/pages\/5922\/revisions"}],"predecessor-version":[{"id":5970,"href":"https:\/\/openheim.org\/pl\/wp-json\/wp\/v2\/pages\/5922\/revisions\/5970"}],"up":[{"embeddable":true,"href":"https:\/\/openheim.org\/pl\/wp-json\/wp\/v2\/pages\/4966"}],"wp:attachment":[{"href":"https:\/\/openheim.org\/pl\/wp-json\/wp\/v2\/media?parent=5922"}],"curies":[{"name":"wp","href":"https:\/\/api.w.org\/{rel}","templated":true}]}}