{"id":5929,"date":"2021-11-04T15:06:29","date_gmt":"2021-11-04T14:06:29","guid":{"rendered":"https:\/\/openheim.org\/pl\/?page_id=5929"},"modified":"2021-11-15T17:23:58","modified_gmt":"2021-11-15T16:23:58","slug":"kulczyccy","status":"publish","type":"page","link":"https:\/\/openheim.org\/pl\/wystawy\/archiwum\/slavs-and-tatars-long-lvive-lviv\/kulczyccy\/","title":{"rendered":"Historia kolekcji Rodziny Kulczyckich"},"content":{"rendered":"<p><strong>Slavs and Tatars. LONG LVIVE LVIV. \u0421\u041b\u0410\u0412\u0410 \u0417\u0410 \u0411\u0420\u0415\u0421\u041b\u0410\u0412A<\/strong><\/p>\n<p><strong>Czas trwania:<\/strong>\u00a016.10.2021\u201331.01.2022 r.<br \/>\n<strong>Wernisa\u017c:<\/strong>\u00a015.10.2021r., godz. 18:30<br \/>\nDo\u0142\u0105cz do wydarzenia na Facebooku:\u00a0<a href=\"https:\/\/www.facebook.com\/events\/667432860901490\">LINK<\/a><\/p>\n<p>&nbsp;<\/p>\n<p><strong>KONTEKSTY &#8211; HISTORIA KOLEKCJI RODZINY KULCZYCKICH<\/strong><\/p>\n<p>Narracja wystawy odgrywa si\u0119 na tle wyj\u0105tkowej kolekcji kobierc\u00f3w i tkanin wschodnich W\u0142odzimierza i Jerzego Kulczyckich. Ten niezwyk\u0142y zbi\u00f3r, kt\u00f3ry bardzo rzadko opuszcza aktualne miejsce przechowywania, czyli Muzeum Tatrza\u0144skie im. Dra. Tytusa Cha\u0142ubi\u0144skiego w Zakopanem, sw\u00f3j pocz\u0105tek ma w 1906 roku, w kt\u00f3rym to profesor W\u0142odzimierz Kulczycki (1862\u20131936), lekarz weterynarii, wyk\u0142adowca i rektor Akademii Weterynaryjnej we Lwowie, zakupi\u0142 pierwsze egzemplarze dywan\u00f3w, makat i kilim\u00f3w. W\u0142odzimierz Kulczycki od pocz\u0105tku kierowa\u0142 si\u0119 naukowym podej\u015bciem do swojej pasji, co wida\u0107 w wytyczonym dla kolekcji kierunku &#8211; mia\u0142a ona bowiem <em>reprezentowa\u0107 kobiernictwo wszystkich narod\u00f3w Azji Mniejszej, Azji \u015arodkowej, Iranu i Kaukazu<\/em><a href=\"#_ftn1\" name=\"_ftnref1\"><sup>[1]<\/sup><\/a>. Warto zaznaczy\u0107, \u017ce zainteresowania ojca, przej\u0105\u0142 syn &#8211; Jerzy Kulczycki (1898\u20131974), archeolog, historyk sztuki, profesor Uniwersytetu Warszawskiego, kt\u00f3ry z powodzeniem kontynuowa\u0142 dzie\u0142o ojca. W okresie mi\u0119dzywojennym kolekcja kobierc\u00f3w znacznie si\u0119 rozros\u0142a &#8211; do 1940 roku liczy\u0142a ponad dwie\u015bcie obiekt\u00f3w i by\u0142a wielokrotnie prezentowana na wystawach czasowych. Dzi\u0119ki Jerzemu Kulczyckiemu tkaniny przetrwa\u0142y zar\u00f3wno bombardowanie Lwowa z roku 1941, b\u0119d\u0105cego pocz\u0105tkiem pogrom\u00f3w lwowskich, jak r\u00f3wnie\u017c ca\u0142\u0105 akcj\u0119 przesiedle\u0144cz\u0105 (1944-1946). Przy pomocy wielu przychylnych ludzi, Jerzemu Kulczyckiemu uda\u0142o si\u0119 wywie\u017a\u0107 do Warszawy ca\u0142\u0105 kolekcj\u0119, <em>gdzie przez wiele lat przechowywana by\u0142a pod podw\u00f3jn\u0105 pod\u0142og\u0105 w jednopokojowym mieszkaniu pa\u0144stwa Kulczyckich<\/em><a href=\"#_ftn2\" name=\"_ftnref2\"><sup>[2]<\/sup><\/a>. W 1964 roku,\u00a0 kolekcja zosta\u0142a rozdzielona. Cz\u0119\u015b\u0107 z nich, a dok\u0142adnie 66 tzw. kobierc\u00f3w dworskich trafi\u0142o na Wawel, co zbieg\u0142o si\u0119 z czasem, w kt\u00f3rym rodzina Kulczyckich przenios\u0142a si\u0119 na Podhale. Na wystawie w OP ENHEIM mo\u017cna podziwia\u0107 wyb\u00f3r tkanin, kt\u00f3re w 1977 roku Anna Kulczycka, wdowa po Jerzym Kulczyckim, ofiarowa\u0142a Muzeum Tatrza\u0144skiemu w Zakopanem. Dar ten liczy\u0142 65 obiekt\u00f3w. Pozosta\u0142e kobierce pozosta\u0142y w posiadaniu rodziny. Co ciekawe, ca\u0142a kolekcja tylko raz, bo w 2006 roku zosta\u0142a zaprezentowana w ca\u0142o\u015bci, podczas wyj\u0105tkowej wystawy, kt\u00f3ra zorganizowana zosta\u0142a w Zamku Kr\u00f3lewskiego na Wawelu.<\/p>\n<p>Zbi\u00f3r kobierc\u00f3w wschodnich zawiera obiekty o nieocenionej warto\u015bci, kt\u00f3re (w zale\u017cno\u015bci od rodzaju) pochodz\u0105 XVI-XIX wieku i s\u0105 przyk\u0142adem dziedzictwa czterech g\u0142\u00f3wnych obszar\u00f3w Bliskiego i \u015arodkowego Wschodu \u2013 Turcji, Persji, Kaukazu i Azji Centralnej. Aspekt ten, istotny jest dla prezentowanej w OP ENHEIM wystawy, gdy\u017c splata si\u0119 zar\u00f3wno z podejmowanymi w Katedrze Orientalistyki naukami, jak r\u00f3wnie\u017c euroazjatyckim obszarem zainteresowa\u0144 kolektywu Slavs and Tatars.<\/p>\n<p><a href=\"#_ftnref1\" name=\"_ftn1\"><sup>[1]<\/sup><\/a> Patrz: <em><<\/em>https:\/\/muzeumtatrzanskie.pl\/filie\/galeria-sztuki-na-kozincu\/> [dost\u0119p z dn. 29.08.2021]<\/p>\n<p><a href=\"#_ftnref2\" name=\"_ftn2\"><sup>[2]<\/sup><\/a> Patrz: <em><<\/em> https:\/\/muzeumtatrzanskie.pl\/filie\/galeria-sztuki-na-kozincu\/> [dost\u0119p z dn. 29.08.2021]<\/p>\n<p>______________<\/p>\n<p>Organizator: OP ENHEIM<br \/>\nWsp\u00f3\u0142organizator: VOP<br \/>\nMecenas honorowy: Womak Holding SA<br \/>\nPartnerzy: Muzeum Tatrza\u0144skie im. Dra Tytusa Cha\u0142ubi\u0144skiego w Zakopanem, Komisja Europejska Parlamentu Europejskiego, agitPolska e.V, Gmina Wroc\u0142aw, Wroc\u0142awskie Centrum Rozwoju Spo\u0142ecznego, ZA* Grupa, Fundacja Wsp\u00f3\u0142pracy Polsko-Niemieckiej, Kolegium Europy Wschodniej im. Jana Nowaka Jeziora\u0144skiego, OPEN Reklama Oksana Solnik-Krzy\u017canowska, Galeria Raster, Keim, Kubota, Warsaw Gallery Weekend<br \/>\nPatroni medialni: Vogue Polska, NN6T<\/p>\n<p>W\u0142a\u015bcicielem u\u017cyczanych muzeali\u00f3w, tj. kobierc\u00f3w wschodnich z kolekcji Rodziny Kulczykich jest Muzeum Tatrza\u0144skie im. Dra Tytusa Cha\u0142ubi\u0144skiego w Zakopanem.<\/p>\n<p>Wydarzenie obj\u0119te jest Honorowym Patronatem Prezydenta Wroc\u0142awia.<br \/>\nProjekt wsp\u00f3\u0142finansowany ze \u015brodk\u00f3w Gminy Wroc\u0142aw (www.wroclaw.pl) oraz Fundacji Wsp\u00f3\u0142pracy Polsko-Niemieckiej.<\/p>\n","protected":false},"excerpt":{"rendered":"<p>Slavs and Tatars. LONG LVIVE LVIV. \u0421\u041b\u0410\u0412\u0410 \u0417\u0410 \u0411\u0420\u0415\u0421\u041b\u0410\u0412A Czas trwania:\u00a016.10.2021\u201331.01.2022 r. Wernisa\u017c:\u00a015.10.2021r., godz. 18:30 Do\u0142\u0105cz do wydarzenia na Facebooku:\u00a0LINK &nbsp; KONTEKSTY &#8211; HISTORIA KOLEKCJI RODZINY KULCZYCKICH Narracja wystawy odgrywa si\u0119 na tle wyj\u0105tkowej kolekcji kobierc\u00f3w i tkanin wschodnich W\u0142odzimierza i Jerzego Kulczyckich. Ten niezwyk\u0142y zbi\u00f3r, kt\u00f3ry bardzo rzadko opuszcza aktualne miejsce przechowywania, czyli Muzeum Tatrza\u0144skie im. Dra. Tytusa Cha\u0142ubi\u0144skiego w Zakopanem, sw\u00f3j pocz\u0105tek ma w 1906 roku, w kt\u00f3rym&#8230;<\/p>\n","protected":false},"author":2,"featured_media":0,"parent":4966,"menu_order":48,"comment_status":"closed","ping_status":"closed","template":"","meta":{"_acf_changed":false,"footnotes":""},"class_list":["post-5929","page","type-page","status-publish","hentry"],"acf":[],"_links":{"self":[{"href":"https:\/\/openheim.org\/pl\/wp-json\/wp\/v2\/pages\/5929","targetHints":{"allow":["GET"]}}],"collection":[{"href":"https:\/\/openheim.org\/pl\/wp-json\/wp\/v2\/pages"}],"about":[{"href":"https:\/\/openheim.org\/pl\/wp-json\/wp\/v2\/types\/page"}],"author":[{"embeddable":true,"href":"https:\/\/openheim.org\/pl\/wp-json\/wp\/v2\/users\/2"}],"replies":[{"embeddable":true,"href":"https:\/\/openheim.org\/pl\/wp-json\/wp\/v2\/comments?post=5929"}],"version-history":[{"count":4,"href":"https:\/\/openheim.org\/pl\/wp-json\/wp\/v2\/pages\/5929\/revisions"}],"predecessor-version":[{"id":5969,"href":"https:\/\/openheim.org\/pl\/wp-json\/wp\/v2\/pages\/5929\/revisions\/5969"}],"up":[{"embeddable":true,"href":"https:\/\/openheim.org\/pl\/wp-json\/wp\/v2\/pages\/4966"}],"wp:attachment":[{"href":"https:\/\/openheim.org\/pl\/wp-json\/wp\/v2\/media?parent=5929"}],"curies":[{"name":"wp","href":"https:\/\/api.w.org\/{rel}","templated":true}]}}