{"id":600,"date":"2020-04-29T16:28:18","date_gmt":"2020-04-29T14:28:18","guid":{"rendered":"http:\/\/openheim.org\/op-fame\/"},"modified":"2021-07-31T13:44:11","modified_gmt":"2021-07-31T11:44:11","slug":"op-fame","status":"publish","type":"page","link":"https:\/\/openheim.org\/pl\/projekty\/op-fame\/","title":{"rendered":"OP_Fame"},"content":{"rendered":"<p><strong>OP_FAME, czyli cykl edukacyjny dla artyst\u00f3w w OP ENHEIM we Wroc\u0142awiu! Ruszy\u0142y zapisy. OP_FAME to cykl konferencji, warsztat\u00f3w, wizyt studyjnych skierowanych do artyst\u00f3w sztuk wizualnych i kurator\u00f3w, kt\u00f3rzy chcieliby dowiedzie\u0107 si\u0119 z czym wi\u0105\u017ce si\u0119 zawodowa praca w sektorze kultury i sztuki, a dodatkowo poszerzy\u0107 wiedz\u0119 z zakresu rynku sztuki, rezydencji artystycznych i wsp\u00f3\u0142pracy na linii artysta-galeria.<\/strong><\/p>\n<p><span style=\"font-weight: normal;\">OP_FAME, w rozwini\u0119ciu OP_Future Art Market Education, to przygotowany przez OP ENHEIM cykl warsztat\u00f3w, konferencji, wizyt studyjnych i dyskusji, w kt\u00f3rych udzia\u0142 wezm\u0105 liczni specjali\u015bci z obszaru sztuk wizualnych. Projekt ten ma charakter edukacyjny i powsta\u0142 aby umo\u017cliwi\u0107 tw\u00f3rcom wi\u0119kszy dost\u0119p do wiedzy z zakresu: mobilno\u015bci mi\u0119dzynarodowej, aktywno\u015bci zawodowej \u015brodowiska artystycznego, poznania modeli pracy z galeri\u0105, organizacji, planowania i zawodu artysty<\/span><\/p>\n<p><span style=\"font-weight: normal;\">OP_FAME jest projektem bazuj\u0105cym na wymianie wiedzy i do\u015bwiadcze\u0144 w celu podnoszenia kompetencji zawodowych os\u00f3b zaanga\u017cowanych w dzia\u0142alno\u015b\u0107 w obszarze sztuki i rynku sztuki wsp\u00f3\u0142czesnej. &#8211; m\u00f3wi Kama Wr\u00f3bel, dyrektor programowa OP ENHEIM &#8211; Formu\u0142a opieraj\u0105ca si\u0119 na warsztatach, gdzie wiedza jest na bie\u017c\u0105co aktualizowana, a do\u015bwiadczenie podlega ci\u0105g\u0142ej konfrontacji ze zmianami na rynku sztuki, co daje mo\u017cliwo\u015b\u0107 prowadzenia nowoczesnej edukacji. Program specjalistycznych warsztat\u00f3w skierowany zosta\u0142 do artyst\u00f3w oraz kurator\u00f3w. Networking grupy artyst\u00f3w i przysz\u0142ych kurator\u00f3w oraz galerzyst\u00f3w we wsp\u00f3lnym projekcie podnosi skuteczno\u015b\u0107 efekt\u00f3w projektu i b\u0119dzie mie\u0107 znaczenie dla rozwoju lokalnego i ponadlokalnego rynku sztuki. Szczeg\u00f3lnie, \u017ce w OP ENHEIM uczestnicy b\u0119d\u0105 mieli szans\u0119 spotka\u0107 si\u0119 i osobi\u015bcie porozmawia\u0107 z do\u015bwiadczonymi ekspertami takimi jaki: m.in. Asia \u017bak Persons z berli\u0144skiej galerii \u017bak-Branicka, Marta Ko\u0142akowska z warszawskiej Galerii Leto, Agnieszka Kubicka-Dzieduszycka z Centrum Sztuki WRO, krytyk i kurator Stach Szab\u0142owski czy Andrea Hilger, M\u00e1ty\u00e1s Dunajcsik z drezde\u0144skiego biennale &#8211; OSTRALE.<\/span><\/p>\n<p><span style=\"font-weight: normal;\">Przygotowane warsztaty stan\u0105 si\u0119 nie tylko okazj\u0105 do bezpo\u015bredniego, otwartego kontaktu z ekspertami i praktykami danej dziedziny, ale poszerz\u0105 tak\u017ce kompetencje uczestnik\u00f3w, ich praktyczne umiej\u0119tno\u015bci i b\u0119d\u0105 okazj\u0105 rozprawienia si\u0119 z mitami i powielanymi stereotypami. Program wydarze\u0144 jest ca\u0142oroczny, ale podzielony zosta\u0142 na dwa g\u0142\u00f3wne bloki &#8211; pierwszy z nich obj\u0105\u0142 wydarzenia w dniach 16, 17 i 30 marca 2019, a drugi odb\u0119dzie si\u0119 w dniach 25-27 pa\u017adziernika 2019 roku. W mi\u0119dzyczasie, w okresie od kwietnia do wrze\u015bnia odby\u0142y tak\u017ce wizyty studyjne, w ramach kt\u00f3rych wybrani uczestnicy warsztat\u00f3w i konferencji odwiedzili Berlin, Drezno, Warszaw\u0119 i Wroc\u0142aw.<\/span><\/p>\n<p>W marcu 2019 odby\u0142a si\u0119 pierwsza cz\u0119\u015b\u0107 projektu po\u015bwi\u0119cona zagadnieniom zwi\u0105zanym z mobilno\u015bci\u0105 w sztuce oraz sposobom promocji i reprezentacji galeryjnej. Tematyka pa\u017adziernikowej edycji z kolei b\u0119dzie\u00a0oscylowa\u0142a wok\u00f3\u0142 zagadnie\u0144 rynku sztuki i kolekcjonerstwa, prawa autorskiego, jak r\u00f3wnie\u017c procesu tw\u00f3rczego.<\/p>\n<p>_________________________<\/p>\n<p><strong><a href=\"http:\/\/bit.ly\/2LX4cB4\">Opis konferencji<\/a><\/strong><br \/>\n<strong><a href=\"http:\/\/bit.ly\/2Kgeuci\">Opis warsztat\u00f3w<\/a><\/strong><br \/>\n<strong><a href=\"http:\/\/bit.ly\/2Kbopkw\">Press kit<\/a><\/strong><\/p>\n<p>&nbsp;<\/p>\n","protected":false},"excerpt":{"rendered":"<p>OP_FAME, czyli cykl edukacyjny dla artyst\u00f3w w OP ENHEIM we Wroc\u0142awiu! Ruszy\u0142y zapisy. OP_FAME to cykl konferencji, warsztat\u00f3w, wizyt studyjnych skierowanych do artyst\u00f3w sztuk wizualnych i kurator\u00f3w, kt\u00f3rzy chcieliby dowiedzie\u0107 si\u0119 z czym wi\u0105\u017ce si\u0119 zawodowa praca w sektorze kultury i sztuki, a dodatkowo poszerzy\u0107 wiedz\u0119 z zakresu rynku sztuki, rezydencji artystycznych i wsp\u00f3\u0142pracy na linii artysta-galeria. OP_FAME, w rozwini\u0119ciu OP_Future Art Market Education, to przygotowany przez OP ENHEIM cykl&#8230;<\/p>\n","protected":false},"author":1,"featured_media":2618,"parent":4057,"menu_order":69,"comment_status":"open","ping_status":"open","template":"","meta":{"_acf_changed":false,"footnotes":""},"class_list":["post-600","page","type-page","status-publish","has-post-thumbnail","hentry"],"acf":[],"_links":{"self":[{"href":"https:\/\/openheim.org\/pl\/wp-json\/wp\/v2\/pages\/600","targetHints":{"allow":["GET"]}}],"collection":[{"href":"https:\/\/openheim.org\/pl\/wp-json\/wp\/v2\/pages"}],"about":[{"href":"https:\/\/openheim.org\/pl\/wp-json\/wp\/v2\/types\/page"}],"author":[{"embeddable":true,"href":"https:\/\/openheim.org\/pl\/wp-json\/wp\/v2\/users\/1"}],"replies":[{"embeddable":true,"href":"https:\/\/openheim.org\/pl\/wp-json\/wp\/v2\/comments?post=600"}],"version-history":[{"count":2,"href":"https:\/\/openheim.org\/pl\/wp-json\/wp\/v2\/pages\/600\/revisions"}],"predecessor-version":[{"id":5395,"href":"https:\/\/openheim.org\/pl\/wp-json\/wp\/v2\/pages\/600\/revisions\/5395"}],"up":[{"embeddable":true,"href":"https:\/\/openheim.org\/pl\/wp-json\/wp\/v2\/pages\/4057"}],"wp:featuredmedia":[{"embeddable":true,"href":"https:\/\/openheim.org\/pl\/wp-json\/wp\/v2\/media\/2618"}],"wp:attachment":[{"href":"https:\/\/openheim.org\/pl\/wp-json\/wp\/v2\/media?parent=600"}],"curies":[{"name":"wp","href":"https:\/\/api.w.org\/{rel}","templated":true}]}}