{"id":607,"date":"2020-04-29T16:28:18","date_gmt":"2020-04-29T14:28:18","guid":{"rendered":"http:\/\/openheim.org\/archiwum\/"},"modified":"2025-11-20T13:53:32","modified_gmt":"2025-11-20T12:53:32","slug":"archiwum","status":"publish","type":"page","link":"https:\/\/openheim.org\/pl\/wystawy\/archiwum\/","title":{"rendered":"Archiwum"},"content":{"rendered":"<p><strong>Program<\/strong><\/p>\n<p><a href=\"https:\/\/openheim.org\/pl\/wystawy\/archiwum\/air-wants-to-go-dominik-lejman\/\"><em>Air Wants to Go<\/em>. Dominik Lejman | 17.10-16.12.2020 >><\/a><br \/>\n<a href=\"https:\/\/openheim.org\/pl\/wystawy\/archiwum\/op_young-krzyzanowska-piskorska-jakubowicz\/\">OP_Young | Krzy\u017canowska, Piskorska, Jakubowicz | 17.09-6.10.2020 >><\/a><br \/>\n<a href=\"https:\/\/openheim.org\/pl\/wystawy\/archiwum\/op_young-oktawian-jurczykowski\/\">OP_Young | Oktawian Jurczykowski | 20.08-6.09.2020 >><\/a><br \/>\n<a href=\"https:\/\/openheim.org\/pl\/wystawy\/archiwum\/asana-fujikawa-david-hockney-postacie-plynacego-swiata-1\/\">Asana Fujikawa &#038; David Hockney. <em>Postacie p\u0142yn\u0105cego \u015bwiata<\/em> | 1.02-30.08.2020 >><\/a><br \/>\n<a href=\"https:\/\/openheim.org\/pl\/wystawy\/archiwum\/die-sammlung-op-enheim-abis\/\">DIE SAMMLUNG___OP ENHEIM\/ABIS | 12.10.2019-10.01.2020 >><\/a><br \/>\n<a href=\"https:\/\/openheim.org\/pl\/wystawy\/archiwum\/miroslaw-balka-1-1-1-1-1-1\/\">Miros\u0142aw Ba\u0142ka <i>1\/1\/1\/1\/1<\/i> | 20.1.2018 \u2013 31.01.2019 >><\/a><br \/>\n<a href=\"https:\/\/openheim.org\/pl\/wystawy\/archiwum\/hubert-czerepok-wszystko-jest-ciemnoscia\/\">Hubert Czerepok <i>Wszystko jest ciemno\u015bci\u0105<\/i> | 20.12.2016 \u2013 15.02.2017 >><\/a><\/p>\n<p><b>Go\u015bcinne<br \/>\n<\/b><\/p>\n<p><a href=\"https:\/\/openheim.org\/pl\/wystawy\/archiwum\/albert-serra-roi-soleil-19-mff-nowe-horyzonty\/\">Albert Serra\u00a0<i>Roi Soleil<\/i>\u00a0w ramach 19. MFF Nowe Horyzonty | 26.07-04.08.2019 >><\/a><br \/>\n<a href=\"https:\/\/openheim.org\/pl\/wystawy\/archiwum\/ludzie-jak-bogowie-tiff-festival-2019\/\"><i>Ludzie jak bogowie<\/i>\u00a0w ramach TIFF Festival \/\/ \u015awiaty w OP ENHEIM\u00a0|\u00a004-29.09.2019\u00a0>><\/a><\/p>\n","protected":false},"excerpt":{"rendered":"<p>Program Air Wants to Go. Dominik Lejman | 17.10-16.12.2020 >> OP_Young | Krzy\u017canowska, Piskorska, Jakubowicz | 17.09-6.10.2020 >> OP_Young | Oktawian Jurczykowski | 20.08-6.09.2020 >> Asana Fujikawa &#038; David Hockney. Postacie p\u0142yn\u0105cego \u015bwiata | 1.02-30.08.2020 >> DIE SAMMLUNG___OP ENHEIM\/ABIS | 12.10.2019-10.01.2020 >> Miros\u0142aw Ba\u0142ka 1\/1\/1\/1\/1 | 20.1.2018 \u2013 31.01.2019 >> Hubert Czerepok Wszystko jest ciemno\u015bci\u0105 | 20.12.2016 \u2013 15.02.2017 >> Go\u015bcinne Albert Serra\u00a0Roi Soleil\u00a0w ramach 19. MFF Nowe Horyzonty |&#8230;<\/p>\n","protected":false},"author":1,"featured_media":0,"parent":589,"menu_order":90,"comment_status":"open","ping_status":"closed","template":"","meta":{"_acf_changed":false,"footnotes":""},"class_list":["post-607","page","type-page","status-publish","hentry"],"acf":[],"_links":{"self":[{"href":"https:\/\/openheim.org\/pl\/wp-json\/wp\/v2\/pages\/607","targetHints":{"allow":["GET"]}}],"collection":[{"href":"https:\/\/openheim.org\/pl\/wp-json\/wp\/v2\/pages"}],"about":[{"href":"https:\/\/openheim.org\/pl\/wp-json\/wp\/v2\/types\/page"}],"author":[{"embeddable":true,"href":"https:\/\/openheim.org\/pl\/wp-json\/wp\/v2\/users\/1"}],"replies":[{"embeddable":true,"href":"https:\/\/openheim.org\/pl\/wp-json\/wp\/v2\/comments?post=607"}],"version-history":[{"count":1,"href":"https:\/\/openheim.org\/pl\/wp-json\/wp\/v2\/pages\/607\/revisions"}],"predecessor-version":[{"id":11376,"href":"https:\/\/openheim.org\/pl\/wp-json\/wp\/v2\/pages\/607\/revisions\/11376"}],"up":[{"embeddable":true,"href":"https:\/\/openheim.org\/pl\/wp-json\/wp\/v2\/pages\/589"}],"wp:attachment":[{"href":"https:\/\/openheim.org\/pl\/wp-json\/wp\/v2\/media?parent=607"}],"curies":[{"name":"wp","href":"https:\/\/api.w.org\/{rel}","templated":true}]}}