{"id":618,"date":"2020-04-29T16:28:18","date_gmt":"2020-04-29T14:28:18","guid":{"rendered":"http:\/\/openheim.org\/albert-serra-roi-soleil-19-mff-nowe-horyzonty\/"},"modified":"2021-07-31T14:15:21","modified_gmt":"2021-07-31T12:15:21","slug":"albert-serra-roi-soleil-19-mff-nowe-horyzonty","status":"publish","type":"page","link":"https:\/\/openheim.org\/pl\/wystawy\/archiwum\/albert-serra-roi-soleil-19-mff-nowe-horyzonty\/","title":{"rendered":"Albert Serra. Roi Soleil | 19. MFF Nowe Horyzonty"},"content":{"rendered":"<p><strong>Roi Soleil<br \/>\nInstalacja audiowizualna<br \/>\nRe\u017c. Albert Serra, Hiszpania, Portugalia 2018, 61\u2019<br \/>\nOpieka kuratorska: Kama Wr\u00f3bel<\/strong><\/p>\n<p><strong><i>Roi Soleil <\/i>to najnowsza realizacja Alberta Serry, b\u0119d\u0105ca bezpo\u015brednim nast\u0119pstwem <i>\u015amierci Ludwika XIV <\/i>(2016) jego autorstwa. Katalo\u0144ski re\u017cyser podj\u0105\u0142 rozbudowane dzia\u0142anie audiowizualne, \u0142\u0105cz\u0105c elementy kinematografii, performance\u2019u oraz instalacji artystycznej. Ta niecodzienna kompozycja b\u0119dzie mia\u0142a swoj\u0105 polsk\u0105 premier\u0119 26 lipca w galerii OP ENHEIM w ramach 19. Mi\u0119dzynarodowego Festiwalu Filmowego Nowe Horyzonty.<\/strong><\/p>\n<p><span style=\"font-weight: normal;\">W 2016 roku Albert Serra przedstawi\u0142 nam swoj\u0105 wizj\u0119 \u015bmierci Ludwika XIV. Teraz, w <i>Roi Soleil<\/i>, przywraca w\u0142adc\u0119 do \u017cycia, umieszczaj\u0105c go w minimalistycznym wn\u0119trzu galerii sztuki, wype\u0142nionym intensywnie czerwonym neonowym \u015bwiat\u0142em. W tej przestrzeni widzimy cierpi\u0105cego samotnie francuskiego monarch\u0119.<\/span><\/p>\n<p><span style=\"font-weight: normal;\">W posta\u0107 tytu\u0142owego Kr\u00f3la S\u0142o\u0144ce wciela si\u0119 Llu\u00eds Serrat Massanellas, kt\u00f3ry mi\u0119dzy innymi dzi\u0119ki swojej charakterystycznej aparycji wypada w tej roli bardzo przekonuj\u0105co. Cia\u0142o cierpi\u0105cego kr\u00f3la \u2013 ubrane w peruk\u0119 i haftowany kaftan, pe\u0142zaj\u0105ce po pod\u0142odze, przytulone do \u015bcian \u2013 przeistacza si\u0119 w obiekt artystyczny przypisany do ascetycznej przestrzeni galerii. Agonia Ludwika raz bawi, innym razem zachwyca. Nie ma tu miejsca na trwog\u0119. Czy Serrat j\u0119czy, bo \u2013 b\u0119d\u0105c kr\u00f3lem \u2013 umiera, czy te\u017c dlatego, \u017ce uwiera go kaftan, pij\u0105 rajtuzy, a wielka peruka rozgrzewa mu niemi\u0142osiernie g\u0142ow\u0119? Re\u017cyser prowadzi widza do swoistej immersji w przedstawion\u0105 scen\u0119. <i>Roi Soleil<\/i> \u0142\u0105czy w sobie elementy kinematografii, performance\u2019u i instalacji artystycznej, przenikaj\u0105ce si\u0119 ze sob\u0105 zar\u00f3wno w procesie tworzenia dzie\u0142a, jak i jego ekspozycji. Film zdoby\u0142 Grand Prix festiwalu dokument\u00f3w FID Marseille. Pokazywano go w \u015bwiatowej klasy galeriach, m.in. w Tate Modern w Londynie oraz w Fundaci\u00f3 Antoni T\u00e0pies.<\/span><\/p>\n<p><span style=\"font-weight: normal;\">\u2013 Kino Serry to (&#8230;) si\u0119ganie do pra\u017ar\u00f3de\u0142, przejaw najbardziej konserwatywnej awangardy &#8211; z jej minimalizmem, antypsychologizmem i korzystaniem z kulturowych archetyp\u00f3w, kt\u00f3re zast\u0119puj\u0105 fabularne perypetie. \u2013 pisze Rafa\u0142 Syska w <i>Filmowym neomodernizmie<\/i>.<\/span><\/p>\n<p><span style=\"font-weight: normal;\">Serra jest ironicznym moralist\u0105, portretuj\u0105cym i parodiuj\u0105cym filary europejskiej cywilizacji. Okre\u015bla si\u0119 go jako jednego z najbardziej wyrazistych przedstawicieli <i>slow cinema<\/i>. P\u0142ynnie porusza si\u0119 mi\u0119dzy kinem a obszarem sztuk wizualnych, st\u0105d te\u017c m.in. wielowymiarowo\u015b\u0107 artystyczna projektu <i>Roi Soleil<\/i> \/ <i>Kr\u00f3l S\u0142o\u0144ce<\/i>. Jest autorem m.in. <i>Honoru Rycerza <\/i>(2006), <i>\u015apiewu ptak\u00f3w<\/i> (2008), <i>Historii mojej \u015bmierci<\/i> (2013) czy <i>\u015amierci Ludwika XIV<\/i> (2017).<\/span><\/p>\n<p><span style=\"font-weight: normal;\">Polska premiera tego niecodziennego projektu odb\u0119dzie si\u0119 w galerii OP ENHEIM przy Placu Solnym 4. Wydarzenie towarzyszy 19. Mi\u0119dzynarodowemu Festiwalowi Filmowemu Nowe Horyzonty. <i>Roi Soleil<\/i> w galerii OP ENHEIM b\u0119dzie mo\u017cna ogl\u0105da\u0107 od 26 lipca do 4 sierpnia.<\/span><\/p>\n<p><span style=\"font-weight: normal;\">Stworzona przez Dr Blooma kompozycja kwiatowa w swym charakterze oddaje ducha epoki, przywodz\u0105c jednocze\u015bnie na my\u015bl motyw vanitas czy symbolik\u0119 martwych natur, kt\u00f3re \u0142\u0105cz\u0105c si\u0119 z przemijaniem, doskonale wpisuj\u0105 si\u0119 w histori\u0119 umieraj\u0105cego kr\u00f3la. Polska premiera tego niecodziennego projektu odbywa si\u0119 w galerii OP ENHEIM przy Placu Solnym 4. Doktora Blooma mo\u017cecie znale\u017a\u0107 w Kwiaciarni Dr Bloom przy ul. Kluczborskiej 3 we Wroc\u0142awiu.<\/span><\/p>\n<p><span style=\"font-weight: normal;\">Zapraszamy serdecznie do zapoznania si\u0119 z pe\u0142n\u0105 informacj\u0105 nt. <a href=\"https:\/\/www.nowehoryzonty.pl\/artykul.do?id=2535\">retrospektywy Alberta Serry, cz\u0119\u015bci programu 19. MFF Nowe Horyzonty<\/a><span style=\"color: inherit;\">.<\/span><\/span><\/p>\n<p>______________<\/p>\n<p><span style=\"font-weight: normal;\">Galeria OP ENHEIM, I p.<br \/>\n26 lipca &#8211; 4 sierpnia 2019<br \/>\nGodziny otwarcia:<br \/>\nPoniedzia\u0142ek &#8211; pi\u0105tek | 11:00-19:00<br \/>\nSobota |\u00a012:00-18:00<br \/>\nNiedziela |\u00a012:00-16:00<\/span><\/p>\n<p>&nbsp;<\/p>\n<p>&nbsp;<\/p>\n","protected":false},"excerpt":{"rendered":"<p>Albert Serra, katalo\u0144ski re\u017cyser w groteskowy spos\u00f3b chce nam przybli\u017cy\u0107 agoni\u0119 Ludwika XIV, zedrze\u0107 otoczk\u0119 luksusu i powagi z idola europejskiej cywilizacji. \u201eRoi Soleil\u201d \u0142\u0105czy w sobie elementy kinematografii, performance\u2019u i instalacji artystycznej, przenikaj\u0105ce si\u0119 ze sob\u0105 zar\u00f3wno w procesie tworzenia dzie\u0142a, jak i jego ekspozycji. Film pokazywano w \u015bwiatowej klasy galeriach, m.in. w Tate Modern w Londynie oraz w Fundaci\u00f3 Antoni T\u00e0pies.<\/p>\n","protected":false},"author":1,"featured_media":2601,"parent":607,"menu_order":101,"comment_status":"open","ping_status":"closed","template":"","meta":{"_acf_changed":false,"footnotes":""},"class_list":["post-618","page","type-page","status-publish","has-post-thumbnail","hentry"],"acf":[],"_links":{"self":[{"href":"https:\/\/openheim.org\/pl\/wp-json\/wp\/v2\/pages\/618","targetHints":{"allow":["GET"]}}],"collection":[{"href":"https:\/\/openheim.org\/pl\/wp-json\/wp\/v2\/pages"}],"about":[{"href":"https:\/\/openheim.org\/pl\/wp-json\/wp\/v2\/types\/page"}],"author":[{"embeddable":true,"href":"https:\/\/openheim.org\/pl\/wp-json\/wp\/v2\/users\/1"}],"replies":[{"embeddable":true,"href":"https:\/\/openheim.org\/pl\/wp-json\/wp\/v2\/comments?post=618"}],"version-history":[{"count":9,"href":"https:\/\/openheim.org\/pl\/wp-json\/wp\/v2\/pages\/618\/revisions"}],"predecessor-version":[{"id":5413,"href":"https:\/\/openheim.org\/pl\/wp-json\/wp\/v2\/pages\/618\/revisions\/5413"}],"up":[{"embeddable":true,"href":"https:\/\/openheim.org\/pl\/wp-json\/wp\/v2\/pages\/607"}],"wp:featuredmedia":[{"embeddable":true,"href":"https:\/\/openheim.org\/pl\/wp-json\/wp\/v2\/media\/2601"}],"wp:attachment":[{"href":"https:\/\/openheim.org\/pl\/wp-json\/wp\/v2\/media?parent=618"}],"curies":[{"name":"wp","href":"https:\/\/api.w.org\/{rel}","templated":true}]}}