{"id":6185,"date":"2021-12-27T15:40:24","date_gmt":"2021-12-27T14:40:24","guid":{"rendered":"https:\/\/openheim.org\/pl\/?page_id=6185"},"modified":"2022-05-24T19:42:41","modified_gmt":"2022-05-24T17:42:41","slug":"lewandowska-marcjasz-tofan-obrzedy-intymne","status":"publish","type":"page","link":"https:\/\/openheim.org\/pl\/wystawy\/archiwum\/lewandowska-marcjasz-tofan-obrzedy-intymne\/","title":{"rendered":"Obrz\u0119dy intymne | Lewandowska &#8211; Marcjasz &#8211; Tofan"},"content":{"rendered":"<p><strong>Obrz\u0119dy intymne<br \/>\nAneta Lewandowska \/ Emilia Marcjasz \/ Viktoriia Tofan<\/strong><strong><em><br \/>\n<\/em>Kuratorka: Kama Wr\u00f3bel<\/strong><\/p>\n<p><strong>Czas trwania:<\/strong> 05.04.\u201308.05.2022 r.<br \/>\n<strong>Wernisa\u017c:<\/strong> 04.03.2022r., godz. 18:30<br \/>\nDo\u0142\u0105cz do wydarzenia na Facebooku:\u00a0<a href=\"https:\/\/www.facebook.com\/events\/329812302389139\/\">LINK<\/a><\/p>\n<p>Godziny otwarcia:\u00a0<a class=\"oajrlxb2 g5ia77u1 qu0x051f esr5mh6w e9989ue4 r7d6kgcz rq0escxv nhd2j8a9 nc684nl6 p7hjln8o kvgmc6g5 cxmmr5t8 oygrvhab hcukyx3x jb3vyjys rz4wbd8a qt6c0cv9 a8nywdso i1ao9s8h esuyzwwr f1sip0of lzcic4wl py34i1dx gpro0wi8\" tabindex=\"0\" role=\"link\" href=\"https:\/\/openheim.org\/pl\/odwiedz-nas\/?fbclid=IwAR2in5BsH0gO3FZ7oumnxIKrSSggjN2A7WYbiYjmuakbR81kKSPDHbEu3ow\" target=\"_blank\" rel=\"nofollow noopener\">>>><\/a><br \/>\nInformacje prasowe: <a href=\"https:\/\/drive.google.com\/drive\/folders\/1WWMTX7Eas1f4ykew_SJvhv6_uygQSRir?usp=sharing\">>>><\/a><\/p>\n<p>______________<\/p>\n<p>Tego samego wieczoru od 18:00 zapraszamy r\u00f3wnie\u017c na otwarcie wystawy Wykwity kultury sitodruku. 10-lecie Kwiaciarni Grafiki | wystawa, ma swoje miejsce w galerii Studio BWA Wroc\u0142aw (ul. Ruska 46A\/III pi\u0119tro, Wroc\u0142aw).<\/p>\n<p>______________<\/p>\n<p class=\"p1\"><span class=\"s1\">Obrz\u0119dem zwyczajowo okre\u015bla si\u0119 zesp\u00f3\u0142 czynno\u015bci i praktyk o znaczeniu symbolicznym. Dzia\u0142ania zakorzenione g\u0142\u0119boko w tradycji danej spo\u0142eczno\u015bci, kt\u00f3re towarzysz\u0105 szczeg\u00f3lnemu wydarzeniu lub uroczysto\u015bci. S\u0105 z nami od narodzin i s\u0105 wa\u017cne. A przynajmniej przez wiele stuleci by\u0142y. Mo\u017cemy m\u00f3wi\u0107 o obrz\u0119dach religijnych i \u015bwieckich, a si\u0119gaj\u0105c g\u0142\u0119biej, o obrz\u0119dach inicjacyjnych, afirmacyjnych, wsp\u00f3\u0142\u017cycia, izolacji oraz przej\u015bcia. R\u00f3wnie\u017c o tych intymnych tak, jak intymne s\u0105 nasze gesty. Niekiedy za synonim obrz\u0119du, traktuje si\u0119 tak\u017ce dobrze nam znany rytua\u0142, co poszerza zwyczajowy kontekst o \u0142adunek czysto magiczny i tym samym rozlewa si\u0119 na obszar sacrum i tabu zarazem.<\/span><\/p>\n<p class=\"p1\"><span class=\"s1\">Wystawa \u201eObrz\u0119dy intymne&#8221; to prezentacja dzie\u0142 trzech m\u0142odych, zwi\u0105zanych z Wroc\u0142awiem artystek, kt\u00f3re w praktyce swej wyra\u017caj\u0105 bardzo konkretne i uformowane ju\u017c postawy tw\u00f3rcze. Nie s\u0105 to jednak postawy bezkompromisowe, ale maj\u0105ce wyra\u017ane osadzenie problemowe, kt\u00f3re cechuje wyostrzenie zmys\u0142u obserwacji, otwarto\u015b\u0107 patrzenia i chyba najbardziej &#8211; stabilna podstawa maj\u0105ca solidne umocowanie w do\u015bwiadczeniu. I mimo, \u017ce pod wzgl\u0119dem estetycznym, ale te\u017c w sposobie oddzia\u0142ywania, tworzona przez nie sztuka, znacz\u0105co si\u0119 r\u00f3\u017cni, to sprawny widz, si\u0119gaj\u0105c niejako do korzeni, z \u0142atwo\u015bci\u0105 odnajdzie \u0142\u0105cz\u0105ce je cechy wsp\u00f3lne, kt\u00f3re nazwa\u0107 mo\u017cemy artystycznymi zapalnikami. A jest ich wiele\u2026 .<\/span><\/p>\n<p class=\"p1\"><span class=\"s1\">Ods\u0142aniaj\u0105c cz\u0119\u015b\u0107 w\u0142asnego \u015bwiata, Aneta Lewandowska, Emilia Marcjasz i Viktoriia Tofan, zapraszaj\u0105 nas do przekroczenia wymagaj\u0105cego niejednokrotnie progu intymno\u015bci, kt\u00f3ry wprowadza nas do miejsca pe\u0142nego refleksji, rozterek i punkt\u00f3w zwrotnych,\u00a0 r\u00f3wnie\u017c towarzysz\u0105cych im l\u0119k\u00f3w, obaw, niezgody i bycia w kontrze. Za pomoc\u0105 wizualnego j\u0119zyka sztuki, nie zawsze w oczywisty dla widza spos\u00f3b, artystki trafnie mapuj\u0105 globalne, coraz bardziej aktualne i zatrwa\u017caj\u0105ce problemy wsp\u00f3\u0142czesno\u015bci. Znajdziemy tu wi\u0119c w\u0105tki zwi\u0105zane z poczuciem wyobcowania, ruchami migracyjnymi, bezsilno\u015bci\u0105, ekologi\u0105 i wzrastaj\u0105c\u0105 \u015bwiadomo\u015bci\u0105 odbywaj\u0105cej si\u0119 na naszych oczach katastrofy klimatycznej, czy te\u017c dominacji kapita\u0142ocenu. Do\u015bwiadczymy te\u017c momentami wzruszaj\u0105cej analizy baumanowskiej to\u017csamo\u015bci p\u0142ynnej i prywatnego poszukiwania siebie, a tak\u017ce, z tym, \u017ce ju\u017c w tej makro skali &#8211;\u00a0 wzrastaj\u0105cego zagubienia we wsp\u00f3\u0142czesnym, coraz szybszym i poddanym cyfryzacji \u015bwiecie. Intymne w\u0105tki przeplataj\u0105 si\u0119 tu z globalnymi problemami, kt\u00f3re nie manifestuj\u0105 si\u0119 w spos\u00f3b bezpo\u015bredni, prowokuj\u0105c przez to widza do uwa\u017cnego i m\u0105drego odbioru.<br \/>\n______________<br \/>\n<\/span><\/p>\n<p class=\"p3\"><span class=\"s1\">Wystawa ta jest podsumowaniem drugiej edycji programu OP_Young.<br \/>\nWi\u0119cej o programie<a href=\"https:\/\/openheim.org\/pl\/projekty\/op_young\/\" target=\"_blank\" rel=\"noopener\"> OP_Young >>><\/a><\/span><\/p>\n<p>______________<\/p>\n<p><span style=\"font-weight: 400;\"><strong>Zesp\u00f3\u0142<\/strong><br \/>\nKuratorka \/ Curator: Kama Wr\u00f3bel<\/span><span style=\"font-weight: 400;\"><br \/>\n<\/span><span style=\"font-weight: 400;\">Produkcja \/ Production: Agata Po\u0142e\u0107<\/span><span style=\"font-weight: 400;\"><br \/>\n<\/span><span style=\"font-weight: 400;\">Promocja \/ PR: Kinga Kulbaka<\/span><span style=\"font-weight: 400;\"><br \/>\n<\/span><span style=\"font-weight: 400;\">Identyfikacja wizualna \/ Visual identification: Grzegorz Kozak<br \/>\n<\/span><span style=\"font-weight: 400;\">Opracowanie scenograficzne \/ Exhibition scenography: Daria Pietryka \/ Miejsca<br \/>\n<\/span><span style=\"font-weight: 400;\">Realizacja \/ Realisation: <\/span><span style=\"font-weight: 400;\">Micha\u0142 Micha\u0142czak, \u0141ukasz Ba\u0142aci\u0144ski, Micha\u0142 Piotrowski<br \/>\n<\/span><span style=\"font-weight: 400;\">T\u0142umaczenie: Monika Szyma\u0144ska, Karol Waniek<br \/>\n<\/span><span style=\"font-weight: 400;\">Wsp\u00f3\u0142praca \/ Cooperation: Ivan Shpak, Kornelia W\u0142odarczyk, Agnieszka Wr\u00f3blewska<\/span><\/p>\n<p><span style=\"font-weight: 400;\">Podzi\u0119kowania zechc\u0105 przyj\u0105\u0107: <\/span><span style=\"font-weight: 400;\">Eugeniusz Fa\u015bciszewski, Kuba Kutera, Metal-Spaw, Micha\u0142 Micha\u0142czak, <\/span><span style=\"font-weight: 400;\">Oksana Solnik-Krzy\u017canowska, <\/span><span style=\"font-weight: 400;\">Sottobosco Ceramic, <\/span><span style=\"font-weight: 400;\">Alicja Patanowska, Wies\u0142aw S\u0142owi\u0144ski<\/span><\/p>\n<p><span style=\"font-weight: 400;\">Mecenas honorowy: WOMAK S.A.<\/span><\/p>\n","protected":false},"excerpt":{"rendered":"<p>Wystawa trzech m\u0142odych, progresywnych artystek wroc\u0142awskich, kt\u00f3rych postawy tw\u00f3rcze uznane zosta\u0142y za najbardziej interesuj\u0105ce spo\u015br\u00f3d nades\u0142anych zg\u0142osze\u0144 w ramach realizowanego przez OP ENHEIM programu OP_Young. Wystawa ta b\u0119dzie prezentacj\u0105 zupe\u0142nie nowych prac, kt\u00f3re porusza\u0142y b\u0119d\u0105 trzy, charakterystyczne dla ka\u017cdej z artystek, obszary tematyczne. B\u0119d\u0105 to: ekologia, (nie)go\u015bcinno\u015b\u0107, to\u017csamo\u015b\u0107 w\u0142asna.<\/p>\n","protected":false},"author":2,"featured_media":6594,"parent":607,"menu_order":44,"comment_status":"closed","ping_status":"closed","template":"","meta":{"_acf_changed":false,"footnotes":""},"class_list":["post-6185","page","type-page","status-publish","has-post-thumbnail","hentry"],"acf":[],"_links":{"self":[{"href":"https:\/\/openheim.org\/pl\/wp-json\/wp\/v2\/pages\/6185","targetHints":{"allow":["GET"]}}],"collection":[{"href":"https:\/\/openheim.org\/pl\/wp-json\/wp\/v2\/pages"}],"about":[{"href":"https:\/\/openheim.org\/pl\/wp-json\/wp\/v2\/types\/page"}],"author":[{"embeddable":true,"href":"https:\/\/openheim.org\/pl\/wp-json\/wp\/v2\/users\/2"}],"replies":[{"embeddable":true,"href":"https:\/\/openheim.org\/pl\/wp-json\/wp\/v2\/comments?post=6185"}],"version-history":[{"count":50,"href":"https:\/\/openheim.org\/pl\/wp-json\/wp\/v2\/pages\/6185\/revisions"}],"predecessor-version":[{"id":6673,"href":"https:\/\/openheim.org\/pl\/wp-json\/wp\/v2\/pages\/6185\/revisions\/6673"}],"up":[{"embeddable":true,"href":"https:\/\/openheim.org\/pl\/wp-json\/wp\/v2\/pages\/607"}],"wp:featuredmedia":[{"embeddable":true,"href":"https:\/\/openheim.org\/pl\/wp-json\/wp\/v2\/media\/6594"}],"wp:attachment":[{"href":"https:\/\/openheim.org\/pl\/wp-json\/wp\/v2\/media?parent=6185"}],"curies":[{"name":"wp","href":"https:\/\/api.w.org\/{rel}","templated":true}]}}