{"id":6191,"date":"2021-12-27T15:45:52","date_gmt":"2021-12-27T14:45:52","guid":{"rendered":"https:\/\/openheim.org\/pl\/?page_id=6191"},"modified":"2023-01-04T11:27:24","modified_gmt":"2023-01-04T10:27:24","slug":"justyna-adamczyk-przeszlosc-nie-przemija-bo-wiecznie-jest-tworzona-na-nowo","status":"publish","type":"page","link":"https:\/\/openheim.org\/pl\/wystawy\/archiwum\/justyna-adamczyk-przeszlosc-nie-przemija-bo-wiecznie-jest-tworzona-na-nowo\/","title":{"rendered":"Justyna Adamczyk | Przesz\u0142o\u015b\u0107 nie przemija, bo wiecznie jest tworzona na nowo"},"content":{"rendered":"<p><strong>Justyna Adamczyk<br \/>\n<\/strong><strong><em>Przesz\u0142o\u015b\u0107 nie przemija, bo wiecznie jest tworzona na nowo<br \/>\n<\/em><\/strong><span style=\"font-size: inherit;\">Kuratorka: Kama Wr\u00f3bel<\/span><\/p>\n<p><strong>Czas trwania:<\/strong> 21.05\u201328.08.2022 r.<br \/>\n<strong>Wernisa\u017c:<\/strong> 20.05.2022 r., godz. 18:30<br \/>\nDo\u0142\u0105cz do wydarzenia na Facebooku:\u00a0<a href=\"https:\/\/www.facebook.com\/events\/5017128755052456\/5073642052734459\">LINK<\/a><\/p>\n<p>Godziny otwarcia:\u00a0<a class=\"oajrlxb2 g5ia77u1 qu0x051f esr5mh6w e9989ue4 r7d6kgcz rq0escxv nhd2j8a9 nc684nl6 p7hjln8o kvgmc6g5 cxmmr5t8 oygrvhab hcukyx3x jb3vyjys rz4wbd8a qt6c0cv9 a8nywdso i1ao9s8h esuyzwwr f1sip0of lzcic4wl py34i1dx gpro0wi8\" tabindex=\"0\" role=\"link\" href=\"https:\/\/openheim.org\/pl\/odwiedz-nas\/?fbclid=IwAR2in5BsH0gO3FZ7oumnxIKrSSggjN2A7WYbiYjmuakbR81kKSPDHbEu3ow\" target=\"_blank\" rel=\"nofollow noopener\">>>><\/a><br \/>\nInformacje prasowe: <a href=\"https:\/\/drive.google.com\/drive\/folders\/10Q9bJbzwyRAopwrmI06_TI5AeBr6c2kr?usp=sharing\">>>><\/a><\/p>\n<div class=\"cxmmr5t8 oygrvhab hcukyx3x c1et5uql o9v6fnle\">Ju\u017c 20 maja, o godzinie 18:30 zapraszamy do udzia\u0142u w otwarciu pierwszej po latach, indywidualnej wystawy Justyny Adamczyk we Wroc\u0142awiu.<br \/>\nSave the date!<\/div>\n<div class=\"cxmmr5t8 oygrvhab hcukyx3x c1et5uql o9v6fnle\"><\/div>\n<div class=\"cxmmr5t8 oygrvhab hcukyx3x c1et5uql o9v6fnle\">____<\/div>\n<div class=\"cxmmr5t8 oygrvhab hcukyx3x c1et5uql o9v6fnle\">Ludzki los, przez staro\u017cytnych Grek\u00f3w i Rzymian, postrzegany by\u0142 jako tragiczny. Od urodzenia, do dnia \u015bmierci ci\u0105\u017cy\u0142o nad nim Fatum, b\u0119d\u0105ce uosobieniem przeznaczenia, nieuchronnego i nieodwracalnego \u2014 nieodwo\u0142alnej woli bog\u00f3w, na kt\u00f3r\u0105 nikt i nic nie mia\u0142o wp\u0142ywu. Ograniczaj\u0105c ramy cz\u0142owieczego samostanowienia, Fatum kierowa\u0142o skutki wszelkich dzia\u0142a\u0144 w tylko jednym, zgubnym kierunku, b\u0119d\u0105c przy tym bezpo\u015bredni\u0105 przyczyn\u0105 ko\u0144cowej kl\u0119ski i ludzkiej tragedii. Tragedii, z kt\u00f3r\u0105 najcz\u0119\u015bciej nie\u0142atwo jest si\u0119 oswoi\u0107, jak r\u00f3wnie\u017c o niej zapomnie\u0107.<\/div>\n<div class=\"cxmmr5t8 oygrvhab hcukyx3x c1et5uql o9v6fnle\">\n<p>Proces zapominania w swoich pracach analizuje Justyna Adamczyk, warszawska malarka i rze\u017abiarka, kt\u00f3ra po blisko dwudziestu latach powraca do Wroc\u0142awia z solowym projektem. Artystka prowadzi nas przez terapeutyczny, nienachalny proces oswajania w\u0142asnego b\u00f3lu i zagnie\u017cd\u017conych l\u0119k\u00f3w, odwo\u0142uj\u0105c si\u0119 do takich zagadnie\u0144 jak: pami\u0119\u0107 indywidualna, pami\u0119\u0107 zbiorowa, do\u015bwiadczenie czy trauma. Za pomoc\u0105 cyklu intymnych, cho\u0107 nieoboj\u0119tnych wizualnie obraz\u00f3w, instalacji i kruchych rze\u017ab, Justyna Adamczyk poszukuje odpowiedzi, a mo\u017ce te\u017c lekarstwa, na natarczywe i nieustannie powracaj\u0105ce wspomnienia. Te gorsze i te niechciane.<\/p>\n<\/div>\n<div class=\"cxmmr5t8 oygrvhab hcukyx3x c1et5uql o9v6fnle\">\n<p>Artystka stopniowo wprowadza nas na \u015bcie\u017ck\u0119 oswajania doznanego z\u0142a. Upi\u0119ksza to, co odarte z pi\u0119kna. Zaklina totemy, tworzy swoiste trofea i suweniry z element\u00f3w, kt\u00f3rych pami\u0119ta\u0107 si\u0119 nie chce. Pos\u0142uguj\u0105c si\u0119 charakterystycznym dla siebie zestawem symboli, form i kszta\u0142t\u00f3w, w sugestywny spos\u00f3b przemyca gar\u015b\u0107 osobistych, czasem mrocznych my\u015bli, sprawiaj\u0105c, \u017ce prace jej autorstwa nabieraj\u0105 szczeg\u00f3lnej, intymnej, ale i niepokoj\u0105cej atmosfery. To ucieczka w \u015bwiat odmienny od rzeczywistego \u2013 w \u015bwiat fantasmagorycznych wizji, w kt\u00f3rym wszystko jest mo\u017cliwe i dozwolone. To wej\u015bcie w \u015bwiat, w kt\u00f3rym wspomnienia mieszaj\u0105 si\u0119 z fikcj\u0105, staj\u0105c si\u0119 osobistymi projekcjami, kt\u00f3rych w rzeczywisto\u015bci by\u0107 mo\u017ce nie by\u0142o\u2026<\/p>\n<\/div>\n<div class=\"cxmmr5t8 oygrvhab hcukyx3x c1et5uql o9v6fnle\">Na wystawie w OP ENHEIM pt. \u201ePrzesz\u0142o\u015b\u0107 nie przemija, bo wiecznie jest tworzona na nowo\u201d zobaczymy prace z r\u00f3\u017cnych okres\u00f3w tw\u00f3rczo\u015bci artystki, w tym takie cykle jak: \u201eTell me stories\u201d, \u201eOddychaj przez nos i miej zamkni\u0119te usta\u201d czy \u201eDon\u2019t forget to remember me\u201d, jak r\u00f3wnie\u017c te, powsta\u0142e specjalnie na okoliczno\u015b\u0107 wroc\u0142awskiej ekspozycji. Premierowo zaprezentowana zostanie te\u017c zapowied\u017a najnowszej, wykonanej w technice NFT serii prac pt \u201eBreathless_People\u201d, kt\u00f3ra przez sw\u00f3j charakter, stanowi nowoczesn\u0105 metafor\u0119 uniwersalno\u015bci i zglobalizowania podejmowanych przez Adamczyk w\u0105tk\u00f3w.<\/div>\n<div class=\"cxmmr5t8 oygrvhab hcukyx3x c1et5uql o9v6fnle\"><\/div>\n<div class=\"cxmmr5t8 oygrvhab hcukyx3x c1et5uql o9v6fnle\">\n<p>____<\/p>\n<p>Justyna Adamczyk (ur. 1981 w Opocznie) &#8211; uko\u0144czy\u0142a malarstwo na Akademii Sztuk Pi\u0119knych m. E. Gepperta we Wroc\u0142awiu w 2007 roku. W swojej praktyce artystycznej wykorzystuje r\u00f3\u017cne techniki tw\u00f3rcze, zw\u0142aszcza malarstwo i rze\u017ab\u0119, koncentruj\u0105c si\u0119 na fetyszyzacji i estetyzacji traumy. Dwukrotnie otrzyma\u0142a stypendia Ministra Kultury i Dziedzictwa Narodowego (w 2005 i 2006 roku). Jej prace znajduj\u0105 si\u0119 w wielu kolekcjach prywatnych i publicznych, m.in. w OP ENHEIM, Muzeum im. J. Malczewskiego w Radomiu, Muzeum Narodowym w Gda\u0144sku. Laureatka licznych nagr\u00f3d, prezentowa\u0142a swoje prace m.in. na 3rd International Exhibition on New Media Art, Cica Museum, Seul (Korea Po\u0142udniowa); 4 Heads, Broome Street, Soho, Nowy Jork (USA); E|C Gallery, Chicago (USA); w Muzeum Narodowym w Gda\u0144sku, Fundacji Galerii Foksal w Warszawie, Gda\u0144skiej Galerii Miejskiej czy Galerii Wozownia w Toruniu. Mieszka i pracuje w Warszawie.<\/p>\n<\/div>\n<div class=\"cxmmr5t8 oygrvhab hcukyx3x c1et5uql o9v6fnle\">\n<p>___<\/p>\n<\/div>\n<div class=\"cxmmr5t8 oygrvhab hcukyx3x c1et5uql o9v6fnle\">Zesp\u00f3\u0142 \/ Team<br \/>\nKuratorka \/ Curator: Kama Wr\u00f3bel<br \/>\nProdukcja \/ Production: Pawe\u0142 Zar\u0119ba<br \/>\nPromocja \/ PR: Kinga Kulbaka<br \/>\nIdentyfikacja wizualna \/ Visual identification: Grzegorz Kozak<br \/>\nRealizacja \/ Realisation: Micha\u0142 Micha\u0142czak<br \/>\nWsp\u00f3\u0142praca \/ Cooperation: Ivan Shpak, Julia Szot, Kornelia W\u0142odarczyk, Agnieszka Wr\u00f3blewska<\/div>\n<div class=\"cxmmr5t8 oygrvhab hcukyx3x c1et5uql o9v6fnle\">Organizator | Organizer: OP ENHEIM<br \/>\nWsp\u00f3\u0142organizator | Co-organizer: VOP<br \/>\nMecenas honorowy | Sponsorship: Womak Holding SA<br \/>\nPartnerzy | Partners: KEIM, Art Hotel, OPEN Reklama | Oksana Solnik-Krzy\u017canowska<br \/>\nPatroni medialni | Media patronage: NOTES.NA.6.TYGODNI<\/div>\n","protected":false},"excerpt":{"rendered":"<p>Wystawa indywidualna rze\u017abiarki Justyny Adamczyk, kt\u00f3ra uko\u0144czy\u0142a wroc\u0142awsk\u0105 Akademi\u0119 Sztuk Pi\u0119knych. B\u0119dzie to pierwsza, po latach, solowa wystawa artystki we Wroc\u0142awiu, kt\u00f3ra powraca z projektem podsumowuj\u0105cym jej wieloletnie zmagania z materi\u0105 artystyczn\u0105 oraz w\u0142asnymi demonami. B\u0119dzie to podj\u0119cie pr\u00f3by wykonania kroku na prz\u00f3d, poprzez zakl\u0119cie traum w magiczne totemy, bezosobowe portrety czy uniwersalizacj\u0119 &#8211; wszystko to zachowane w estetyce brzydoty. W ramach ekspozycji zaprezentowane zostan\u0105 r\u00f3wnie\u017c prace wykonane w technice NFT, kt\u00f3ra przez sw\u00f3j charakter, stanowi\u0107 b\u0119dzie nowoczesn\u0105 metafor\u0119 uniwersalno\u015bci i zglobalizowania podejmowanych przez artystk\u0119 w\u0105tk\u00f3w.<\/p>\n","protected":false},"author":2,"featured_media":6822,"parent":607,"menu_order":41,"comment_status":"closed","ping_status":"closed","template":"","meta":{"_acf_changed":false,"footnotes":""},"class_list":["post-6191","page","type-page","status-publish","has-post-thumbnail","hentry"],"acf":[],"_links":{"self":[{"href":"https:\/\/openheim.org\/pl\/wp-json\/wp\/v2\/pages\/6191","targetHints":{"allow":["GET"]}}],"collection":[{"href":"https:\/\/openheim.org\/pl\/wp-json\/wp\/v2\/pages"}],"about":[{"href":"https:\/\/openheim.org\/pl\/wp-json\/wp\/v2\/types\/page"}],"author":[{"embeddable":true,"href":"https:\/\/openheim.org\/pl\/wp-json\/wp\/v2\/users\/2"}],"replies":[{"embeddable":true,"href":"https:\/\/openheim.org\/pl\/wp-json\/wp\/v2\/comments?post=6191"}],"version-history":[{"count":25,"href":"https:\/\/openheim.org\/pl\/wp-json\/wp\/v2\/pages\/6191\/revisions"}],"predecessor-version":[{"id":7520,"href":"https:\/\/openheim.org\/pl\/wp-json\/wp\/v2\/pages\/6191\/revisions\/7520"}],"up":[{"embeddable":true,"href":"https:\/\/openheim.org\/pl\/wp-json\/wp\/v2\/pages\/607"}],"wp:featuredmedia":[{"embeddable":true,"href":"https:\/\/openheim.org\/pl\/wp-json\/wp\/v2\/media\/6822"}],"wp:attachment":[{"href":"https:\/\/openheim.org\/pl\/wp-json\/wp\/v2\/media?parent=6191"}],"curies":[{"name":"wp","href":"https:\/\/api.w.org\/{rel}","templated":true}]}}