{"id":620,"date":"2020-04-29T16:28:24","date_gmt":"2020-04-29T14:28:24","guid":{"rendered":"http:\/\/openheim.org\/ludzie-jak-bogowie-tiff-festival-2019\/"},"modified":"2023-03-03T21:52:50","modified_gmt":"2023-03-03T20:52:50","slug":"ludzie-jak-bogowie-tiff-festival-2019","status":"publish","type":"page","link":"https:\/\/openheim.org\/pl\/wystawy\/archiwum\/ludzie-jak-bogowie-tiff-festival-2019\/","title":{"rendered":"Ludzie jak bogowie | TIFF Festival 2019"},"content":{"rendered":"<p><strong>Ludzie jak bogowie<\/strong><br \/>\n<strong>Przemek Branas | Maciej Cholewa | Angelika Markul | Justyna M\u0119drala | Miko\u0142aj Szpaczy\u0144ski<\/strong><br \/>\n<strong>kuratorka: Joanna Rzepka-Dziedzic<\/strong><br \/>\n<strong>Galeria OP ENHEIM, I p.<\/strong><br \/>\n<strong>4-29 wrze\u015bnia 2019<\/strong><\/p>\n<p><strong>Ludzie jak bogowie jest go\u015bcinn\u0105 wystaw\u0105 OP ENHEIM, kt\u00f3ra jest cz\u0119\u015bci\u0105 programu 9. edycji wroc\u0142awskiego festiwalu fotografii TIFF Festival \/\/ \u015awiaty.<\/strong><\/p>\n<p><span style=\"font-weight: normal;\">Ro\u015bliny, zwierz\u0119ta, grzyby, przyroda nieo\u017cywiona, przedmioty, sztuczna inteligencja stanowi\u0105 pot\u0119\u017cne, zorganizowane \u015bwiaty. Jedne pob\u0142a\u017cliwie toleruj\u0105 ludzko\u015b\u0107, inne wp\u0142ywaj\u0105 na nasze zachowania poprzez wyspecjalizowane \u015brodki do psychomanipulacji. S\u0105 te\u017c takie, kt\u00f3re traktuj\u0105 nas jako irytuj\u0105cego szkodnika, kt\u00f3rego Ziemia postanowi\u0142a w\u0142a\u015bnie z siebie kulturalnie strz\u0105sn\u0105\u0107.<\/span><\/p>\n<p>Wystawa w przewrotny spos\u00f3b ukazuje ludzko\u015b\u0107 jako nazbyt skupionego na sobie, a jednak w og\u00f3lnym kontek\u015bcie nie wyr\u00f3\u017cniaj\u0105cego si\u0119 u\u017cytkownika Ziemi, dziel\u0105cego przestrze\u0144 z innymi pot\u0119\u017cnymi &#8222;graczami&#8221;. Dotyczy tak\u017ce nieumiej\u0119tno\u015bci czy wr\u0119cz niemo\u017cliwo\u015bci przyj\u0119cia przez homo sapiens innego punktu widzenia ni\u017c jego w\u0142asny.<\/p>\n<p>Na ca\u0142o\u015b\u0107 wystawy sk\u0142ada si\u0119 kilka \u201erozdzia\u0142\u00f3w&#8221; zaznaczaj\u0105cych obecno\u015b\u0107 r\u00f3\u017cnych \u015bwiat\u00f3w r\u00f3wnoleg\u0142ych, dla kt\u00f3rych obecno\u015b\u0107 cz\u0142owieka ma znaczenie marginalne lub nie ma go wcale. Czy to mo\u017cliwe \u017ce wyra\u017anie dostrzegana z naszego punktu widzenia wyj\u0105tkowo\u015b\u0107 ludzkiego gatunku, mo\u017ce by\u0107 niezauwa\u017calna z jakiej\u015b innej perspektywy? Czy to realne, \u017ce jeste\u015bmy biologicznymi marionetkami jakiego\u015b rodzaju grzyba czy bakterii? Czy nasz wp\u0142yw na \u015brodowisko ma jakiekolwiek znaczenie z punktu widzenia mas geologicznych kszta\u0142tuj\u0105cych planet\u0119 od miliard\u00f3w lat? A jak\u0105 warto\u015b\u0107 stanowi nasze cia\u0142o dla energii niematerialnej, kt\u00f3ra go u\u017cywa tylko przez kr\u00f3tk\u0105 chwil\u0119 na swojej wiecznej drodze przez \u015bwiaty?<\/p>\n<p><span style=\"font-weight: normal;\">Joanna Rzepka-Dziedzic<\/span><\/p>\n<p>______________<\/p>\n<h2><span style=\"font-weight: normal;\">Galeria OP ENHEIM, 1 pi\u0119tro<br \/>\n4\u201329 wrze\u015bnia 2019<\/span><\/h2>\n<p><span style=\"font-weight: normal;\">Godziny otwarcia:<br \/>\nPoniedzia\u0142ek, wtorek | nieczynne<br \/>\n\u015aroda | 14:00 \u201318:00 | wst\u0119p wolny<br \/>\nCzwartek, pi\u0105tek | 14:00 \u201319:00<br \/>\nSobota, niedziela | 13:00\u201319:00<\/span><\/p>\n","protected":false},"excerpt":{"rendered":"<p>Przemek Branas | Maciej Cholewa | Angelika Markul | Justyna M\u0119drala | Miko\u0142aj Szpaczy\u0144ski<\/p>\n<p>Wystawa, b\u0119d\u0105ca cz\u0119\u015bci\u0105 Programu G\u0142\u00f3wnego TIFF Festival \/\/ \u015awiaty, odpowiada na pytanie, jak wp\u0142ywamy jako gatunek ludzki na planet\u0119, kt\u00f3r\u0105 zamieszkujemy z innymi gatunkami. Odwiecznym problemem ludzko\u015bci by\u0142a niemo\u017cno\u015b\u0107 przej\u0119cia perspektywy innej ni\u017c nasza w\u0142asna. Posthumanizm, czy inaczej naturocentryzm to idee \u015bwie\u017ce i w\u0142a\u015bnie na nich skupiali swoj\u0105 eksploracj\u0119 zaproszeni do OP ENEHIM arty\u015bci i artystki.<\/p>\n","protected":false},"author":1,"featured_media":2672,"parent":607,"menu_order":100,"comment_status":"open","ping_status":"closed","template":"","meta":{"_acf_changed":false,"footnotes":""},"class_list":["post-620","page","type-page","status-publish","has-post-thumbnail","hentry"],"acf":[],"_links":{"self":[{"href":"https:\/\/openheim.org\/pl\/wp-json\/wp\/v2\/pages\/620","targetHints":{"allow":["GET"]}}],"collection":[{"href":"https:\/\/openheim.org\/pl\/wp-json\/wp\/v2\/pages"}],"about":[{"href":"https:\/\/openheim.org\/pl\/wp-json\/wp\/v2\/types\/page"}],"author":[{"embeddable":true,"href":"https:\/\/openheim.org\/pl\/wp-json\/wp\/v2\/users\/1"}],"replies":[{"embeddable":true,"href":"https:\/\/openheim.org\/pl\/wp-json\/wp\/v2\/comments?post=620"}],"version-history":[{"count":10,"href":"https:\/\/openheim.org\/pl\/wp-json\/wp\/v2\/pages\/620\/revisions"}],"predecessor-version":[{"id":7776,"href":"https:\/\/openheim.org\/pl\/wp-json\/wp\/v2\/pages\/620\/revisions\/7776"}],"up":[{"embeddable":true,"href":"https:\/\/openheim.org\/pl\/wp-json\/wp\/v2\/pages\/607"}],"wp:featuredmedia":[{"embeddable":true,"href":"https:\/\/openheim.org\/pl\/wp-json\/wp\/v2\/media\/2672"}],"wp:attachment":[{"href":"https:\/\/openheim.org\/pl\/wp-json\/wp\/v2\/media?parent=620"}],"curies":[{"name":"wp","href":"https:\/\/api.w.org\/{rel}","templated":true}]}}