{"id":621,"date":"2020-04-29T16:28:24","date_gmt":"2020-04-29T14:28:24","guid":{"rendered":"http:\/\/openheim.org\/zespol\/"},"modified":"2026-04-08T17:33:01","modified_gmt":"2026-04-08T15:33:01","slug":"zespol","status":"publish","type":"page","link":"https:\/\/openheim.org\/pl\/odwiedz-nas\/fundacja\/zespol\/","title":{"rendered":"O nas"},"content":{"rendered":"<p><strong>Zesp\u00f3\u0142 OP ENHEIM<\/strong><\/p>\n<p><strong>Fundatorka OP ENHEIM<\/strong><br \/>\n<strong>Viola Wojnowski<\/strong><\/p>\n<p><strong>Sekretariat:<\/strong><br \/>\ninfo@openheim.org<br \/>\n<strong><br \/>\nZesp\u00f3\u0142<\/strong><\/p>\n<p><strong>Dyrektorka Domu dla Kultury OP ENHIEM<br \/>\nMagdalena Musia\u0142 <\/strong>| magdalena.musial@openheim.org<\/p>\n<p><strong>Administracja<br \/>\nAgnieszka Wr\u00f3blewska<\/strong> | agnieszka.wroblewska@openheim.org<\/p>\n<p><strong>Kuratorium<\/strong><br \/>\n<strong>Oscar Szerkus<\/strong> | oscar.szerkus@openhiem.org<\/p>\n<p><strong>Promocja | <\/strong>press@openheim.org<strong><br \/>\nNatalia Gaj <\/strong>| Koordynatorka Promocji i Komunikacji | natalia.gaj@openheim.org<strong><\/p>\n<p><\/strong><\/p>\n<p><strong>Koordynacja projekt\u00f3w artystycznych<\/strong><strong><br \/>\nAgnieszka \u015arutwa <\/strong>| agnieszka.srutwa@openheim.org<\/p>\n<p><strong>Wydarzenia polsko-niemieckie | Dziedzictwo<br \/>\nVolkmar Umlauft <\/strong>| volkmar.umlauft@openheim.org<\/p>\n<p><strong>Obs\u0142uga publiczno\u015bci<\/strong><br \/>\n<strong>Walentyna Shaiko<\/strong> | walentyna.shaiko@openheim.org<br \/>\n<b>Polina Nesterenko <\/b>| polina.nesterenko@openheim.org<br \/>\n<strong>Iga Miku\u015bkiewicz<\/strong> | visit@openheim.org<br \/>\n<strong><br \/>\nKamienica | Wynajem przestrzeni<br \/>\n<\/strong>info@openheim.org<\/p>\n<p><strong>Obs\u0142uga techniczna wydarze\u0144<br \/>\nIvan Shpak | <\/strong>ivan.shpak@womak.pl<\/p>\n<p>____<\/p>\n<p><strong>Niemiecko-Polska Fundacja Ochrony Zabytk\u00f3w Kultury<br \/>\n<\/strong><strong>Biuro we Wroc\u0142awiu <\/strong>| poniedzia\u0142ek &#8211; \u015broda | 10:00 &#8211; 18:00<\/p>\n<p><span style=\"font-size: inherit;\">dps@openheim.org<\/span><\/p>\n<p><strong>____<\/strong><\/p>\n<p><strong>OP_FRIENDS | <\/strong>friends@openheim.org<br \/>\n<strong>Walentyna Shaiko<\/strong> | walentyna.shaiko@openheim.org<br \/>\n<strong><br \/>\nFLOWLAND \/ REZYDENCJE<br \/>\nOg\u00f3lne<\/strong>: info@flowland.org<\/p>\n<p><strong>W\/E LAB Residency<br \/>\nOg\u00f3lne: <\/strong>koordynacja@openheim.org<\/p>\n","protected":false},"excerpt":{"rendered":"<p>Zesp\u00f3\u0142 OP ENHEIM Fundatorka OP ENHEIM Viola Wojnowski Sekretariat: info@openheim.org Zesp\u00f3\u0142 Dyrektorka Domu dla Kultury OP ENHIEM Magdalena Musia\u0142 | magdalena.musial@openheim.org Administracja Agnieszka Wr\u00f3blewska | agnieszka.wroblewska@openheim.org Kuratorium Oscar Szerkus | oscar.szerkus@openhiem.org Promocja | press@openheim.org Natalia Gaj | Koordynatorka Promocji i Komunikacji | natalia.gaj@openheim.org Koordynacja projekt\u00f3w artystycznych Agnieszka \u015arutwa | agnieszka.srutwa@openheim.org Wydarzenia polsko-niemieckie | Dziedzictwo Volkmar Umlauft | volkmar.umlauft@openheim.org Obs\u0142uga publiczno\u015bci Walentyna Shaiko | walentyna.shaiko@openheim.org Polina Nesterenko | polina.nesterenko@openheim.org Iga Miku\u015bkiewicz&#8230;<\/p>\n","protected":false},"author":1,"featured_media":0,"parent":583,"menu_order":43,"comment_status":"open","ping_status":"open","template":"","meta":{"_acf_changed":false,"footnotes":""},"class_list":["post-621","page","type-page","status-publish","hentry"],"acf":[],"_links":{"self":[{"href":"https:\/\/openheim.org\/pl\/wp-json\/wp\/v2\/pages\/621","targetHints":{"allow":["GET"]}}],"collection":[{"href":"https:\/\/openheim.org\/pl\/wp-json\/wp\/v2\/pages"}],"about":[{"href":"https:\/\/openheim.org\/pl\/wp-json\/wp\/v2\/types\/page"}],"author":[{"embeddable":true,"href":"https:\/\/openheim.org\/pl\/wp-json\/wp\/v2\/users\/1"}],"replies":[{"embeddable":true,"href":"https:\/\/openheim.org\/pl\/wp-json\/wp\/v2\/comments?post=621"}],"version-history":[{"count":114,"href":"https:\/\/openheim.org\/pl\/wp-json\/wp\/v2\/pages\/621\/revisions"}],"predecessor-version":[{"id":11795,"href":"https:\/\/openheim.org\/pl\/wp-json\/wp\/v2\/pages\/621\/revisions\/11795"}],"up":[{"embeddable":true,"href":"https:\/\/openheim.org\/pl\/wp-json\/wp\/v2\/pages\/583"}],"wp:attachment":[{"href":"https:\/\/openheim.org\/pl\/wp-json\/wp\/v2\/media?parent=621"}],"curies":[{"name":"wp","href":"https:\/\/api.w.org\/{rel}","templated":true}]}}