{"id":623,"date":"2020-04-29T16:28:24","date_gmt":"2020-04-29T14:28:24","guid":{"rendered":"http:\/\/openheim.org\/przyszle-1\/"},"modified":"2026-03-20T15:43:43","modified_gmt":"2026-03-20T14:43:43","slug":"przyszle","status":"publish","type":"page","link":"https:\/\/openheim.org\/pl\/wystawy\/przyszle\/","title":{"rendered":"Przysz\u0142e"},"content":{"rendered":"<p>Vitiligo Patatoes | Yang Yifan i Andrzej Wasilewski<\/p>\n<p><strong>Kuratorka:<\/strong> Iwona Bigos<\/p>\n<p><strong>Udost\u0119pnienie wystawy:<\/strong> 29.05.2026<br \/>\n<strong>Czas trwania wystawy:<\/strong> 29.05-27.09.2026<\/p>\n<p><em>Wi\u0119cej informacji wkr\u00f3tce.\u00a0<\/em><\/p>\n","protected":false},"excerpt":{"rendered":"<p>Wystaw\u0105 6 septembre. Hommage \u00e0 Christian Boltanski, OP ENHEIM otworzy sezon jesienny. B\u0119dzie to nie tylko wyj\u0105tkowa okazja, by we Wroc\u0142awiu spotka\u0107 si\u0119 z tw\u00f3rczo\u015bci\u0105 artysty na tak\u0105 skal\u0119, ale te\u017c zobaczy\u0107 szereg, nieprezentowanych dotychczas dzie\u0142.<\/p>\n<p>Christian Boltanski, francuski artysta o mi\u0119dzynarodowej s\u0142awie, uwa\u017cany jest za jednego z najbardziej wp\u0142ywowych tw\u00f3rc\u00f3w swojego pokolenia. W dzia\u0142aniach swych wielokrotnie odwo\u0142ywa\u0142 si\u0119 do w\u0142asnej przesz\u0142o\u015bci, odtwarzaj\u0105c przy tym niejednokrotnie pomieszczenia, obiekty, wn\u0119trza czy inne zapami\u0119tane ze swojego \u017cycia elementy, realizuj\u0105c te\u017c prace dotycz\u0105ce historii os\u00f3b anonimowych. W kameralnej przestrzeni OP ENHEIM, kt\u00f3rej historia naznaczona jest tak\u017ce historycznymi wydarzeniami, stworzona przez kuratork\u0119 wystawy &#8211; Milad\u0119 \u015alizi\u0144sk\u0105 &#8211; opowie\u015b\u0107, b\u0119dzie mog\u0142a wybrzmie\u0107 w pe\u0142ni. Tytu\u0142 wystawy odnosi si\u0119 do dnia, w kt\u00f3rym Christian Boltanski si\u0119 urodzi\u0142. B\u0119dzie to r\u00f3wnie\u017c dzie\u0144 udost\u0119pnienia ekspozycji publiczno\u015bci, w kt\u00f3rym, w symboliczny spos\u00f3b serce artysty zabije ponownie. <\/p>\n<p>Otwarcie wystawy: 6.09.2022, godz. 18:30<br \/>\nCzas trwania wystawy: 7.09.2022\u201315.01.2023<\/p>\n","protected":false},"author":1,"featured_media":0,"parent":589,"menu_order":105,"comment_status":"open","ping_status":"closed","template":"","meta":{"_acf_changed":false,"footnotes":""},"class_list":["post-623","page","type-page","status-publish","hentry"],"acf":[],"_links":{"self":[{"href":"https:\/\/openheim.org\/pl\/wp-json\/wp\/v2\/pages\/623","targetHints":{"allow":["GET"]}}],"collection":[{"href":"https:\/\/openheim.org\/pl\/wp-json\/wp\/v2\/pages"}],"about":[{"href":"https:\/\/openheim.org\/pl\/wp-json\/wp\/v2\/types\/page"}],"author":[{"embeddable":true,"href":"https:\/\/openheim.org\/pl\/wp-json\/wp\/v2\/users\/1"}],"replies":[{"embeddable":true,"href":"https:\/\/openheim.org\/pl\/wp-json\/wp\/v2\/comments?post=623"}],"version-history":[{"count":41,"href":"https:\/\/openheim.org\/pl\/wp-json\/wp\/v2\/pages\/623\/revisions"}],"predecessor-version":[{"id":11767,"href":"https:\/\/openheim.org\/pl\/wp-json\/wp\/v2\/pages\/623\/revisions\/11767"}],"up":[{"embeddable":true,"href":"https:\/\/openheim.org\/pl\/wp-json\/wp\/v2\/pages\/589"}],"wp:attachment":[{"href":"https:\/\/openheim.org\/pl\/wp-json\/wp\/v2\/media?parent=623"}],"curies":[{"name":"wp","href":"https:\/\/api.w.org\/{rel}","templated":true}]}}