{"id":624,"date":"2020-04-29T16:28:24","date_gmt":"2020-04-29T14:28:24","guid":{"rendered":"http:\/\/openheim.org\/asana-fujikawa-david-hockney-postacie-plynacego-swiata-1\/"},"modified":"2023-01-04T11:28:26","modified_gmt":"2023-01-04T10:28:26","slug":"asana-fujikawa-david-hockney-postacie-plynacego-swiata-1","status":"publish","type":"page","link":"https:\/\/openheim.org\/pl\/wystawy\/archiwum\/asana-fujikawa-david-hockney-postacie-plynacego-swiata-1\/","title":{"rendered":"Asana Fujikawa &#038; David Hockney | Postacie p\u0142yn\u0105cego \u015bwiata"},"content":{"rendered":"<p><strong>Asana Fujikawa &#038; David Hockney.<\/strong><br \/>\n<strong>Postacie p\u0142yn\u0105cego \u015bwiata<\/strong><br \/>\n<strong>Kuratorka: Matilda Felix<br \/>\n<\/strong><span style=\"font-weight: normal;\"><strong>01.02-30.04.2020<\/strong><br \/>\nUwaga! Wystawa przed\u0142u\u017cona do 30 sierpnia 2020.<br \/>\n<\/span><\/p>\n<p><span style=\"font-weight: normal;\">Program wydarze\u0144 towarzysz\u0105cych:\u00a0<\/span><a href=\"http:\/\/bit.ly\/OP_Wydarzenia_FujikawaHockney\" target=\"_blank\" rel=\"noopener noreferrer\">http:\/\/bit.ly\/OP_Wydarzenia_FujikawaHockney<\/a><\/p>\n<p><span style=\"font-weight: normal;\">David Hockney uwa\u017cany jest za jednego z najwa\u017cniejszych i najbardziej wp\u0142ywowych brytyjskich artyst\u00f3w XX wieku. Znany jest z charakterystycznego, konsekwentnego stylu, kt\u00f3ry sta\u0142 si\u0119 nie tylko jego wizyt\u00f3wk\u0105, ale r\u00f3wnie\u017c obrazem przemijaj\u0105cego \u015bwiata lat 60. XX w. Ju\u017c 31 stycznia o godz. 18:00 akwaforty Davida Hockneya z serii <i>Six Fairy Tales from the Brothers Grimm<\/i> z 1969 roku spotkaj\u0105 si\u0119 z ba\u015bniowo-mitologicznymi, delikatnymi rze\u017abami m\u0142odej japo\u0144skiej artystki, Asany Fujikawy.<\/span><\/p>\n<p><span style=\"font-weight: normal;\">Pierwsza ods\u0142ona kuratorowanej przez dr Matild\u0119 Felix wystawy pt. <i>Postacie p\u0142yn\u0105cego \u015bwiata<\/i> mia\u0142a miejsce w berli\u0144skim Georg Kolbe Museum. Jej tytu\u0142 odnosi si\u0119 do tradycyjnych japo\u0144skich ilustracji <i>ukiyo-e<\/i> &#8211; obraz\u00f3w ulotnego \u015bwiata, kt\u00f3rych tematami s\u0105 sceny \u017cycia codziennego. Korzystaj\u0105c z j\u0119zyka ba\u015bni i mit\u00f3w, przy u\u017cyciu klasycznych technik Asana Fujikawa i David Hockney tworz\u0105 prace o niewielkich formatach, kt\u00f3re s\u0105 jednak aktualne i bezpo\u015brednie. Przep\u0142ywaj\u0105cy \u015bwiat kondensuje si\u0119 w tych obrazach w postaci bezstronnie przedstawionej refleksji na temat tego, co czyni nas faktycznie lud\u017ami.<\/span><\/p>\n<p><span style=\"font-weight: normal;\">Kuratorka wystawy zabiera nas w magiczn\u0105 podr\u00f3\u017c, w kt\u00f3rej \u0142\u0105czy dwa fascynuj\u0105ce, artystyczne \u015bwiaty. Prace Davida Hockneya, kt\u00f3re mo\u017cna rozpatrywa\u0107 jako przedmiot rozwa\u017ca\u0144 na temat w\u0142asnej to\u017csamo\u015bci czy poszukiwanie swojego miejsca na \u015bwiecie, przenikaj\u0105 si\u0119 z autorskimi, egzystencjalnymi historiami Fujikawy. Bohater\u00f3w opowiada\u0144 &#8211; zar\u00f3wno braci Grimm, jak i Asany Fujikawy &#8211; spotykamy w codziennych sytuacjach, w kt\u00f3rych podejmuj\u0105 oni decyzje, maj\u0105ce daleko id\u0105ce, nierzadko surrealistyczne, konsekwencje.<\/span><\/p>\n<p><span style=\"font-weight: normal;\"><i>Six Fairy Tales from the Brothers Grimm <\/i>to cykl 39 akwafort, nad kt\u00f3rymi David Hockney pracowa\u0142 niemal przez ca\u0142y 1969 rok. Oryginalnie wydane w formie ksi\u0105\u017cki w 1970 roku przez British Royal Academy of Arts, wystawiane by\u0142y r\u00f3wnie\u017c przez takie instytucje jak: British Council czy Bradford Museums and Galleries.<\/span><\/p>\n<p><span style=\"font-weight: normal;\">______________<\/span><\/p>\n<p><span style=\"font-weight: normal;\">Organizatorzy: OP ENHEIM, <u><a href=\"https:\/\/www.georg-kolbe-museum.de\/\" target=\"_blank\" rel=\"noopener noreferrer\">Georg Kolbe Museum<br \/>\n<\/a><\/u>Wsp\u00f3\u0142organizator: ABIS Sammlung<br \/>\nMecenas: <u><a href=\"https:\/\/womak.pl\/\" target=\"_blank\" rel=\"noopener noreferrer\">Womak Holding SA<br \/>\n<\/a><\/u>Patroni medialni: <a href=\"https:\/\/magazynszum.pl\/\" target=\"_blank\" rel=\"noopener noreferrer\">Magazyn Szum<\/a>, <a href=\"https:\/\/wroclaw.wyborcza.pl\/wroclaw\/0,0.html\" target=\"_blank\" rel=\"noopener noreferrer\">Gazeta Wyborcza<\/a>, <a href=\"https:\/\/kukulturze.pl\/\" target=\"_blank\" rel=\"noopener noreferrer\">KuKulturze<\/a><a href=\"https:\/\/wroclaw.wyborcza.pl\/wroclaw\/0,0.html\" target=\"_blank\" rel=\"noopener noreferrer\"><br \/>\n<\/a>Partner: <a href=\"https:\/\/www.flagi-sign.com.pl\/\" target=\"_blank\" rel=\"noopener noreferrer\">Sign.pl,<\/a><a href=\"http:\/\/www.fundacja-nami.pl\" target=\"_blank\" rel=\"noopener noreferrer\"> Fundacja Przyja\u017ani Polsko-Japo\u0144skiej NAMI<\/a><br \/>\n<\/span><\/p>\n","protected":false},"excerpt":{"rendered":"<p>Kuratorka Matilda Felix \u0142\u0105czy akwaforty Davida Hockneya z serii \u201eSix Fairy Tales from the Brothers Grimm\u201d z 1969 roku z ba\u015bniowo-mitologicznymi, delikatnymi rze\u017abami m\u0142odej japo\u0144skiej artystki, Asany Fujikawy. Tytu\u0142 wystawy odnosi si\u0119 do tradycyjnych japo\u0144skich ilustracji \u201eukiyo-e\u201d \u2013 obraz\u00f3w ulotnego \u015bwiata, kt\u00f3rych tematami s\u0105 sceny \u017cycia codziennego. Przep\u0142ywaj\u0105cy \u015bwiat kondensuje si\u0119 w tych obrazach w postaci bezstronnie przedstawionej refleksji na temat tego, co czyni nas faktycznie lud\u017ami.<\/p>\n","protected":false},"author":1,"featured_media":4040,"parent":607,"menu_order":97,"comment_status":"open","ping_status":"open","template":"","meta":{"_acf_changed":false,"footnotes":""},"class_list":["post-624","page","type-page","status-publish","has-post-thumbnail","hentry"],"acf":[],"_links":{"self":[{"href":"https:\/\/openheim.org\/pl\/wp-json\/wp\/v2\/pages\/624","targetHints":{"allow":["GET"]}}],"collection":[{"href":"https:\/\/openheim.org\/pl\/wp-json\/wp\/v2\/pages"}],"about":[{"href":"https:\/\/openheim.org\/pl\/wp-json\/wp\/v2\/types\/page"}],"author":[{"embeddable":true,"href":"https:\/\/openheim.org\/pl\/wp-json\/wp\/v2\/users\/1"}],"replies":[{"embeddable":true,"href":"https:\/\/openheim.org\/pl\/wp-json\/wp\/v2\/comments?post=624"}],"version-history":[{"count":14,"href":"https:\/\/openheim.org\/pl\/wp-json\/wp\/v2\/pages\/624\/revisions"}],"predecessor-version":[{"id":7523,"href":"https:\/\/openheim.org\/pl\/wp-json\/wp\/v2\/pages\/624\/revisions\/7523"}],"up":[{"embeddable":true,"href":"https:\/\/openheim.org\/pl\/wp-json\/wp\/v2\/pages\/607"}],"wp:featuredmedia":[{"embeddable":true,"href":"https:\/\/openheim.org\/pl\/wp-json\/wp\/v2\/media\/4040"}],"wp:attachment":[{"href":"https:\/\/openheim.org\/pl\/wp-json\/wp\/v2\/media?parent=624"}],"curies":[{"name":"wp","href":"https:\/\/api.w.org\/{rel}","templated":true}]}}