{"id":632,"date":"2020-04-29T16:28:24","date_gmt":"2020-04-29T14:28:24","guid":{"rendered":"http:\/\/openheim.org\/die-sammlung-op-enheim-abis\/"},"modified":"2023-03-03T21:52:08","modified_gmt":"2023-03-03T20:52:08","slug":"die-sammlung-op-enheim-abis","status":"publish","type":"page","link":"https:\/\/openheim.org\/pl\/wystawy\/archiwum\/die-sammlung-op-enheim-abis\/","title":{"rendered":"DIE SAMMLUNG_____OP ENHEIM \/ ABIS"},"content":{"rendered":"<p><b>DIE SAMMLUNG___OP ENHEIM \/ ABIS<br \/>\n<\/b><b>wyb\u00f3r z kolekcji<\/b><\/p>\n<p><b><\/b><b style=\"color: inherit;\">czas trwania wystawy: 12.10 \u2013 31.12.2019<br \/>\n<\/b><b style=\"color: inherit;\">Arty\u015bci:\u00a0<\/b><span style=\"color: inherit;\"><span style=\"font-weight: normal;\">Assig \/ Bujnowski \/ Fetting \/ Gerken \/ Gaskell \/ Hart \/ Kiefer \/ Koberling \/ Lafontaine \/ Opa\u0142ka \/ P\u0105gowska \/ Rauschenberg \/ Rogalski \/ Sasnal \/ Wenders \/ Wr\u00f3blewski \/ Ziemski<\/span><span style=\"font-weight: 400;\"><br \/>\n<\/span><\/span>Kuratorka: <span style=\"color: inherit; font-weight: normal;\">Kama Wr\u00f3bel<\/span><\/p>\n<p><i style=\"font-weight: normal;\">Kolekcja dzie\u0142 sztuki to co\u015b wi\u0119cej, ni\u017c zbi\u00f3r obiekt\u00f3w artystycznych.<br \/>\n<\/i><i style=\"font-weight: normal;\">To r\u00f3wnie\u017c zapis pasji, potrzeby obcowania ze sztuk\u0105, a tak\u017ce obraz kondycji otaczaj\u0105cego nas \u015bwiata. \u015awiata, widzianego z perspektywy jednostki, bacznie obserwowanego przez wprawne oko artysty i przetworzonego przez w\u0142a\u015bciwy tylko jemu j\u0119zyk wizualny.<br \/>\n<\/i><i style=\"font-weight: normal;\">To fascynuje.<\/i><\/p>\n<p style=\"text-align: justify;\"><span style=\"font-weight: normal;\">Prezentowana w przestrzeniach OP ENHEIM wystawa to symboliczny obraz burzliwego w wielu \u015brodowiskach okresu w historii, r\u00f3wnie\u017c sztuki. Zachodz\u0105ce w 2 po\u0142. XX w. w Europie i Ameryce zmiany spo\u0142eczne, gospodarcze i polityczne, w wyra\u017any spos\u00f3b odcisn\u0119\u0142y si\u0119 na postawach i \u017cyciorysach \u00f3wczesnych artyst\u00f3w, jak r\u00f3wnie\u017c wp\u0142yn\u0119\u0142y na tworzon\u0105 przez nich sztuk\u0119. Rodz\u0105ce si\u0119 nowe nurty, poszukiwanie oryginalnych j\u0119zyk\u00f3w artystycznego wyrazu, powroty i kontry do zastanych porz\u0105dk\u00f3w, zaowocowa\u0142y powstaniem zupe\u0142nie nowych stylistyk, jak r\u00f3wnie\u017c zachwianiem niepodzielnie trwaj\u0105cego prymu sztuki europejskiej i w rezultacie triumfu sztuki ameryka\u0144skiej na arenie mi\u0119dzynarodowej. Wystawa Die Sammlung___ jest symboliczn\u0105 opowie\u015bci\u0105 o tych zmianach.<\/span><\/p>\n<p style=\"text-align: justify;\"><span style=\"font-weight: normal;\">W ramach wystawy, w przestrzeniach OP ENHEIM, b\u0119dzie mo\u017cna zobaczy\u0107 m.in. utrzymane w duchu <i>combine painting<\/i> obrazy Roberta Rauschenberga czy odnosz\u0105ce si\u0119 do \u015brodowiska Neue Wilde, skupionego wok\u00f3\u0142 Galerii przy Moritzplatz prace Reinera Fettinga, a tak\u017ce Bernda Koberlinga. Rehabilitacja w\u0105tk\u00f3w wojennych poruszona zostanie w pracach Anselma Kiefera i Wima Wendersa, podczas gdy o poszukiwaniu siebie i nowego sposobu wyra\u017cania si\u0119 w powojennej Polsce i Europie, opowiedz\u0105 obrazy Teresy P\u0105gowskiej, Rajmunda Ziemskiego i Romana Opa\u0142ki. Nie zabraknie te\u017c w\u0105tk\u00f3w wsp\u00f3\u0142czesnych (Wilhelm Sasnal, Rafa\u0142 Bujnowski, Ina Gerken) czy sztuki kobiecej (Marie-Jo Lafointaine, Claudia Hart).<\/span><\/p>\n<p style=\"text-align: justify;\"><span style=\"font-weight: normal;\">Nie znajdziemy tu wi\u0119c muzealnej narracji, a stosunkowo swobodn\u0105 w\u0119dr\u00f3wk\u0119, kt\u00f3rej kierunek wyznaczany jest poprzez pojedyncze prace-symbole, wskazuj\u0105ce na istotne z punktu widzenia historii sztuki wydarzenia czy momenty zwrotne. Narracja ekspozycji pod\u0105\u017ca za kszta\u0142tem oraz zawarto\u015bci\u0105 zbior\u00f3w ABIS i OP ENHEIM, kt\u00f3re w przewa\u017caj\u0105cej wi\u0119kszo\u015bci sk\u0142adaj\u0105 si\u0119 ze sztuki niemieckiej, polskiej i ameryka\u0144skiej, maj\u0105c jednak istotne uzupe\u0142nienia o dzie\u0142a angielskie, w\u0142oskie i belgijskie. Kolekcja ABIS to grupa obiekt\u00f3w sztuki, kt\u00f3re opracowa\u0142 i wprowadzi\u0142 do niej uznany kolekcjoner Dr. Erich Marx (Sammlung Marx &#8211; Berlin). Teraz zbi\u00f3r ABIS, uzupe\u0142niony pracami z kolekcji OP ENHEIM, otwiera dla siebie nowy rozdzia\u0142.<\/span><\/p>\n<p style=\"text-align: justify;\"><span style=\"font-weight: normal;\">Wystawa ta ma dla nas szczeg\u00f3lny charakter. To pokaz dzie\u0142 sztuki b\u0119d\u0105cych niewielkim fragmentem obszernej kolekcji ABIS\/OP ENHEIM, kt\u00f3ry stanowi dla nas istotny punkt odniesienia w codziennej pracy. Jest to r\u00f3wnie\u017c prezentacja prywatnego, sukcesywnie rozwijanego zbioru sztuki wsp\u00f3\u0142czesnej, owej die Sammlung (niem. kolekcja) stanowi\u0105cej punkt wyj\u015bcia do rozmowy o istocie kolekcjonowania, kt\u00f3re we wsp\u00f3\u0142czesnych czasach zacz\u0119\u0142o nabiera\u0107 spo\u0142ecznego wymiaru i wsp\u00f3lnotowego charakteru. Za pomoc\u0105 tej w\u0142a\u015bnie ekspozycji chcemy zada\u0107 pytanie o warto\u015b\u0107 tworzenia prywatnych &#8211; nie zagro\u017conych przez coraz cz\u0119\u015bciej pojawiaj\u0105ce si\u0119 formy ogranicze\u0144 &#8211; kolekcji i o to, czy proces ten mo\u017ce mie\u0107 realny wp\u0142yw na histori\u0119, niezale\u017cno\u015b\u0107 i rozw\u00f3j kultury, sztuki czy po\u015brednio te\u017c, naszej to\u017csamo\u015bci.<\/span><\/p>\n<p>______________<\/p>\n<p><strong>OP ENHEIM\/ABIS<\/strong><\/p>\n<p style=\"text-align: justify;\"><span style=\"font-weight: normal;\">Zbi\u00f3r ABIS powsta\u0142 w latach 1980-2016 i jest grup\u0105 obiekt\u00f3w sztuki, kt\u00f3re opracowa\u0142 i wprowadzi\u0142 do niej uznany kolekcjoner Dr Erich Marx (Sammlung Marx &#8211; Berlin). Teraz zbi\u00f3r ABIS, uzupe\u0142niony pracami z kolekcji OP ENHEIM, otwiera dla siebie nowy rozdzia\u0142. Zawiera blisko 140 dzie\u0142 sztuki \u015bwiatowego formatu, kt\u00f3re powsta\u0142y w latach 50.\u2013 90. XX wieku oraz pocz\u0105tku wieku XXI. W przewa\u017caj\u0105cej ilo\u015bci s\u0105 to obiekty pochodz\u0105ce z Niemiec (m.in.Martin Assig, Georg Baselitz, Tim Eitel, Reiner Fetting, Eberhardt Havekost, Anselm Kiefer, Wim Wenders), z uzupe\u0142nieniami sztuki ameryka\u0144skiej (m.in. Hans Hoffmann, Robert Rauschenberg, Julian Schnabel), w\u0142oskiej Transavanguardia i Nuova Scuola Romana (m.in. Cucci, Bruno Ceccobelli, Ernesto Tatafiore), a tak\u017ce interesuj\u0105cej reprezentacji sztuki polskiej (m.in. Rafa\u0142 Bujnowski, Zbigniew Rogalski, Wilhelm Sasnal). W zbiorze ABIS obecny jest r\u00f3wnie\u017c zesp\u00f3\u0142 sztuki kobiecej, w tym klasyczne pozycje artystek takich, jak Marie-Jo Lafontaine, Fiona Rae, Claudia Hart.<\/span><\/p>\n<p style=\"text-align: justify;\"><span style=\"color: inherit;\">Dzie\u0142a ze zbior\u00f3w ABIS prezentowane s\u0105 na sta\u0142e w American Academy w Berlinie, a tak\u017ce wsp\u00f3\u0142pracuj\u0105 ze \u015bwiatowymi instytucjami kultury, jak r\u00f3wnie\u017c z wroc\u0142awskim Domem dla Kultury OP ENHEIM, kt\u00f3rego dzia\u0142alno\u015b\u0107 zosta\u0142a zainicjowana w pa\u017adzierniku 2018 roku, kuratorowan\u0105 przez And\u0119 Rottenberg, wystaw\u0105 Miros\u0142awa Ba\u0142ki pt. 1\/1\/1\/1\/1. Od tego te\u017c czasu OP ENHEIM buduje swoj\u0105 w\u0142asn\u0105 kolekcj\u0119, w kt\u00f3rej znajduj\u0105 si\u0119 prace eksponowane podczas wystaw czasowych, jak r\u00f3wnie\u017c obiekty artystyczne autorstwa tw\u00f3rc\u00f3w prezentuj\u0105cych wyr\u00f3\u017cniaj\u0105ce si\u0119, interesuj\u0105ce postawy. W kolekcji OP ENHEIM znajduj\u0105 si\u0119 prace (m.in. Miros\u0142awa Ba\u0142ki, Huberta Czerepoka, Jaros\u0142awa Koz\u0142owskiego, Bernda Koberlinga, Dominika Lejmana czy Iny Gerken).<\/span><\/p>\n<p style=\"text-align: justify;\">______________<\/p>\n<p>Organizator: OP ENHEIM<br \/>\nMecenas: <span style=\"font-weight: normal;\"> <a href=\"https:\/\/womak.pl\/wspolpraca\/\" target=\"_blank\" rel=\"noopener noreferrer\">Womak Holding SA<\/a><\/span><br \/>\nPartner: <span style=\"font-weight: normal;\"><a href=\"https:\/\/artlogistic.com.pl\/pl\/\" target=\"_blank\" rel=\"noopener noreferrer\">Art Logistic<\/a><\/span><br \/>\nPatron medialny: <span style=\"font-weight: normal;\"><a href=\"https:\/\/magazynszum.pl\/\" target=\"_blank\" rel=\"noopener noreferrer\">Magazyn SZUM<\/a>, <a href=\"https:\/\/www.radioram.pl\/\" target=\"_blank\" rel=\"noopener noreferrer\">Radio RAM<\/a>, <a href=\"https:\/\/www.radiowroclawkultura.pl\/\" target=\"_blank\" rel=\"noopener noreferrer\">Radio Wroc\u0142aw Kultura<\/a><\/span><\/p>\n","protected":false},"excerpt":{"rendered":"<p>Assig \/ Bujnowski \/ Fetting \/ Gerken \/ Gaskell \/ Hart \/ Kiefer \/ Koberling \/ Lafontaine \/ Opa\u0142ka \/ P\u0105gowska \/ Rauschenberg \/ Rogalski \/ Sasnal \/ Wenders \/ Wr\u00f3blewski \/ Ziemski<\/p>\n<p>Wychodz\u0105c poza ramy muzealnej narracji, wystawa pt. \u201eDIE SAMMLUNG\u201d kieruje widz\u00f3w w stron\u0119 spokojnej w\u0119dr\u00f3wki przez dzie\u0142a sztuki niemieckiej, polskiej i ameryka\u0144skiej, maj\u0105c jednak w pami\u0119ci te istotne uzupe\u0142nienia o dzie\u0142a angielskie, w\u0142oskie i belgijskie. Kolekcja ABIS to grupa obiekt\u00f3w sztuki, kt\u00f3re opracowa\u0142 i wprowadzi\u0142 do niej uznany kolekcjoner &#8211; dr Erich Marx. \u201eDIE SAMMLUNG\u201d to r\u00f3wnie\u017c pretekst do rozpocz\u0119cia dyskusji o istocie kolekcjonowania.<\/p>\n","protected":false},"author":1,"featured_media":2604,"parent":607,"menu_order":98,"comment_status":"open","ping_status":"closed","template":"","meta":{"_acf_changed":false,"footnotes":""},"class_list":["post-632","page","type-page","status-publish","has-post-thumbnail","hentry"],"acf":[],"_links":{"self":[{"href":"https:\/\/openheim.org\/pl\/wp-json\/wp\/v2\/pages\/632","targetHints":{"allow":["GET"]}}],"collection":[{"href":"https:\/\/openheim.org\/pl\/wp-json\/wp\/v2\/pages"}],"about":[{"href":"https:\/\/openheim.org\/pl\/wp-json\/wp\/v2\/types\/page"}],"author":[{"embeddable":true,"href":"https:\/\/openheim.org\/pl\/wp-json\/wp\/v2\/users\/1"}],"replies":[{"embeddable":true,"href":"https:\/\/openheim.org\/pl\/wp-json\/wp\/v2\/comments?post=632"}],"version-history":[{"count":10,"href":"https:\/\/openheim.org\/pl\/wp-json\/wp\/v2\/pages\/632\/revisions"}],"predecessor-version":[{"id":7775,"href":"https:\/\/openheim.org\/pl\/wp-json\/wp\/v2\/pages\/632\/revisions\/7775"}],"up":[{"embeddable":true,"href":"https:\/\/openheim.org\/pl\/wp-json\/wp\/v2\/pages\/607"}],"wp:featuredmedia":[{"embeddable":true,"href":"https:\/\/openheim.org\/pl\/wp-json\/wp\/v2\/media\/2604"}],"wp:attachment":[{"href":"https:\/\/openheim.org\/pl\/wp-json\/wp\/v2\/media?parent=632"}],"curies":[{"name":"wp","href":"https:\/\/api.w.org\/{rel}","templated":true}]}}