{"id":6904,"date":"2022-07-18T17:24:48","date_gmt":"2022-07-18T15:24:48","guid":{"rendered":"https:\/\/openheim.org\/pl\/?page_id=6904"},"modified":"2023-01-17T12:09:52","modified_gmt":"2023-01-17T11:09:52","slug":"6-septembre-hommage-a-christian-boltanski","status":"publish","type":"page","link":"https:\/\/openheim.org\/pl\/wystawy\/archiwum\/6-septembre-hommage-a-christian-boltanski\/","title":{"rendered":"6 septembre Hommage \u00e0 Christian Boltanski"},"content":{"rendered":"<p><strong>6 septembre hommage \u00e0 Christian Boltanski<\/strong><br \/>\n<strong>Kuratorka: Milada \u015alizi\u0144ska<\/strong><\/p>\n<p><strong>Otwarcie wystawy: 6.09.2022, godz. 18:30<br \/>\nCzas trwania wystawy: 7.09.2022\u201315.01.2023<\/strong><\/p>\n<p class=\"p1\"><span class=\"s1\">Wystaw\u0105 6 septembre Hommage \u00e0 Christian Boltanski, OP ENHEIM otwiera sezon jesienny. Jest to wyj\u0105tkowa okazja, by we Wroc\u0142awiu spotka\u0107 si\u0119 z tw\u00f3rczo\u015bci\u0105 francuskiego artysty o mi\u0119dzynarodowej s\u0142awie, powszechnie uwa\u017canego za jednego z najbardziej wp\u0142ywowych tw\u00f3rc\u00f3w swojego pokolenia. W kameralnej przestrzeni OP ENHEIM, kt\u00f3rej to\u017csamo\u015b\u0107 naznaczona jest historycznymi wydarzeniami, uznana kuratorka i krytyczka sztuki \u2014 Milada \u015alizi\u0144ska \u2014 tworzy intymn\u0105 opowie\u015b\u0107 o przemijaniu, ale te\u017c trwaniu w kontek\u015bcie tzw. \u201ema\u0142ej pami\u0119ci\u201d. <\/span><\/p>\n<p class=\"p1\"><span class=\"s1\">\u2014 <i>Ta wystawa jest minimalistyczna i bardzo intymna, wzruszaj\u0105ca i odkrywaj\u0105ca ludzk\u0105 wra\u017cliwo\u015b\u0107. Wielkie tematy, o kt\u00f3rych artysta m\u00f3wi, spotykaj\u0105 si\u0119 z banalno\u015bci\u0105 przedmiot\u00f3w, kt\u00f3re wykorzystuje w swojej sztuce. Boltanski powiedzia\u0142 kiedy\u015b, \u017ce artysta nie ma na nic bezpo\u015bredniego wp\u0142ywu. Mo\u017ce tylko zadawa\u0107 pytania i budzi\u0107 uczucia. My\u015bl\u0119, \u017ce nie tylko<\/i> \u2014 m\u00f3wi kuratorka, Milada \u015alizi\u0144ska.\u00a0<\/span><\/p>\n<p class=\"p1\"><span class=\"s1\">Tytu\u0142 wystawy powi\u0105zany jest z urodzinami Christiana Boltanskiego, kt\u00f3re przypadaj\u0105 na 6 wrze\u015bnia. \u015awi\u0119tujemy zatem urodziny, a nie \u015bmier\u0107 artysty, kt\u00f3rego serce zabije na nowo poprzez jego sztuk\u0119. Na przestrzeni ostatnich lat Boltanski mia\u0142 wielkie retrospektywne wystawy na ca\u0142ym \u015bwiecie, w miejscach takich jak: Centre Pompidou w Pary\u017cu, Narodowa Galeria Sztuki w Tokio, Nahum Gutman Art Museum w Izraelu, Museo Nacional de Bellas Artes w Chile czy The Museum of Contemporary Art of Monterrey w Meksyku.<\/span><\/p>\n<p>&nbsp;<\/p>\n<p>Christian Boltanski przy swojej pracy w Muzeum National Art Center of Tokyo, Japonia<br \/>\nFotografia Angeliki Markul, \u00a9 ADAGP Paris, 2019<\/p>\n<div class=\"l7ghb35v kjdc1dyq kmwttqpk gh25dzvf jikcssrz\">\n<p>_______<\/p>\n<p><strong>Zesp\u00f3\u0142 \/ Team<\/strong><br \/>\nKuratorka \/ Curator: Milada \u015alizi\u0144ska<br \/>\nProdukcja \/ Production: \u0141ukasz Adamski, Alicja St\u0105p\u00f3r<br \/>\nPromocja \/ PR: Kamil Downarowicz<br \/>\nIdentyfikacja wizualna \/ Visual identification: Grzegorz Kozak<br \/>\nRealizacja \/ Realisation: Micha\u0142 Micha\u0142czak | Keep Away From Fire<br \/>\nT\u0142umaczenie \/ Translation: Ma\u0142gorzata S\u0142abicka, Karol Waniek<br \/>\nWsp\u00f3\u0142praca \/ Cooperation: Natalia Budzi\u0144ska, Michalina Grabi\u0144ska, Ivan Shpak, Kornelia W\u0142odarczyk, Agnieszka Wr\u00f3blewska<\/p>\n<\/div>\n<div class=\"l7ghb35v kjdc1dyq kmwttqpk gh25dzvf jikcssrz\">Podzi\u0119kowania dla \/ Special thanks to: Angelika Markul<br \/>\n_______<\/div>\n<div class=\"l7ghb35v kjdc1dyq kmwttqpk gh25dzvf jikcssrz\">Organizator: OP ENHEIM |\u00a0 Wsp\u00f3\u0142organizator: VOP<\/div>\n<div class=\"l7ghb35v kjdc1dyq kmwttqpk gh25dzvf jikcssrz\">Partnerzy: Instytut Francuski w Warszawie \/ Alliance fran\u00e7aise, Gmina Wroc\u0142aw, GENTZ, Okovita \/ Tenczynek, KEIM, SDZLEGAL Schindhelm, Art Hotel, OPEN Reklama Oksana Solnik-Krzy\u017canowska | Mecenas Honorowy: WOMAK SA<\/div>\n<div class=\"l7ghb35v kjdc1dyq kmwttqpk gh25dzvf jikcssrz\">Projekt wsp\u00f3\u0142finansowany ze \u015brodk\u00f3w Gminy Wroc\u0142aw \/www.wroclaw.pl<\/div>\n<div class=\"l7ghb35v kjdc1dyq kmwttqpk gh25dzvf jikcssrz\">Partnerem projektu jest Instytut Francuski w Warszawie \/Alliance Fran\u00e7aise<\/div>\n","protected":false},"excerpt":{"rendered":"<p>Wystaw\u0105 6 septembre. Hommage \u00e0 Christian Boltanski, OP ENHEIM otworzy sezon jesienny. B\u0119dzie to wyj\u0105tkowa okazja, by we Wroc\u0142awiu spotka\u0107 si\u0119 z tw\u00f3rczo\u015bci\u0105 artysty na tak\u0105 skal\u0119, ale te\u017c zobaczy\u0107 szereg, nieprezentowanych dotychczas dzie\u0142.<\/p>\n<p>Christian Boltanski, francuski artysta o mi\u0119dzynarodowej s\u0142awie, uwa\u017cany jest za jednego z najbardziej wp\u0142ywowych tw\u00f3rc\u00f3w swojego pokolenia. W dzia\u0142aniach swych wielokrotnie odwo\u0142ywa\u0142 si\u0119 do w\u0142asnej przesz\u0142o\u015bci, odtwarzaj\u0105c przy tym niejednokrotnie pomieszczenia, obiekty, wn\u0119trza czy inne zapami\u0119tane ze swojego \u017cycia elementy, realizuj\u0105c te\u017c prace dotycz\u0105ce historii os\u00f3b anonimowych.<\/p>\n","protected":false},"author":2,"featured_media":6979,"parent":607,"menu_order":40,"comment_status":"closed","ping_status":"closed","template":"","meta":{"_acf_changed":false,"footnotes":""},"class_list":["post-6904","page","type-page","status-publish","has-post-thumbnail","hentry"],"acf":[],"_links":{"self":[{"href":"https:\/\/openheim.org\/pl\/wp-json\/wp\/v2\/pages\/6904","targetHints":{"allow":["GET"]}}],"collection":[{"href":"https:\/\/openheim.org\/pl\/wp-json\/wp\/v2\/pages"}],"about":[{"href":"https:\/\/openheim.org\/pl\/wp-json\/wp\/v2\/types\/page"}],"author":[{"embeddable":true,"href":"https:\/\/openheim.org\/pl\/wp-json\/wp\/v2\/users\/2"}],"replies":[{"embeddable":true,"href":"https:\/\/openheim.org\/pl\/wp-json\/wp\/v2\/comments?post=6904"}],"version-history":[{"count":23,"href":"https:\/\/openheim.org\/pl\/wp-json\/wp\/v2\/pages\/6904\/revisions"}],"predecessor-version":[{"id":6906,"href":"https:\/\/openheim.org\/pl\/wp-json\/wp\/v2\/pages\/6904\/revisions\/6906"}],"up":[{"embeddable":true,"href":"https:\/\/openheim.org\/pl\/wp-json\/wp\/v2\/pages\/607"}],"wp:featuredmedia":[{"embeddable":true,"href":"https:\/\/openheim.org\/pl\/wp-json\/wp\/v2\/media\/6979"}],"wp:attachment":[{"href":"https:\/\/openheim.org\/pl\/wp-json\/wp\/v2\/media?parent=6904"}],"curies":[{"name":"wp","href":"https:\/\/api.w.org\/{rel}","templated":true}]}}