{"id":7225,"date":"2022-12-08T11:37:08","date_gmt":"2022-12-08T10:37:08","guid":{"rendered":"https:\/\/openheim.org\/pl\/?page_id=7225"},"modified":"2025-03-25T21:08:21","modified_gmt":"2025-03-25T20:08:21","slug":"op_walks","status":"publish","type":"page","link":"https:\/\/openheim.org\/pl\/projekty\/op_walks\/","title":{"rendered":"OP_WALKS"},"content":{"rendered":"<p class=\"p1\"><span class=\"s1\"><b>OP_WALKS to wsp\u00f3lne spacery do miejsc kultury organizowane przez OP ENHEIM. Raz w miesi\u0105cu udamy si\u0119 do wybranych galerii i pracowni wroc\u0142awskich tw\u00f3rc\u00f3w aby zwiedzi\u0107 aktualnie odbywaj\u0105ce si\u0119 w nich wystawy.<\/b><\/span><\/p>\n<p class=\"p1\"><span class=\"s1\">Spotkaniom tym towarzyszy\u0107 b\u0119dzie komentarz wprowadzaj\u0105cy, a tak\u017ce oprowadzanie z mo\u017cliwo\u015bci\u0105 dyskusji i co wa\u017cne &#8211; do\u015bwiadczenie grupowego obcowania ze sztuk\u0105. Bez po\u015bpiechu, w dobrym towarzystwie sp\u0119dzimy niedzielne popo\u0142udnia rozmawiaj\u0105c<br \/>\ni spaceruj\u0105c, pewnie te\u017c od czasu do czasu wymieniaj\u0105c refleksje przy kawie. Udzia\u0142 w projekcie jest bezp\u0142atny. Zapraszamy!<\/span><\/p>\n<p class=\"p1\"><strong>PROGRAM | EDYCJA WIOSENNA<br \/>\nObowi\u0105zuj\u0105 zapisy: <a href=\"https:\/\/app.evenea.pl\/event\/832353-87\/\" target=\"_blank\" rel=\"noopener\">bit.ly\/4je8qRj<\/a><\/strong><\/p>\n<div>\n<p><span style=\"font-weight: 400;\"><span class=\"x3nfvp2 x1j61x8r x1fcty0u xdj266r xhhsvwb xat24cr xgzva0m xxymvpz xlup9mm x1kky2od\"><img decoding=\"async\" src=\"https:\/\/static.xx.fbcdn.net\/images\/emoji.php\/v9\/tec\/2\/16\/25fe.png\" alt=\"\u25fe\" width=\"16\" height=\"16\" \/>30.<\/span>03, g. 12:00<\/span><\/p>\n<p><span style=\"font-weight: 400;\">Miejsce zbi\u00f3rki: Ksi\u0119cia Witolda 66, 50-203 Wroc\u0142aw<br \/>\nOP WALKS | 66P Subiektywna Instytucja Kultury | MiserArt<\/span><\/p>\n<p><span class=\"x3nfvp2 x1j61x8r x1fcty0u xdj266r xhhsvwb xat24cr xgzva0m xxymvpz xlup9mm x1kky2od\"><span class=\"x3nfvp2 x1j61x8r x1fcty0u xdj266r xhhsvwb xat24cr xgzva0m xxymvpz xlup9mm x1kky2od\"><span style=\"font-weight: 400;\">Zapraszamy do udzia\u0142u w niedzielnych spacerach do miejsc kultury!<\/span><span style=\"font-weight: 400;\"><br \/>\n<\/span><span style=\"font-weight: 400;\">Wszelkie pytania oraz zg\u0142oszenia miejsc prosimy kierowa\u0107 na adres viktoriia.tofan@openheim.org<\/span><\/span><\/span><br \/>\n\u2013\u2013\u2013<\/p>\n<\/div>\n<div class=\"x11i5rnm xat24cr x1mh8g0r x1vvkbs xtlvy1s\">Organizator: OP ENHEIM<br \/>\nPartnerzy: WOMAK Holding S.A., GENTZ<\/div>\n","protected":false},"excerpt":{"rendered":"<p>OP_WALKS to wsp\u00f3lne spacery do miejsc kultury organizowane przez OP ENHEIM. Raz w miesi\u0105cu udamy si\u0119 do wybranych galerii i pracowni wroc\u0142awskich tw\u00f3rc\u00f3w aby zwiedzi\u0107 aktualnie odbywaj\u0105ce si\u0119 w nich wystawy. Spotkaniom tym towarzyszy\u0107 b\u0119dzie komentarz wprowadzaj\u0105cy, a tak\u017ce oprowadzanie z mo\u017cliwo\u015bci\u0105 dyskusji i co wa\u017cne &#8211; do\u015bwiadczenie grupowego obcowania ze sztuk\u0105. Bez po\u015bpiechu, w dobrym towarzystwie sp\u0119dzimy niedzielne popo\u0142udnia rozmawiaj\u0105c i spaceruj\u0105c, pewnie te\u017c od czasu do czasu wymieniaj\u0105c&#8230;<\/p>\n","protected":false},"author":2,"featured_media":0,"parent":4057,"menu_order":35,"comment_status":"closed","ping_status":"closed","template":"","meta":{"_acf_changed":false,"footnotes":""},"class_list":["post-7225","page","type-page","status-publish","hentry"],"acf":[],"_links":{"self":[{"href":"https:\/\/openheim.org\/pl\/wp-json\/wp\/v2\/pages\/7225","targetHints":{"allow":["GET"]}}],"collection":[{"href":"https:\/\/openheim.org\/pl\/wp-json\/wp\/v2\/pages"}],"about":[{"href":"https:\/\/openheim.org\/pl\/wp-json\/wp\/v2\/types\/page"}],"author":[{"embeddable":true,"href":"https:\/\/openheim.org\/pl\/wp-json\/wp\/v2\/users\/2"}],"replies":[{"embeddable":true,"href":"https:\/\/openheim.org\/pl\/wp-json\/wp\/v2\/comments?post=7225"}],"version-history":[{"count":27,"href":"https:\/\/openheim.org\/pl\/wp-json\/wp\/v2\/pages\/7225\/revisions"}],"predecessor-version":[{"id":10455,"href":"https:\/\/openheim.org\/pl\/wp-json\/wp\/v2\/pages\/7225\/revisions\/10455"}],"up":[{"embeddable":true,"href":"https:\/\/openheim.org\/pl\/wp-json\/wp\/v2\/pages\/4057"}],"wp:attachment":[{"href":"https:\/\/openheim.org\/pl\/wp-json\/wp\/v2\/media?parent=7225"}],"curies":[{"name":"wp","href":"https:\/\/api.w.org\/{rel}","templated":true}]}}