{"id":7230,"date":"2022-12-08T11:38:52","date_gmt":"2022-12-08T10:38:52","guid":{"rendered":"https:\/\/openheim.org\/pl\/?page_id=7230"},"modified":"2025-01-17T14:49:09","modified_gmt":"2025-01-17T13:49:09","slug":"op_tours","status":"publish","type":"page","link":"https:\/\/openheim.org\/pl\/projekty\/op_tours\/","title":{"rendered":"OP_TOURS"},"content":{"rendered":"<p class=\"p1\"><span class=\"s1\"><b>OP_TOURS to wyj\u0105tkowy program wsp\u00f3lnych wycieczek na najwa\u017cniejsze, polskie i europejskie wydarzenia artystyczne po\u015bwi\u0119cone sztuce wsp\u00f3\u0142czesnej. Umo\u017cliwia on widzom zapoznanie si\u0119 z r\u00f3\u017cnorodn\u0105 i przekrojow\u0105 ofert\u0105 kulturaln\u0105 \u015bwiatowych galerii, a tak\u017ce odkrycie zar\u00f3wno nowych, jak i ju\u017c uznanych artyst\u00f3w i artystek.<\/b><\/span><\/p>\n<p class=\"p1\"><span class=\"s1\">Jest to niew\u0105tpliwie unikalna szansa na bezpo\u015bredni kontakt ze sztuk\u0105. Jako organizatorzy zapewniamy pe\u0142ny program i opiek\u0119 przewodnika, dzi\u0119ki kt\u00f3remu uczestnicy wyjazd\u00f3w zdo\u0142aj\u0105 zobaczy\u0107 i dowiedzie\u0107 si\u0119 wi\u0119cej, ni\u017c podczas indywidualnych spacer\u00f3w po mie\u015bcie. R\u00f3wnie\u017c poza spotkaniami z artystami, kuratorami i galerzystami zapewniamy wygodny dojazd, niezwykle atrakcyjny nocleg oraz doskona\u0142e towarzystwo przyjaci\u00f3\u0142 OP ENHEIM. Do tej pory byli\u015bmy ju\u017c na:<\/span><\/p>\n<ul>\n<li>&#8211; Berlin Gallery Weekend >><\/li>\n<\/ul>\n<p class=\"p1\"><span class=\"s1\">Co przed nami? O tym ju\u017c wkr\u00f3tce.<\/span><\/p>\n<p class=\"p1\"><span class=\"s1\"><br \/>\n<\/span><span class=\"s1\">* Pami\u0119tajcie, \u017ce do\u0142\u0105czaj\u0105c do OP_FRIENDS, na wsp\u00f3lne wyjazdy otrzymujecie 10% zni\u017cki. Jak do\u0142\u0105czy\u0107? Wi\u0119cej informacji znajdziecie tu<span style=\"color: #008000;\"><strong><a style=\"color: #008000;\" href=\"https:\/\/openheim.org\/pl\/przyjaciele\/\"><span class=\"s3\"> >><\/span><\/a><\/strong><\/span><\/span><\/p>\n","protected":false},"excerpt":{"rendered":"<p>OP_TOURS to wyj\u0105tkowy program wsp\u00f3lnych wycieczek na najwa\u017cniejsze, polskie i europejskie wydarzenia artystyczne po\u015bwi\u0119cone sztuce wsp\u00f3\u0142czesnej. Umo\u017cliwia on widzom zapoznanie si\u0119 z r\u00f3\u017cnorodn\u0105 i przekrojow\u0105 ofert\u0105 kulturaln\u0105 \u015bwiatowych galerii, a tak\u017ce odkrycie zar\u00f3wno nowych, jak i ju\u017c uznanych artyst\u00f3w i artystek. Jest to niew\u0105tpliwie unikalna szansa na bezpo\u015bredni kontakt ze sztuk\u0105. Jako organizatorzy zapewniamy pe\u0142ny program i opiek\u0119 przewodnika, dzi\u0119ki kt\u00f3remu uczestnicy wyjazd\u00f3w zdo\u0142aj\u0105 zobaczy\u0107 i dowiedzie\u0107 si\u0119 wi\u0119cej, ni\u017c&#8230;<\/p>\n","protected":false},"author":2,"featured_media":0,"parent":4057,"menu_order":34,"comment_status":"closed","ping_status":"closed","template":"","meta":{"_acf_changed":false,"footnotes":""},"class_list":["post-7230","page","type-page","status-publish","hentry"],"acf":[],"_links":{"self":[{"href":"https:\/\/openheim.org\/pl\/wp-json\/wp\/v2\/pages\/7230","targetHints":{"allow":["GET"]}}],"collection":[{"href":"https:\/\/openheim.org\/pl\/wp-json\/wp\/v2\/pages"}],"about":[{"href":"https:\/\/openheim.org\/pl\/wp-json\/wp\/v2\/types\/page"}],"author":[{"embeddable":true,"href":"https:\/\/openheim.org\/pl\/wp-json\/wp\/v2\/users\/2"}],"replies":[{"embeddable":true,"href":"https:\/\/openheim.org\/pl\/wp-json\/wp\/v2\/comments?post=7230"}],"version-history":[{"count":22,"href":"https:\/\/openheim.org\/pl\/wp-json\/wp\/v2\/pages\/7230\/revisions"}],"predecessor-version":[{"id":9508,"href":"https:\/\/openheim.org\/pl\/wp-json\/wp\/v2\/pages\/7230\/revisions\/9508"}],"up":[{"embeddable":true,"href":"https:\/\/openheim.org\/pl\/wp-json\/wp\/v2\/pages\/4057"}],"wp:attachment":[{"href":"https:\/\/openheim.org\/pl\/wp-json\/wp\/v2\/media?parent=7230"}],"curies":[{"name":"wp","href":"https:\/\/api.w.org\/{rel}","templated":true}]}}