{"id":7427,"date":"2022-12-27T22:40:47","date_gmt":"2022-12-27T21:40:47","guid":{"rendered":"https:\/\/openheim.org\/pl\/?page_id=7427"},"modified":"2023-02-23T16:13:51","modified_gmt":"2023-02-23T15:13:51","slug":"7427-2","status":"publish","type":"page","link":"https:\/\/openheim.org\/pl\/wystawy\/archiwum\/7427-2\/","title":{"rendered":"Joanna Concejo \u00ab Pan Wyrazisty, cie\u0144 samego siebie \u00bb"},"content":{"rendered":"<p class=\"p1\"><span class=\"s1\"><b>Joanna Concejo \u00ab Pan Wyrazisty, cie\u0144 samego siebie \u00bb<br \/>\nWystawa ilustracji do nowej ksi\u0105\u017cki Olgi Tokarczuk<br \/>\n<\/b>Opieka kuratorska: Kama Wr\u00f3bel<\/span><\/p>\n<ul class=\"ul1\">\n<li>\n<ul class=\"ul2\">\n<li class=\"li2\"><b><\/b><span class=\"s1\"><b>Wernisa\u017c: 23.01.2023 r., godz. 19:30<br \/>\nCzas trwania wystawy: 23.01\u201320.02.2023 r.<\/b><\/span><\/li>\n<\/ul>\n<\/li>\n<\/ul>\n<p class=\"p1\"><strong><span class=\"s1\">Ju\u017c 23 stycznia, o godzinie 19:30 zapraszamy do udzia\u0142u w wernisa\u017cu wystawy ilustracji autorstwa Joanny Concejo do nowej ksi\u0105\u017cki Olgi Tokarczuk pt. \u201ePan Wyrazisty\u201d. W otwarciu uczestniczy\u0142y b\u0119d\u0105 autorki. W ramach wydarzenia odb\u0119d\u0105 si\u0119 warsztaty mistrzowskie z Joann\u0105 Concejo.<\/span><\/strong><\/p>\n<p class=\"p1\"><span class=\"s1\">Wystawa prac Joanny Concejo otwiera nowy sezon artystyczny OP ENHEIM. Nie jest to jednak zwyk\u0142a prezentacja artystycznej ilustracji ksi\u0105\u017ckowej, a wydarzenie towarzysz\u0105ce d\u0142ugo wyczekiwanej premierze nowej ksi\u0105\u017cki-opowiadania autorstwa noblistki \u2013 Olgi Tokarczuk.\u00a0<\/span><\/p>\n<p class=\"p1\"><span class=\"s1\">\u201ePan Wyrazisty\u201d wprowadza nas w fikcyjny \u015bwiat, do z\u0142udzenia przypominaj\u0105cy czasy, w kt\u00f3rych przypad\u0142o nam \u017cy\u0107 \u2013 z rozbuchanym \u201eja\u201d, natr\u0119ctwem autoprezentacji, kultem m\u0142odo\u015bci, imperatywem szcz\u0119\u015bcia i obsesj\u0105 lansu. Bohatera opowiadania spotykamy w codziennych sytuacjach, w kt\u00f3rych podejmuje on decyzje, maj\u0105ce daleko id\u0105ce, nierzadko surrealistyczne, konsekwencje \u2013 jak si\u0119 bli\u017cej przyjrze\u0107 \u2013 r\u00f3wnie\u017c w naszym codziennym \u017cyciu. Prace Joanny Concejo, kt\u00f3re mo\u017cna rozpatrywa\u0107 jako przedmiot rozwa\u017ca\u0144 na temat w\u0142asnej to\u017csamo\u015bci czy poszukiwania swojego miejsca na \u015bwiecie, przenikaj\u0105 si\u0119 z autorskimi, egzystencjalnymi historiami Olgi Tokarczuk.\u00a0\u00a0\u00a0<\/span><\/p>\n<p class=\"p1\"><span class=\"s1\">Podczas wystawy b\u0119dziemy mieli okazj\u0119 do zapoznania si\u0119 z nowym cyklem oryginalnych ilustracji autorstwa Joanny Concejo, kt\u00f3re znacz\u0105co r\u00f3\u017cni\u0105 si\u0119 od prac dotychczas prezentowanych. Dalekie s\u0105 od przyjaznej, nostalgicznej, melancholijnej i onirycznej czasami estetyki, oferuj\u0105c nam raczej szorstki, drapie\u017cny i mocno realistyczny obraz. Mi\u0119kko\u015b\u0107 zast\u0105piona jest tu tward\u0105 lini\u0105, charakterystyczne niedopowiedzenie \u2013 konkretem, a lewituj\u0105ca gdzie\u015b forma, osadzona zosta\u0142a w narracyjnej konwencji komiksu. Gwasz miesza si\u0119 z o\u0142\u00f3wkiem, gdzieniegdzie glitch z fotorealizmem\u2026 \u2013 ale nie dajmy si\u0119 zwie\u015b\u0107! <\/span><\/p>\n<p class=\"p1\"><span class=\"s1\">Autorka \u015bwiadomie pogrywa z form\u0105 i eksperymentuje z technikaliami tak, by wykreowana przez ni\u0105 sekwencyjna stylistyka w pe\u0142ni odzwierciedla\u0142a atmosfer\u0119, jak\u0105 przesycona jest snuta przez Tokarczuk opowie\u015b\u0107. Ten wyj\u0105tkowy wiecz\u00f3r, niew\u0105tpliwie b\u0119dzie \u015bwietn\u0105 okazj\u0119 na to, by pozna\u0107 nie tak oczywiste kulisy pracy tego niezwyk\u0142ego duetu oraz skonfrontowa\u0107 si\u0119\u00a0 z wizualn\u0105 powie\u015bci\u0105 na miar\u0119 naszych czas\u00f3w.<\/span><\/p>\n<p>>> <a href=\"https:\/\/drive.google.com\/drive\/folders\/1VW4bTXikn-hWCpsP8CohmMAqBLE1gwTY\" target=\"_blank\" rel=\"noopener\">PRESS KIT<\/a> <<\n\n\n<p class=\"p1\"><span class=\"s1\">Wydarzenie zosta\u0142o przygotowane przez OP ENHEIM i wroc\u0142awskie Wydawnictwo Format.<br \/>\nWst\u0119p na obydwa wydarzenia jest bezp\u0142atny.<br \/>\n<\/span><span class=\"s1\">Na >>\u00a0<strong><a href=\"https:\/\/openheim.org\/pl\/wydarzenia\/op_books-spotkanie-autorskie-z-olga-tokarczuk-i-joanna-concejo\/\" target=\"_blank\" rel=\"noopener\">spotkanie autorskie<\/a>\u00a0<\/strong><< obowi\u0105zuj\u0105 zapisy, zapraszamy do rejestracji na list\u0119 rezerwow\u0105:\u00a0<a href=\"https:\/\/bit.ly\/3GibHxf?fbclid=IwAR091IZQ6rHiJ0KZ81kwXlN5eNQHXqKUHJM5xjxPB0ahmnCEPDO4rbl12M8\"><span class=\"s2\">https:\/\/bit.ly\/3GibHx<\/span><\/a><\/span><\/p>\n<p class=\"p1\"><span class=\"s1\">___<\/span><\/p>\n<p class=\"p1\"><span class=\"s1\">Organizatorzy: OP ENHEIM, Wydawnictwo Format<br \/>\nMecenas honorowy: Womak Holding<br \/>\nMecenas: GENTZ<br \/>\nPartnerzy: Projekt Ro\u015bliny, KEIM, ArtHotel, SDZLEGAL SCHINDHELM, Oksana Solnik-Krzy\u017canowska OPEN-Reklama<\/span><\/p>\n","protected":false},"excerpt":{"rendered":"<p>Wystawa prac Joanny Concejo otwiera nowy sezon artystyczny OP ENHEIM. Nie jest to jednak zwyk\u0142a prezentacja artystycznej ilustracji ksi\u0105\u017ckowej, a wydarzenie towarzysz\u0105ce d\u0142ugo wyczekiwanej premierze nowej ksi\u0105\u017cki-opowiadania autorstwa noblistki \u2013 Olgi Tokarczuk.\u00a0<\/p>\n","protected":false},"author":2,"featured_media":7592,"parent":607,"menu_order":33,"comment_status":"closed","ping_status":"closed","template":"","meta":{"_acf_changed":false,"footnotes":""},"class_list":["post-7427","page","type-page","status-publish","has-post-thumbnail","hentry"],"acf":[],"_links":{"self":[{"href":"https:\/\/openheim.org\/pl\/wp-json\/wp\/v2\/pages\/7427","targetHints":{"allow":["GET"]}}],"collection":[{"href":"https:\/\/openheim.org\/pl\/wp-json\/wp\/v2\/pages"}],"about":[{"href":"https:\/\/openheim.org\/pl\/wp-json\/wp\/v2\/types\/page"}],"author":[{"embeddable":true,"href":"https:\/\/openheim.org\/pl\/wp-json\/wp\/v2\/users\/2"}],"replies":[{"embeddable":true,"href":"https:\/\/openheim.org\/pl\/wp-json\/wp\/v2\/comments?post=7427"}],"version-history":[{"count":12,"href":"https:\/\/openheim.org\/pl\/wp-json\/wp\/v2\/pages\/7427\/revisions"}],"predecessor-version":[{"id":7690,"href":"https:\/\/openheim.org\/pl\/wp-json\/wp\/v2\/pages\/7427\/revisions\/7690"}],"up":[{"embeddable":true,"href":"https:\/\/openheim.org\/pl\/wp-json\/wp\/v2\/pages\/607"}],"wp:featuredmedia":[{"embeddable":true,"href":"https:\/\/openheim.org\/pl\/wp-json\/wp\/v2\/media\/7592"}],"wp:attachment":[{"href":"https:\/\/openheim.org\/pl\/wp-json\/wp\/v2\/media?parent=7427"}],"curies":[{"name":"wp","href":"https:\/\/api.w.org\/{rel}","templated":true}]}}