{"id":7567,"date":"2023-01-29T12:27:06","date_gmt":"2023-01-29T11:27:06","guid":{"rendered":"https:\/\/openheim.org\/pl\/?page_id=7567"},"modified":"2025-10-29T11:20:15","modified_gmt":"2025-10-29T10:20:15","slug":"dostepnosc","status":"publish","type":"page","link":"https:\/\/openheim.org\/pl\/odwiedz-nas\/dostepnosc\/","title":{"rendered":"Dost\u0119pno\u015b\u0107"},"content":{"rendered":"<p class=\"p1\"><span class=\"s1\"><b>Staramy si\u0119, by ka\u017cdy m\u00f3g\u0142 bez problemu odwiedzi\u0107 nasz\u0105 kamienic\u0119. Dlatego przygotowali\u015bmy Przedprzewodnik, kt\u00f3ry jest skr\u00f3tem najwa\u017cniejszych informacji na temat OP ENHEIM \u2014 domu dla kultury, galerii sztuki i obecnie odbywaj\u0105cej si\u0119 wystawy.<\/b><\/span><\/p>\n<p class=\"p1\"><span class=\"s1\">Napisali\u015bmy tu o wszystkich udogodnieniach i utrudnieniach, kt\u00f3re pomog\u0105 Ci w przygotowaniu si\u0119 do wizyty.<br \/>\nA wi\u0119c o:<\/span><\/p>\n<ul class=\"ul1\">\n<li class=\"li2\"><span class=\"s1\">&#8211; dost\u0119pno\u015bci i barierach w budynkach,<\/span><\/li>\n<li class=\"li2\"><span class=\"s1\">&#8211; planowaniu wizyty,<\/span><\/li>\n<li class=\"li2\"><span class=\"s1\">&#8211; biletach,<\/span><\/li>\n<li class=\"li2\"><span class=\"s1\">&#8211; wystawach czasowych.<\/span><\/li>\n<\/ul>\n<p class=\"p1\"><span class=\"s1\">Znajdziesz tu wskaz\u00f3wki i ostrze\u017cenia, kt\u00f3re mog\u0105 okaza\u0107 si\u0119 pomocne, je\u015bli jeste\u015b osob\u0105 wra\u017cliw\u0105 na niekt\u00f3re bod\u017ace oraz je\u015bli dotyczy ci\u0119 jakikolwiek rodzaj niepe\u0142nosprawno\u015bci. Zawarte s\u0105 w nim tak\u017ce dok\u0142adne informacje na temat tego, jak dosta\u0107 si\u0119 do kamienicy i w jaki spos\u00f3b porusza\u0107 si\u0119 po galerii. Zamie\u015bcili\u015bmy tak\u017ce zdj\u0119cia oraz grafiki. Poni\u017cej znajdziesz skr\u00f3t najwa\u017cniejszych informacji, ale je\u015bli chcesz dowiedzie\u0107 si\u0119 wi\u0119cej, pobierz za\u0142\u0105czony plik.<\/span><\/p>\n<p class=\"p1\"><span style=\"font-size: inherit;\">>> <a href=\"https:\/\/openheim.org\/wp-content\/uploads\/2025\/10\/Przedprzewodnik-po-wystawie-Ukryte-parametry-1.pdf\" target=\"_blank\" rel=\"noopener\"><span style=\"color: #008000;\"><strong>PRZEDPRZEWODNIK (POBIERZ)<\/strong> <\/span><\/a><<<\/span><\/p>\n<p class=\"p1\"><span class=\"s1\"><b>UDOGODNIENIA<\/b><\/span><\/p>\n<p class=\"p1\"><span class=\"s1\">Kamienica OP ENHEIM to budynek z histori\u0105, dlatego niekiedy trudno przystosowa\u0107 go do potrzeb os\u00f3b z niepe\u0142nosprawno\u015bciami.\u00a0Na Twojej drodze zapewne pojawi\u0105 si\u0119 schody i progi \u2014 w razie potrzeby do <b>dyspozycji s\u0105 zar\u00f3wno podjazdy, jak i winda.<\/b> Je\u015bli chcesz z nich skorzysta\u0107, poinformuj o tym pracownika galerii.\u00a0<\/span><\/p>\n<p class=\"p1\"><span class=\"s1\">W kamienicy, na poziomie &#8211; 1 znajduje si\u0119 <b>toaleta przystosowana do potrzeb os\u00f3b z niepe\u0142nosprawno\u015bciami<\/b> (jest tam tak\u017ce przewijak), je\u015bli chcesz z niej skorzysta\u0107, poinformuj o tym pracownika galerii.<span class=\"Apple-converted-space\">\u00a0<\/span><\/span><\/p>\n<p class=\"p1\"><span class=\"s1\">W \u015brody od godziny 17:00 do godziny 18:00 obowi\u0105zuj\u0105 u nas <strong>C<\/strong><b>iche Godziny<\/b>. Wy\u0142\u0105czamy wtedy instalacje, kt\u00f3re s\u0105 g\u0142o\u015bne, zmniejszamy nat\u0119\u017cenie \u015bwiat\u0142a i staramy si\u0119, by przestrze\u0144 nie by\u0142a przyt\u0142aczaj\u0105ca.\u00a0<\/span><\/p>\n<p class=\"p1\"><span class=\"s1\">Je\u015bli jeste\u015b osob\u0105 z niepe\u0142nosprawno\u015bci\u0105, mo\u017cesz odwiedzi\u0107 nas za darmo.<br \/>\n<\/span><\/p>\n<p class=\"p1\"><span class=\"s1\"><br \/>\nJe\u015bli potrzebujesz wi\u0119cej informacji, mo\u017ce r\u00f3wnie\u017c do nas zadzwoni\u0107 <b>570 796 442<\/b> lub napisa\u0107 na adres visit@openheim.org<\/span><\/p>\n","protected":false},"excerpt":{"rendered":"<p>Staramy si\u0119, by ka\u017cdy m\u00f3g\u0142 bez problemu odwiedzi\u0107 nasz\u0105 kamienic\u0119. Dlatego przygotowali\u015bmy Przedprzewodnik, kt\u00f3ry jest skr\u00f3tem najwa\u017cniejszych informacji na temat OP ENHEIM \u2014 domu dla kultury, galerii sztuki i obecnie odbywaj\u0105cej si\u0119 wystawy. Napisali\u015bmy tu o wszystkich udogodnieniach i utrudnieniach, kt\u00f3re pomog\u0105 Ci w przygotowaniu si\u0119 do wizyty. A wi\u0119c o dost\u0119pno\u015bci i barierach w budynkach,, planowaniu wizyty, biletach, wystawach czasowych.<\/p>\n","protected":false},"author":2,"featured_media":4899,"parent":4157,"menu_order":37,"comment_status":"closed","ping_status":"closed","template":"","meta":{"_acf_changed":false,"footnotes":""},"class_list":["post-7567","page","type-page","status-publish","has-post-thumbnail","hentry"],"acf":[],"_links":{"self":[{"href":"https:\/\/openheim.org\/pl\/wp-json\/wp\/v2\/pages\/7567","targetHints":{"allow":["GET"]}}],"collection":[{"href":"https:\/\/openheim.org\/pl\/wp-json\/wp\/v2\/pages"}],"about":[{"href":"https:\/\/openheim.org\/pl\/wp-json\/wp\/v2\/types\/page"}],"author":[{"embeddable":true,"href":"https:\/\/openheim.org\/pl\/wp-json\/wp\/v2\/users\/2"}],"replies":[{"embeddable":true,"href":"https:\/\/openheim.org\/pl\/wp-json\/wp\/v2\/comments?post=7567"}],"version-history":[{"count":40,"href":"https:\/\/openheim.org\/pl\/wp-json\/wp\/v2\/pages\/7567\/revisions"}],"predecessor-version":[{"id":11276,"href":"https:\/\/openheim.org\/pl\/wp-json\/wp\/v2\/pages\/7567\/revisions\/11276"}],"up":[{"embeddable":true,"href":"https:\/\/openheim.org\/pl\/wp-json\/wp\/v2\/pages\/4157"}],"wp:featuredmedia":[{"embeddable":true,"href":"https:\/\/openheim.org\/pl\/wp-json\/wp\/v2\/media\/4899"}],"wp:attachment":[{"href":"https:\/\/openheim.org\/pl\/wp-json\/wp\/v2\/media?parent=7567"}],"curies":[{"name":"wp","href":"https:\/\/api.w.org\/{rel}","templated":true}]}}