{"id":7627,"date":"2023-02-22T13:53:30","date_gmt":"2023-02-22T12:53:30","guid":{"rendered":"https:\/\/openheim.org\/pl\/?page_id=7627"},"modified":"2023-03-02T11:59:31","modified_gmt":"2023-03-02T10:59:31","slug":"op_young-daria-kowalewska","status":"publish","type":"page","link":"https:\/\/openheim.org\/pl\/projekty\/op_young\/op_young-daria-kowalewska\/","title":{"rendered":"OP_YOUNG | Daria Kowalewska"},"content":{"rendered":"<p><b>Daria Kowalewska (ur. w Bia\u0142ymstoku)<\/b> &#8211; rze\u017abiarka, absolwentka Wydzia\u0142u Ceramiki na Akademii Sztuk Pi\u0119knych we Wroc\u0142awiu. Zajmuje si\u0119 rze\u017ab\u0105 w metalu, drewnie i ceramice. W procesie tw\u00f3rczym Istotne jest dla niej powi\u0105zanie form istniej\u0105cych w naturze z abstrakcyjnymi kszta\u0142tami daj\u0105cymi jedynie wra\u017cenie skojarze\u0144 z tym, co zosta\u0142o ju\u017c stworzone. Swoje prace prezentowa\u0142a na wystawach: \u201eKolekcja czyli wyb\u00f3r\u201d w Muzeum Narodowym w Gda\u0144sku, \u201eLuci Ed Ombre del Legno Sympozjum\u201d we W\u0142oszech. Bra\u0142a udzia\u0142 w plenerach artystycznych zwi\u0105zanych z Akademi\u0105 Sztuk Pi\u0119knych we Wroc\u0142awiu \u201eCosmic Nature\u201d oraz \u201eLAB ORO\u201d w Oro\u0144sku.<\/p>\n<p><b>STATEMENT<\/b><\/p>\n<p>Jako tw\u00f3rca poddaj\u0119 si\u0119 mojej wyobra\u017ani i przestrzeni. W rze\u017abie poprzez zainteresowanie si\u0119 wewn\u0119trzn\u0105 sfer\u0105 sacrum ka\u017cda niemal rzecz, kt\u00f3r\u0105 zaobserwowa\u0142am jako element natury uleg\u0142a mojemu przetworzeniu rozrastaj\u0105c si\u0119 w swojej kompozycji ku g\u00f3rze. Proces tworzenia dzie\u0142 umiejscowi\u0142 mnie w czasie tak te\u017c &#8211; jestem cz\u0119\u015bci\u0105 informacji zawartej w moich pracach. Jako tw\u00f3rca wiem, \u017ce kontynuacja tego co rozpocz\u0119\u0142am nigdy si\u0119 we mnie nie sko\u0144czy. W swoich pracach zwracam uwag\u0119 na biologi\u0119 materia\u0142\u00f3w w kt\u00f3rych tworz\u0119 i dynamik\u0119 zwi\u0105zan\u0105 z kszta\u0142tem tych obiekt\u00f3w. Szczeg\u00f3ln\u0105 wag\u0119 przywi\u0105zuj\u0119 do symboliki rajskiego ogrodu Eden, kt\u00f3ra stanowi dla mnie g\u0142\u00f3wne \u017ar\u00f3d\u0142o inspiracji.<\/p>\n","protected":false},"excerpt":{"rendered":"<p>Daria Kowalewska (ur. w Bia\u0142ymstoku) &#8211; rze\u017abiarka, absolwentka Wydzia\u0142u Ceramiki na Akademii Sztuk Pi\u0119knych we Wroc\u0142awiu. Zajmuje si\u0119 rze\u017ab\u0105 w metalu, drewnie i ceramice. W procesie tw\u00f3rczym Istotne jest dla niej powi\u0105zanie form istniej\u0105cych w naturze z abstrakcyjnymi kszta\u0142tami daj\u0105cymi jedynie wra\u017cenie skojarze\u0144 z tym, co zosta\u0142o ju\u017c stworzone. Swoje prace prezentowa\u0142a na wystawach: \u201eKolekcja czyli wyb\u00f3r\u201d w Muzeum Narodowym w Gda\u0144sku, \u201eLuci Ed Ombre del Legno Sympozjum\u201d we W\u0142oszech&#8230;.<\/p>\n","protected":false},"author":2,"featured_media":7638,"parent":4116,"menu_order":31,"comment_status":"closed","ping_status":"closed","template":"","meta":{"_acf_changed":false,"footnotes":""},"class_list":["post-7627","page","type-page","status-publish","has-post-thumbnail","hentry"],"acf":[],"_links":{"self":[{"href":"https:\/\/openheim.org\/pl\/wp-json\/wp\/v2\/pages\/7627","targetHints":{"allow":["GET"]}}],"collection":[{"href":"https:\/\/openheim.org\/pl\/wp-json\/wp\/v2\/pages"}],"about":[{"href":"https:\/\/openheim.org\/pl\/wp-json\/wp\/v2\/types\/page"}],"author":[{"embeddable":true,"href":"https:\/\/openheim.org\/pl\/wp-json\/wp\/v2\/users\/2"}],"replies":[{"embeddable":true,"href":"https:\/\/openheim.org\/pl\/wp-json\/wp\/v2\/comments?post=7627"}],"version-history":[{"count":4,"href":"https:\/\/openheim.org\/pl\/wp-json\/wp\/v2\/pages\/7627\/revisions"}],"predecessor-version":[{"id":7734,"href":"https:\/\/openheim.org\/pl\/wp-json\/wp\/v2\/pages\/7627\/revisions\/7734"}],"up":[{"embeddable":true,"href":"https:\/\/openheim.org\/pl\/wp-json\/wp\/v2\/pages\/4116"}],"wp:featuredmedia":[{"embeddable":true,"href":"https:\/\/openheim.org\/pl\/wp-json\/wp\/v2\/media\/7638"}],"wp:attachment":[{"href":"https:\/\/openheim.org\/pl\/wp-json\/wp\/v2\/media?parent=7627"}],"curies":[{"name":"wp","href":"https:\/\/api.w.org\/{rel}","templated":true}]}}