{"id":7685,"date":"2023-02-23T16:09:53","date_gmt":"2023-02-23T15:09:53","guid":{"rendered":"https:\/\/openheim.org\/pl\/?page_id=7685"},"modified":"2023-05-03T13:38:45","modified_gmt":"2023-05-03T11:38:45","slug":"ltodm","status":"publish","type":"page","link":"https:\/\/openheim.org\/pl\/wystawy\/archiwum\/ltodm\/","title":{"rendered":"Life Takes on a Different Meaning | Kowalewska | Lach-Lewandowska | Gotowa\u0142a"},"content":{"rendered":"<p><b>Life Takes on a Different Meaning<\/b><b><br \/>\n<\/b><b>Daria Kowalewska \/ Ada Lach-Lewandowska \/ Agnieszka Gotowa\u0142a<br \/>\n<\/b><\/p>\n<p>Wystawa podsumowuj\u0105ca program OP_YOUNG<b><br \/>\n<\/b>Kuratorka: Kama Wr\u00f3bel<\/p>\n<p><b>Wernisa\u017c: 10.03.2023 r., godz. 18:30<\/b><b><br \/>\n<\/b><b><\/b><b>Czas trwania wystawy: <\/b><b>10.03\u201323.04.2023<\/b><b> r<\/b><b><br \/>\n<\/b><\/p>\n<p><b>Ju\u017c 10 marca, o godzinie 18:30 zapraszamy do udzia\u0142u w otwarciu <\/b><b>wystawy podsumowuj\u0105cej trzeci\u0105 edycj\u0105 programu mentorskiego OP_YOUNG, kt\u00f3ry realizowany jest przez OP ENHEIM od 2020 roku. <\/b><b>Tym razem zobaczymy prace trzech utalentowanych artystek, laureatek programu &#8211; Darii Kowalewskiej, Ady Lach-Lewandowskiej i Agnieszki Gotowa\u0142y.<br \/>\n<\/b><\/p>\n<p>&nbsp;<\/p>\n<p>Wystawa pt. \u201eLife Takes on a Different Meaning\u201d to prezentacja sztuki trzech utalentowanych artystek zwi\u0105zanych z Wroc\u0142awiem. Sk\u0142adaja\u0328 sie\u0328 na ni\u0105 nowe, przygotowane specjalnie na te\u0328 ekspozycj\u0119 obiekty, kto\u0301re wypracowane zosta\u0142y podczas kilkumiesi\u0119cznej pracy projektowej w OP ENHEIM.<\/p>\n<p>W ramach jednej wystawy, te pozornie oddalone od siebie koncepcje tw\u00f3rcze, spotykaja\u0328 sie\u0328 w przestrzeni galerii by pokazac\u0301 wroc\u0142awskiemu odbiorcy artystyczna\u0328 wizje\u0328 wspo\u0301\u0142czesnos\u0301ci. Kaz\u0307da z artystek wypowiada sie\u0328 w innym, w\u0142as\u0301ciwym dla siebie medium (fotografia, rysunek, metal, ceramika), mierza\u0328c sie\u0328 z tematyka\u0328 ekologii, cielesnos\u0301ci\/duchowos\u0301ci, toz\u0307samos\u0301cia\u0328 w\u0142asna\u0328, z\u0142oz\u0307onos\u0301cia\u0328 i wielowymiarowos\u0301cia\u0328 s\u0301wiata natury czy te\u017c prze\u0142oz\u0307enia proceso\u0301w zachodza\u0328cych w przyrodzie na cyklicznos\u0301c\u0301, z\u0307ycie cz\u0142owieka i jego jestestwo. Uwa\u017cny widz odnajdzie tu r\u00f3wnie\u017c odrobin\u0119 metafizyki czy mo\u017ce lepiej &#8211; duchowo\u015bci, kt\u00f3ra towarzyszy nam w trudnym procesie poszukiwania siebie, w tym coraz bardziej z\u0142oz\u0307onym i pe\u0328dza\u0328cym s\u0301wiecie, w kto\u0301rym trudno ju\u017c o ro\u0301wnowage\u0328.<\/p>\n<p>Tym bardziej cieszy, \u017ce dzi\u0119ki wizualnym bod\u017acom mo\u017cemy si\u0119 zatrzyma\u0107 si\u0119 i wsp\u00f3lnie z artystkami zastanowi\u0107 si\u0119 nad globalnymi problemami, kt\u00f3re analizowane s\u0105 w skali makro, jak r\u00f3wnie\u017c &#8211; co zdaje si\u0119 wa\u017cniejsze &#8211; tej osobistej, ludzkiej. Artystki zapraszaj\u0105 nas do zanurzenia si\u0119 s\u0142odko-gorzkiej opowie\u015bci o bol\u0105czkach i rozterkach, kt\u00f3re zamkni\u0119te zosta\u0142y w syntetycznych i pozbawionych ornament\u00f3w kszta\u0142tach, staj\u0105c si\u0119 dzi\u0119ki temu symbolem uniwersalnych prawd o \u015bwiecie. Ukryte w j\u0119zyku sztuki, dog\u0142\u0119bnie przemy\u015blane i rozwa\u017cne podj\u0119te tropy, daj\u0105 nam, odbiorcom pole do wielopoziomowego snucia refleksji i czerpania z m\u0105dro\u015bci zawartych w prezentowanych obiektach.<\/p>\n<p>Wystawa \u201eLife Takes on a Different Meaning\u201d jest podsumowaniem trzeciej edycji realizowanego od 2020 roku programu mentorskiego dla m\u0142odych artyst\u00f3w i artystek z Dolnego \u015al\u0105ska, kt\u00f3ry ma celu wsparcie i aktywizacj\u0119 lokalnej sceny artystycznej. Laureatk\u0105 tegorocznej edycji zosta\u0142a Daria Kowalewska. Drugie miejsce otrzyma\u0142a Ada Lach-Lewandowska, wyr\u00f3\u017cnienie za\u015b Agnieszka Gotowa\u0142a.<\/p>\n<p>_____<br \/>\nArtystki:<\/p>\n<p>\u25aa <a href=\"https:\/\/openheim.org\/pl\/projekty\/op_young\/op_young-daria-kowalewska\/\" target=\"_blank\" rel=\"noopener\">Daria Kowalewska<\/a><br \/>\n\u25aa <a href=\"https:\/\/openheim.org\/pl\/projekty\/op_young\/op_young-ada-lach-lewandowska\/\" target=\"_blank\" rel=\"noopener\">Ada Lach-Lewandowska<\/a><br \/>\n\u25aa <a href=\"https:\/\/openheim.org\/pl\/projekty\/op_young\/op_young-agnieszka-gotowala\/\" target=\"_blank\" rel=\"noopener\">Agnieszka Gotowa\u0142a<\/a><\/p>\n<p>____<\/p>\n<p>Wydarzenie na Facebooku:<br \/>\n>> <a href=\"https:\/\/www.facebook.com\/events\/533129475615183\/533133375614793\/\" target=\"_blank\" rel=\"noopener\">bit.ly\/3KMopr5<\/a><\/p>\n<p>_____<\/p>\n<p>Organizator: OP ENHEIM<br \/>\nWsp\u00f3\u0142organizator: VOP<br \/>\nMecenas G\u0142\u00f3wny: GENTZ<br \/>\nMecenas Honorowy:\u00a0 Womak Holding SA<br \/>\nPartnerzy: KEIM, SDZLEGAL SCHINDHELM, Oksana Solnik-Krzy\u017canowska OPEN-Reklama, Art Hotel<\/p>\n<p>Patroni medialni: Format Pismo Artystyczne, Rynek i sztuka, Artinfo.pl<\/p>\n<p>Projekt wsp\u00f3\u0142finansowany ze \u015brodk\u00f3w Gminy Wroc\u0142aw \/www.wroclaw.pl.<\/p>\n<p>&nbsp;<\/p>\n<p><b><br \/>\n<\/b><b><br \/>\n<\/b><\/p>\n<p>&nbsp;<\/p>\n<p>&nbsp;<\/p>\n<p>&nbsp;<\/p>\n<p>&nbsp;<\/p>\n<p>&nbsp;<\/p>\n<p>&nbsp;<\/p>\n","protected":false},"excerpt":{"rendered":"<p>Wystawa pt. \u201eLife takes on a different meaning\u201d to prezentacja sztuki trzech utalentowanych artystek zwi\u0105zanych z Wroc\u0142awiem. Sk\u0142adaja\u0328 sie\u0328 na ni\u0105 nowe, przygotowane specjalnie na te\u0328 ekspozycj\u0119 obiekty, kto\u0301re wypracowane zosta\u0142y podczas kilkumiesi\u0119cznej pracy projektowej w OP ENHEIM.<\/p>\n","protected":false},"author":2,"featured_media":7888,"parent":607,"menu_order":32,"comment_status":"closed","ping_status":"closed","template":"","meta":{"_acf_changed":false,"footnotes":""},"class_list":["post-7685","page","type-page","status-publish","has-post-thumbnail","hentry"],"acf":[],"_links":{"self":[{"href":"https:\/\/openheim.org\/pl\/wp-json\/wp\/v2\/pages\/7685","targetHints":{"allow":["GET"]}}],"collection":[{"href":"https:\/\/openheim.org\/pl\/wp-json\/wp\/v2\/pages"}],"about":[{"href":"https:\/\/openheim.org\/pl\/wp-json\/wp\/v2\/types\/page"}],"author":[{"embeddable":true,"href":"https:\/\/openheim.org\/pl\/wp-json\/wp\/v2\/users\/2"}],"replies":[{"embeddable":true,"href":"https:\/\/openheim.org\/pl\/wp-json\/wp\/v2\/comments?post=7685"}],"version-history":[{"count":25,"href":"https:\/\/openheim.org\/pl\/wp-json\/wp\/v2\/pages\/7685\/revisions"}],"predecessor-version":[{"id":8986,"href":"https:\/\/openheim.org\/pl\/wp-json\/wp\/v2\/pages\/7685\/revisions\/8986"}],"up":[{"embeddable":true,"href":"https:\/\/openheim.org\/pl\/wp-json\/wp\/v2\/pages\/607"}],"wp:featuredmedia":[{"embeddable":true,"href":"https:\/\/openheim.org\/pl\/wp-json\/wp\/v2\/media\/7888"}],"wp:attachment":[{"href":"https:\/\/openheim.org\/pl\/wp-json\/wp\/v2\/media?parent=7685"}],"curies":[{"name":"wp","href":"https:\/\/api.w.org\/{rel}","templated":true}]}}