{"id":9169,"date":"2024-03-22T13:19:47","date_gmt":"2024-03-22T12:19:47","guid":{"rendered":"https:\/\/openheim.org\/pl\/?page_id=9169"},"modified":"2024-03-22T13:25:55","modified_gmt":"2024-03-22T12:25:55","slug":"op_young-katarzyna-bogusz","status":"publish","type":"page","link":"https:\/\/openheim.org\/pl\/projekty\/op_young\/op_young-katarzyna-bogusz\/","title":{"rendered":"OP_YOUNG | Katarzyna Bogusz"},"content":{"rendered":"<p><b>Katarzyna Bogusz <\/b><span style=\"font-weight: 400;\">(ur. 1990, \u015awiebodzin) \u2013 a<\/span>rtystka wizualna i kuratorka. Absolwentka Mediacji Sztuki na ASP we Wroc\u0142awiu w Pracowni Studium Relacji Przestrzennych dr hab. M. Wro\u0144skiej, Fotografii na UA w Poznaniu w V Pracowni Fotografii prof. K. Kuzyszyna\/ VII Pracowni Fotografii dr hab. K. Baranowskiego uzupe\u0142nionej aneksem w V Pracowni Rysunku prof. J. Koz\u0142owskiego. Uko\u0144czy\u0142a tak\u017ce Teatrologi\u0119 na UAM w Poznaniu. Zajmuje si\u0119 instalacj\u0105 site specific, wykorzystuj\u0105c niestandardowe przestrzenie wystawiennicze.<\/p>\n<p><a href=\"https:\/\/www.katarzynabogusz.com\/\" target=\"_blank\" rel=\"noopener\">PORTFOLIO >>KATARZYNA BOGUSZ<<<\/a><\/p>\n","protected":false},"excerpt":{"rendered":"<p>Katarzyna Bogusz (ur. 1990, \u015awiebodzin) \u2013 artystka wizualna i kuratorka. Absolwentka Mediacji Sztuki na ASP we Wroc\u0142awiu w Pracowni Studium Relacji Przestrzennych dr hab. M. Wro\u0144skiej, Fotografii na UA w Poznaniu w V Pracowni Fotografii prof. K. Kuzyszyna\/ VII Pracowni Fotografii dr hab. K. Baranowskiego uzupe\u0142nionej aneksem w V Pracowni Rysunku prof. J. Koz\u0142owskiego. Uko\u0144czy\u0142a tak\u017ce Teatrologi\u0119 na UAM w Poznaniu. Zajmuje si\u0119 instalacj\u0105 site specific, wykorzystuj\u0105c niestandardowe przestrzenie wystawiennicze&#8230;.<\/p>\n","protected":false},"author":9,"featured_media":9103,"parent":4116,"menu_order":21,"comment_status":"closed","ping_status":"closed","template":"","meta":{"_acf_changed":false,"footnotes":""},"class_list":["post-9169","page","type-page","status-publish","has-post-thumbnail","hentry"],"acf":[],"_links":{"self":[{"href":"https:\/\/openheim.org\/pl\/wp-json\/wp\/v2\/pages\/9169","targetHints":{"allow":["GET"]}}],"collection":[{"href":"https:\/\/openheim.org\/pl\/wp-json\/wp\/v2\/pages"}],"about":[{"href":"https:\/\/openheim.org\/pl\/wp-json\/wp\/v2\/types\/page"}],"author":[{"embeddable":true,"href":"https:\/\/openheim.org\/pl\/wp-json\/wp\/v2\/users\/9"}],"replies":[{"embeddable":true,"href":"https:\/\/openheim.org\/pl\/wp-json\/wp\/v2\/comments?post=9169"}],"version-history":[{"count":4,"href":"https:\/\/openheim.org\/pl\/wp-json\/wp\/v2\/pages\/9169\/revisions"}],"predecessor-version":[{"id":9179,"href":"https:\/\/openheim.org\/pl\/wp-json\/wp\/v2\/pages\/9169\/revisions\/9179"}],"up":[{"embeddable":true,"href":"https:\/\/openheim.org\/pl\/wp-json\/wp\/v2\/pages\/4116"}],"wp:featuredmedia":[{"embeddable":true,"href":"https:\/\/openheim.org\/pl\/wp-json\/wp\/v2\/media\/9103"}],"wp:attachment":[{"href":"https:\/\/openheim.org\/pl\/wp-json\/wp\/v2\/media?parent=9169"}],"curies":[{"name":"wp","href":"https:\/\/api.w.org\/{rel}","templated":true}]}}