{"id":9181,"date":"2024-03-22T13:31:37","date_gmt":"2024-03-22T12:31:37","guid":{"rendered":"https:\/\/openheim.org\/en\/?page_id=9181"},"modified":"2024-03-22T13:34:53","modified_gmt":"2024-03-22T12:34:53","slug":"op_young-klaudia-kasperska","status":"publish","type":"page","link":"https:\/\/openheim.org\/pl\/projekty\/op_young\/op_young-klaudia-kasperska\/","title":{"rendered":"OP_YOUNG | Klaudia Kasperska"},"content":{"rendered":"<p><b>Klaudia Kasperska <\/b><span style=\"font-weight: 400;\">(ur. 1995, Nysa) \u2013 artystka wizualna specjalizuj\u0105ca si\u0119 w mediach cyfrowych i postcyfrowych. Re\u017cyserka \u015bwiate\u0142 i multimedi\u00f3w, autorka instalacji. Absolwentka Sztuki Medi\u00f3w na Akademii Sztuk Pi\u0119knych we Wroc\u0142awiu (2022) oraz Wiedzy o teatrze na Uniwersytecie Jagiello\u0144skim (2017). Dwukrotna laureatka stypendium tw\u00f3rczego Ministra Kultury i Dziedzictwa Narodowego (2024 i 2021), laureatka programu mentorskiego OP_YOUNG wroc\u0142awskiej Galerii OP_ENHEIM (2023), laureatka X Og\u00f3lnopolskiego Konkursu Najlepszych Dyplom\u00f3w Sztuki Medi\u00f3w (2023), zdobywczyni Nagrody Redakcji Format w konkursie Najlepszych Dyplom\u00f3w ASP Wroc\u0142aw (2022). Jako re\u017cyserka \u015bwiate\u0142 i autorka projekcji wsp\u00f3\u0142pracowa\u0142a z kilkudziesi\u0119cioma instytucjami teatralnymi w ca\u0142ej Polsce i za granic\u0105. Swoje prace prezentowa\u0142a na wystawach grupowych i indywidualnych m.in. we wroc\u0142awskich BWA, Krupa Art Foundation, Pawilonie Czterech Kopu\u0142, Wroc\u0142awskim Muzeum Wsp\u00f3\u0142czesnym. W pracy artystycznej skupia si\u0119 na szeroko poj\u0119tym medium \u015bwiat\u0142a oraz eksplorowaniu postcyfrowych strategii wizualnych, inspiruj\u0105c si\u0119 percepcj\u0105 cz\u0142owieka skutecznie uwik\u0142anego w media cyfrowe.<\/span><\/p>\n<p><a href=\"https:\/\/www.instagram.com\/jestkasperska\/\" target=\"_blank\" rel=\"noopener\">PORTFOLIO >>KLAUDIA KASPERSKA<<<\/a><\/p>\n","protected":false},"excerpt":{"rendered":"<p>Klaudia Kasperska (ur. 1995, Nysa) \u2013 artystka wizualna specjalizuj\u0105ca si\u0119 w mediach cyfrowych i postcyfrowych. Re\u017cyserka \u015bwiate\u0142 i multimedi\u00f3w, autorka instalacji. Absolwentka Sztuki Medi\u00f3w na Akademii Sztuk Pi\u0119knych we Wroc\u0142awiu (2022) oraz Wiedzy o teatrze na Uniwersytecie Jagiello\u0144skim (2017). Dwukrotna laureatka stypendium tw\u00f3rczego Ministra Kultury i Dziedzictwa Narodowego (2024 i 2021), laureatka programu mentorskiego OP_YOUNG wroc\u0142awskiej Galerii OP_ENHEIM (2023), laureatka X Og\u00f3lnopolskiego Konkursu Najlepszych Dyplom\u00f3w Sztuki Medi\u00f3w (2023), zdobywczyni Nagrody&#8230;<\/p>\n","protected":false},"author":9,"featured_media":9183,"parent":4116,"menu_order":20,"comment_status":"closed","ping_status":"closed","template":"","meta":{"_acf_changed":false,"footnotes":""},"class_list":["post-9181","page","type-page","status-publish","has-post-thumbnail","hentry"],"acf":[],"_links":{"self":[{"href":"https:\/\/openheim.org\/pl\/wp-json\/wp\/v2\/pages\/9181","targetHints":{"allow":["GET"]}}],"collection":[{"href":"https:\/\/openheim.org\/pl\/wp-json\/wp\/v2\/pages"}],"about":[{"href":"https:\/\/openheim.org\/pl\/wp-json\/wp\/v2\/types\/page"}],"author":[{"embeddable":true,"href":"https:\/\/openheim.org\/pl\/wp-json\/wp\/v2\/users\/9"}],"replies":[{"embeddable":true,"href":"https:\/\/openheim.org\/pl\/wp-json\/wp\/v2\/comments?post=9181"}],"version-history":[{"count":7,"href":"https:\/\/openheim.org\/pl\/wp-json\/wp\/v2\/pages\/9181\/revisions"}],"predecessor-version":[{"id":9187,"href":"https:\/\/openheim.org\/pl\/wp-json\/wp\/v2\/pages\/9181\/revisions\/9187"}],"up":[{"embeddable":true,"href":"https:\/\/openheim.org\/pl\/wp-json\/wp\/v2\/pages\/4116"}],"wp:featuredmedia":[{"embeddable":true,"href":"https:\/\/openheim.org\/pl\/wp-json\/wp\/v2\/media\/9183"}],"wp:attachment":[{"href":"https:\/\/openheim.org\/pl\/wp-json\/wp\/v2\/media?parent=9181"}],"curies":[{"name":"wp","href":"https:\/\/api.w.org\/{rel}","templated":true}]}}