{"id":9192,"date":"2024-03-22T13:41:08","date_gmt":"2024-03-22T12:41:08","guid":{"rendered":"https:\/\/openheim.org\/pl\/?page_id=9192"},"modified":"2024-03-22T15:03:10","modified_gmt":"2024-03-22T14:03:10","slug":"op_young-marcin-derda","status":"publish","type":"page","link":"https:\/\/openheim.org\/pl\/projekty\/op_young\/op_young-marcin-derda\/","title":{"rendered":"OP_YOUNG | Marcin Derda"},"content":{"rendered":"<p><b>Marcin Derda <\/b><span style=\"font-weight: 400;\">(ur. 2000, Konin) \u2013 artysta, rze\u017abiarz, performer, autor instalacji i wideo. Absolwent Pa\u0144stwowego Liceum Sztuk Plastycznych w Ko\u015bcielcu, od 2020 student rze\u017aby na Akademii Sztuk Pi\u0119knych im. Eugeniusza Gepperta we Wroc\u0142awiu w pracowni prof. Gra\u017cyny Jaskierskiej-Albrzykowskiej. Laureat stypendi\u00f3w i konkurs\u00f3w artystycznych m in.: stypendium Ministra Kultury i Dziedzictwa Narodowego (2020), Prezydenta Miasta Wroc\u0142awia (2021), Laureat I Nagrody w konkursie Super Forma (2022). Jego prace prezentowane by\u0142y na licznych wystawach indywidualnych i zbiorowych w kraju i za granic\u0105.<\/span><\/p>\n<p><a href=\"https:\/\/www.instagram.com\/marcinderda_\/\" target=\"_blank\" rel=\"noopener\">PORTFOLIO >>MARCIN DERDA<<<\/a><\/p>\n","protected":false},"excerpt":{"rendered":"<p>Marcin Derda (ur. 2000, Konin) \u2013 artysta, rze\u017abiarz, performer, autor instalacji i wideo. Absolwent Pa\u0144stwowego Liceum Sztuk Plastycznych w Ko\u015bcielcu, od 2020 student rze\u017aby na Akademii Sztuk Pi\u0119knych im. Eugeniusza Gepperta we Wroc\u0142awiu w pracowni prof. Gra\u017cyny Jaskierskiej-Albrzykowskiej. Laureat stypendi\u00f3w i konkurs\u00f3w artystycznych m in.: stypendium Ministra Kultury i Dziedzictwa Narodowego (2020), Prezydenta Miasta Wroc\u0142awia (2021), Laureat I Nagrody w konkursie Super Forma (2022). Jego prace prezentowane by\u0142y na licznych&#8230;<\/p>\n","protected":false},"author":9,"featured_media":9193,"parent":4116,"menu_order":19,"comment_status":"closed","ping_status":"closed","template":"","meta":{"_acf_changed":false,"footnotes":""},"class_list":["post-9192","page","type-page","status-publish","has-post-thumbnail","hentry"],"acf":[],"_links":{"self":[{"href":"https:\/\/openheim.org\/pl\/wp-json\/wp\/v2\/pages\/9192","targetHints":{"allow":["GET"]}}],"collection":[{"href":"https:\/\/openheim.org\/pl\/wp-json\/wp\/v2\/pages"}],"about":[{"href":"https:\/\/openheim.org\/pl\/wp-json\/wp\/v2\/types\/page"}],"author":[{"embeddable":true,"href":"https:\/\/openheim.org\/pl\/wp-json\/wp\/v2\/users\/9"}],"replies":[{"embeddable":true,"href":"https:\/\/openheim.org\/pl\/wp-json\/wp\/v2\/comments?post=9192"}],"version-history":[{"count":4,"href":"https:\/\/openheim.org\/pl\/wp-json\/wp\/v2\/pages\/9192\/revisions"}],"predecessor-version":[{"id":9199,"href":"https:\/\/openheim.org\/pl\/wp-json\/wp\/v2\/pages\/9192\/revisions\/9199"}],"up":[{"embeddable":true,"href":"https:\/\/openheim.org\/pl\/wp-json\/wp\/v2\/pages\/4116"}],"wp:featuredmedia":[{"embeddable":true,"href":"https:\/\/openheim.org\/pl\/wp-json\/wp\/v2\/media\/9193"}],"wp:attachment":[{"href":"https:\/\/openheim.org\/pl\/wp-json\/wp\/v2\/media?parent=9192"}],"curies":[{"name":"wp","href":"https:\/\/api.w.org\/{rel}","templated":true}]}}