{"id":9202,"date":"2024-03-22T13:50:28","date_gmt":"2024-03-22T12:50:28","guid":{"rendered":"https:\/\/openheim.org\/pl\/?page_id=9202"},"modified":"2024-03-22T13:53:49","modified_gmt":"2024-03-22T12:53:49","slug":"op_young-ala-savashevich","status":"publish","type":"page","link":"https:\/\/openheim.org\/pl\/projekty\/op_young\/op_young-ala-savashevich\/","title":{"rendered":"OP_YOUNG | Ala Savashevich"},"content":{"rendered":"<p><b>Ala Savashevich<\/b><span style=\"font-weight: 400;\"> (ur.1989, Stolin) \u2013 artystka bia\u0142oruskiego pochodzenia, tworzy rze\u017aby, instalacje i prace wideo. Studiowa\u0142a rze\u017ab\u0119 w Bia\u0142oruskiej Pa\u0144stwowej Akademii Sztuki w Mi\u0144sku oraz Akademii Sztuk Pi\u0119knych im. Eugeniusza Gepperta we Wroc\u0142awiu, obecnie doktorantka Akademii Sztuk Pi\u0119knych w Krakowie. W swoich pracach podejmuje tematy pami\u0119ci zbiorowej i formowania to\u017csamo\u015bci w spo\u0142ecze\u0144stwach z do\u015bwiadczeniem autorytaryzmu i patriarchatu. Szczeg\u00f3lnie interesuj\u0105 j\u0105 mechanizmy socjalizacji do roli kobiety w systemach rodzinnych, edukacyjnych i przez p\u0142ciowy podzia\u0142 pracy. Przepracowuj\u0105c histori\u0119 wyzysku i przemocy, wizualizuje tak\u017ce perspektywy odzyskania sprawczo\u015bci, solidarno\u015bci i wolno\u015bci. Mieszka i pracuje we Wroc\u0142awiu.\u00a0<\/span><\/p>\n<p><a href=\"https:\/\/alasavashevich.com\/\" target=\"_blank\" rel=\"noopener\">PORTFOLIO >>ALA SAVASHEVICH<<<\/a><\/p>\n","protected":false},"excerpt":{"rendered":"<p>Ala Savashevich (ur.1989, Stolin) \u2013 artystka bia\u0142oruskiego pochodzenia, tworzy rze\u017aby, instalacje i prace wideo. Studiowa\u0142a rze\u017ab\u0119 w Bia\u0142oruskiej Pa\u0144stwowej Akademii Sztuki w Mi\u0144sku oraz Akademii Sztuk Pi\u0119knych im. Eugeniusza Gepperta we Wroc\u0142awiu, obecnie doktorantka Akademii Sztuk Pi\u0119knych w Krakowie. W swoich pracach podejmuje tematy pami\u0119ci zbiorowej i formowania to\u017csamo\u015bci w spo\u0142ecze\u0144stwach z do\u015bwiadczeniem autorytaryzmu i patriarchatu. Szczeg\u00f3lnie interesuj\u0105 j\u0105 mechanizmy socjalizacji do roli kobiety w systemach rodzinnych, edukacyjnych i przez&#8230;<\/p>\n","protected":false},"author":9,"featured_media":9102,"parent":4116,"menu_order":18,"comment_status":"closed","ping_status":"closed","template":"","meta":{"_acf_changed":false,"footnotes":""},"class_list":["post-9202","page","type-page","status-publish","has-post-thumbnail","hentry"],"acf":[],"_links":{"self":[{"href":"https:\/\/openheim.org\/pl\/wp-json\/wp\/v2\/pages\/9202","targetHints":{"allow":["GET"]}}],"collection":[{"href":"https:\/\/openheim.org\/pl\/wp-json\/wp\/v2\/pages"}],"about":[{"href":"https:\/\/openheim.org\/pl\/wp-json\/wp\/v2\/types\/page"}],"author":[{"embeddable":true,"href":"https:\/\/openheim.org\/pl\/wp-json\/wp\/v2\/users\/9"}],"replies":[{"embeddable":true,"href":"https:\/\/openheim.org\/pl\/wp-json\/wp\/v2\/comments?post=9202"}],"version-history":[{"count":6,"href":"https:\/\/openheim.org\/pl\/wp-json\/wp\/v2\/pages\/9202\/revisions"}],"predecessor-version":[{"id":9212,"href":"https:\/\/openheim.org\/pl\/wp-json\/wp\/v2\/pages\/9202\/revisions\/9212"}],"up":[{"embeddable":true,"href":"https:\/\/openheim.org\/pl\/wp-json\/wp\/v2\/pages\/4116"}],"wp:featuredmedia":[{"embeddable":true,"href":"https:\/\/openheim.org\/pl\/wp-json\/wp\/v2\/media\/9102"}],"wp:attachment":[{"href":"https:\/\/openheim.org\/pl\/wp-json\/wp\/v2\/media?parent=9202"}],"curies":[{"name":"wp","href":"https:\/\/api.w.org\/{rel}","templated":true}]}}