{"id":9889,"date":"2024-08-03T13:50:17","date_gmt":"2024-08-03T11:50:17","guid":{"rendered":"https:\/\/openheim.org\/pl\/?page_id=9889"},"modified":"2024-10-30T14:07:12","modified_gmt":"2024-10-30T13:07:12","slug":"op_young-aleksandra-blach","status":"publish","type":"page","link":"https:\/\/openheim.org\/pl\/op_young-aleksandra-blach\/","title":{"rendered":"OP_Young | Aleksandra B\u0142ach"},"content":{"rendered":"<p><strong>Aleksandra B\u0142ach<\/strong> (ur. 1997, Malbork) mieszka i tworzy we Wroc\u0142awiu. Absolwentka Akademii Sztuk Pi\u0119knych im. Eugeniusza Gepperta, kierunek Rze\u017aba. W 2024 roku dyplom zrealizowa\u0142a w ramach prowadzonej przez prof. Gra\u017cyn\u0119 Jaskiersk\u0105-Albrzykowsk\u0105 III Pracowni Rze\u017aby. Podejmuje r\u00f3\u017cne dzia\u0142ania artystyczne (performans, rze\u017aba, rysunek), a tak\u017ce interesuje si\u0119 lalkarstwem azjatyckim. Tworzy g\u0142\u00f3wnie obiekty w masie papierowej, \u017cywicy oraz w gipsie. Kreuj\u0105c swoje prace, g\u0142\u00f3wnie skupia si\u0119 na w\u0105tkach cielesnych, samotno\u015bci, a tak\u017ce refleksj\u0105 nad kruch\u0105 psychik\u0105 ludzk\u0105.<\/p>\n<p><a href=\"https:\/\/openheim.org\/wp-content\/uploads\/2024\/10\/Aleksandra-Blach-portfolio.pdf\" target=\"_blank\" rel=\"noopener\">PORTFOLIO >>ALEKSANDRA B\u0141ACH<<<\/a><\/p>\n<p>______<\/p>\n<p><img decoding=\"async\" class=\"alignnone wp-image-9540\" src=\"https:\/\/openheim.org\/wp-content\/uploads\/2024\/05\/mam25lat-poziom-925x222.png\" alt=\"\" width=\"158\" height=\"38\" srcset=\"https:\/\/openheim.org\/wp-content\/uploads\/2024\/05\/mam25lat-poziom-925x222.png 925w, https:\/\/openheim.org\/wp-content\/uploads\/2024\/05\/mam25lat-poziom-1024x246.png 1024w, https:\/\/openheim.org\/wp-content\/uploads\/2024\/05\/mam25lat-poziom-768x185.png 768w, https:\/\/openheim.org\/wp-content\/uploads\/2024\/05\/mam25lat-poziom-1536x369.png 1536w, https:\/\/openheim.org\/wp-content\/uploads\/2024\/05\/mam25lat-poziom-2048x492.png 2048w\" sizes=\"(max-width: 158px) 100vw, 158px\" \/><\/p>\n<p>Projekt dofinansowano z bud\u017cetu Samorz\u0105du Wojew\u00f3dztwa Dolno\u015bl\u0105skiego.<\/p>\n","protected":false},"excerpt":{"rendered":"<p>Aleksandra B\u0142ach (ur. 1997, Malbork) mieszka i tworzy we Wroc\u0142awiu. Absolwentka Akademii Sztuk Pi\u0119knych im. Eugeniusza Gepperta, kierunek Rze\u017aba. W 2024 roku dyplom zrealizowa\u0142a w ramach prowadzonej przez prof. Gra\u017cyn\u0119 Jaskiersk\u0105-Albrzykowsk\u0105 III Pracowni Rze\u017aby. Podejmuje r\u00f3\u017cne dzia\u0142ania artystyczne (performans, rze\u017aba, rysunek), a tak\u017ce interesuje si\u0119 lalkarstwem azjatyckim. Tworzy g\u0142\u00f3wnie obiekty w masie papierowej, \u017cywicy oraz w gipsie. Kreuj\u0105c swoje prace, g\u0142\u00f3wnie skupia si\u0119 na w\u0105tkach cielesnych, samotno\u015bci, a tak\u017ce refleksj\u0105&#8230;<\/p>\n","protected":false},"author":9,"featured_media":9890,"parent":0,"menu_order":10,"comment_status":"closed","ping_status":"closed","template":"","meta":{"_acf_changed":false,"footnotes":""},"class_list":["post-9889","page","type-page","status-publish","has-post-thumbnail","hentry"],"acf":[],"_links":{"self":[{"href":"https:\/\/openheim.org\/pl\/wp-json\/wp\/v2\/pages\/9889","targetHints":{"allow":["GET"]}}],"collection":[{"href":"https:\/\/openheim.org\/pl\/wp-json\/wp\/v2\/pages"}],"about":[{"href":"https:\/\/openheim.org\/pl\/wp-json\/wp\/v2\/types\/page"}],"author":[{"embeddable":true,"href":"https:\/\/openheim.org\/pl\/wp-json\/wp\/v2\/users\/9"}],"replies":[{"embeddable":true,"href":"https:\/\/openheim.org\/pl\/wp-json\/wp\/v2\/comments?post=9889"}],"version-history":[{"count":5,"href":"https:\/\/openheim.org\/pl\/wp-json\/wp\/v2\/pages\/9889\/revisions"}],"predecessor-version":[{"id":9900,"href":"https:\/\/openheim.org\/pl\/wp-json\/wp\/v2\/pages\/9889\/revisions\/9900"}],"wp:featuredmedia":[{"embeddable":true,"href":"https:\/\/openheim.org\/pl\/wp-json\/wp\/v2\/media\/9890"}],"wp:attachment":[{"href":"https:\/\/openheim.org\/pl\/wp-json\/wp\/v2\/media?parent=9889"}],"curies":[{"name":"wp","href":"https:\/\/api.w.org\/{rel}","templated":true}]}}